{"id":1002,"date":"2025-09-22T15:39:55","date_gmt":"2025-09-22T13:39:55","guid":{"rendered":"https:\/\/colscitech.edilf.eu\/?page_id=1002"},"modified":"2025-12-28T13:28:55","modified_gmt":"2025-12-28T12:28:55","slug":"livres-des-resumes-2","status":"publish","type":"page","link":"https:\/\/colscitech.edilf.eu\/index.php\/livres-des-resumes-2\/","title":{"rendered":"Livres des r\u00e9sum\u00e9s Edition 2"},"content":{"rendered":"\t\t<div data-elementor-type=\"wp-page\" data-elementor-id=\"1002\" class=\"elementor elementor-1002\">\n\t\t\t\t<div class=\"elementor-element elementor-element-c98af88 e-flex e-con-boxed e-con e-parent\" data-id=\"c98af88\" data-element_type=\"container\">\n\t\t\t\t\t<div class=\"e-con-inner\">\n\t\t\t\t<div class=\"elementor-element elementor-element-27fef07 elementor-widget elementor-widget-text-editor\" data-id=\"27fef07\" data-element_type=\"widget\" data-widget_type=\"text-editor.default\">\n\t\t\t\t<div class=\"elementor-widget-container\">\n\t\t\t\t\t\t\t\t\t<h4>C&rsquo;est quoi les Actes de Conf\u00e9rence?<\/h4><p>Dans les milieux acad\u00e9miques, les <b>actes de congr\u00e8s<\/b>, <b>actes de conf\u00e9rence<\/b> ou <b>comptes-rendus de conf\u00e9rence<\/b> (en anglais <b>conference proceeding<\/b>) sont le recueil des communications faites lors d\u2019un <a title=\"Congr\u00e8s scientifique\" href=\"https:\/\/fr.wikipedia.org\/wiki\/Congr%C3%A8s_scientifique\">congr\u00e8s scientifique<\/a> et <a class=\"mw-redirect\" title=\"\u00c9dition (activit\u00e9)\" href=\"https:\/\/fr.wikipedia.org\/wiki\/%C3%89dition_(activit%C3%A9)\">publi\u00e9es<\/a> avant ou, le plus souvent, \u00e0 la suite de ce congr\u00e8s. Les actes de congr\u00e8s, traditionnellement publi\u00e9s sous forme imprim\u00e9e, peuvent aussi \u00eatre disponibles sur support num\u00e9rique ou directement <a title=\"Internet\" href=\"https:\/\/fr.wikipedia.org\/wiki\/Internet\">en ligne<\/a>. Le document constitue les <a title=\"Archives\" href=\"https:\/\/fr.wikipedia.org\/wiki\/Archives\">archives<\/a> des pr\u00e9sentations orales faites lors du congr\u00e8s.<\/p><p><span style=\"text-decoration: underline;\">Source<\/span>: https:\/\/fr.wikipedia.org\/wiki\/Actes_de_congr%C3%A8s<\/p><div class=\"wp-block-column is-layout-flow wp-block-column-is-layout-flow\"><h4 id=\"h-what-is-an-abstract-book\" class=\"wp-block-heading\">What is an Abstract Book<\/h4><p>An abstract book is a comprehensive collection of all abstracts from a specific academic event, such as a conference, symposium, workshop, seminar, or congress. It includes abstracts of various types of conference contributions such as research papers, posters, talks, keynote speeches, and other academic contributions that will be presented at a conference or symposium. Each abstract provides a concise overview of the presented work, detailing the research objectives, methods, key results, and conclusions.<\/p><p>Source : https:\/\/aijr.org\/abstractbook\/<\/p><\/div>\t\t\t\t\t\t\t\t<\/div>\n\t\t\t\t<\/div>\n\t\t\t\t\t<\/div>\n\t\t\t\t<\/div>\n\t\t<div class=\"elementor-element elementor-element-ff15b72 e-flex e-con-boxed e-con e-parent\" data-id=\"ff15b72\" data-element_type=\"container\">\n\t\t\t\t\t<div class=\"e-con-inner\">\n\t\t\t\t<div class=\"elementor-element elementor-element-3bd3043 elementor-widget elementor-widget-heading\" data-id=\"3bd3043\" data-element_type=\"widget\" data-widget_type=\"heading.default\">\n\t\t\t\t<div class=\"elementor-widget-container\">\n\t\t\t\t\t<h4 class=\"elementor-heading-title elementor-size-default\"><a href=\"https:\/\/colscitech.edilf.eu\/wp-content\/uploads\/2025\/12\/Livre_des_resumes_final_22sept2025_bon.pdf\">2\u00e8me  \u00c9dition19, 20 et 21 juin 2025: Cliquez pour TELECHARGER.<\/a><\/h4>\t\t\t\t<\/div>\n\t\t\t\t<\/div>\n\t\t\t\t\t<\/div>\n\t\t\t\t<\/div>\n\t\t<div class=\"elementor-element elementor-element-0adbffe e-flex e-con-boxed e-con e-parent\" data-id=\"0adbffe\" data-element_type=\"container\">\n\t\t\t\t\t<div class=\"e-con-inner\">\n\t\t\t\t<div class=\"elementor-element elementor-element-bf23ba4 elementor-widget elementor-widget-shortcode\" data-id=\"bf23ba4\" data-element_type=\"widget\" data-widget_type=\"shortcode.default\">\n\t\t\t\t<div class=\"elementor-widget-container\">\n\t\t\t\t\t\t\t<div class=\"elementor-shortcode\"><div class=\"_df_book df-lite\" id=\"df_1344\"  _slug=\"livre-des-resumes-cisser-edition-2\" data-title=\"livre-des-resumes-cisser-edition-2\" wpoptions=\"true\" thumb=\"https:\/\/colscitech.edilf.eu\/wp-content\/uploads\/2025\/09\/VignetteEd2.png\" thumbtype=\"\" ><\/div><script class=\"df-shortcode-script\" nowprocket type=\"application\/javascript\">window.option_df_1344 = {\"outline\":[],\"autoEnableOutline\":\"false\",\"autoEnableThumbnail\":\"false\",\"overwritePDFOutline\":\"false\",\"direction\":\"1\",\"pageSize\":\"0\",\"source\":\"https:\\\/\\\/colscitech.edilf.eu\\\/wp-content\\\/uploads\\\/2025\\\/12\\\/Livre_des_resumes_final_22sept2025_bon.pdf\",\"wpOptions\":\"true\"}; if(window.DFLIP && window.DFLIP.parseBooks){window.DFLIP.parseBooks();}<\/script><\/div>\n\t\t\t\t\t\t<\/div>\n\t\t\t\t<\/div>\n\t\t\t\t\t<\/div>\n\t\t\t\t<\/div>\n\t\t\t\t<\/div>\n\t\t","protected":false},"excerpt":{"rendered":"<p>C&rsquo;est quoi les Actes de Conf\u00e9rence? Dans les milieux acad\u00e9miques, les actes de congr\u00e8s, actes de conf\u00e9rence ou comptes-rendus de conf\u00e9rence (en anglais conference proceeding) sont le recueil des communications faites lors d\u2019un congr\u00e8s scientifique et publi\u00e9es avant ou, le [&#8230;]<\/p>\n","protected":false},"author":1,"featured_media":0,"parent":0,"menu_order":0,"comment_status":"closed","ping_status":"closed","template":"","meta":{"footnotes":""},"class_list":["post-1002","page","type-page","status-publish","hentry"],"_links":{"self":[{"href":"https:\/\/colscitech.edilf.eu\/index.php\/wp-json\/wp\/v2\/pages\/1002","targetHints":{"allow":["GET"]}}],"collection":[{"href":"https:\/\/colscitech.edilf.eu\/index.php\/wp-json\/wp\/v2\/pages"}],"about":[{"href":"https:\/\/colscitech.edilf.eu\/index.php\/wp-json\/wp\/v2\/types\/page"}],"author":[{"embeddable":true,"href":"https:\/\/colscitech.edilf.eu\/index.php\/wp-json\/wp\/v2\/users\/1"}],"replies":[{"embeddable":true,"href":"https:\/\/colscitech.edilf.eu\/index.php\/wp-json\/wp\/v2\/comments?post=1002"}],"version-history":[{"count":16,"href":"https:\/\/colscitech.edilf.eu\/index.php\/wp-json\/wp\/v2\/pages\/1002\/revisions"}],"predecessor-version":[{"id":1355,"href":"https:\/\/colscitech.edilf.eu\/index.php\/wp-json\/wp\/v2\/pages\/1002\/revisions\/1355"}],"wp:attachment":[{"href":"https:\/\/colscitech.edilf.eu\/index.php\/wp-json\/wp\/v2\/media?parent=1002"}],"curies":[{"name":"wp","href":"https:\/\/api.w.org\/{rel}","templated":true}]}}