{"id":1086,"date":"2025-12-14T02:43:10","date_gmt":"2025-12-14T01:43:10","guid":{"rendered":"https:\/\/colscitech.edilf.eu\/?page_id=1086"},"modified":"2025-12-14T03:19:40","modified_gmt":"2025-12-14T02:19:40","slug":"paiements","status":"publish","type":"page","link":"https:\/\/colscitech.edilf.eu\/index.php\/paiements\/","title":{"rendered":"Paiements Ed3"},"content":{"rendered":"<div class=\"entry-content\">\n<div id=\"primary\" class=\"content-area clr\">\n<div id=\"content\" class=\"site-content clr\">\n<article class=\"single-page-article clr\">\n<div class=\"entry clr\">\n<p>Les frais de participation au colloque sont destin\u00e9es aux frais de gestion et d\u2019infrastructure (assurer les retranscription en direct), les repas et pauses d\u00e9jeuners sur place et sont fix\u00e9s comme suit:<\/p>\n<ul>\n<li>Doctorants:\n<ul>\n<li><strong>10.000F CFA<\/strong> par <strong>vid\u00e9oconf\u00e9rence<\/strong> ou en pr\u00e9sentiel <strong>sur place \u00e0 Koudougou<\/strong><\/li>\n<\/ul>\n<\/li>\n<li>Enseignants, chercheurs, docteurs et ing\u00e9nieurs:\n<ul>\n<li><strong>20.000 FCFA<\/strong>\u00a0par <strong>vid\u00e9oconf\u00e9rence <\/strong>ou en pr\u00e9sentiel<strong> sur place \u00e0 Koudougou<\/strong><\/li>\n<\/ul>\n<\/li>\n<\/ul>\n<p>Au plus tard trois (03) jours avant le d\u00e9but du colloque, les auteurs dont les r\u00e9sum\u00e9s ont \u00e9t\u00e9 accept\u00e9s en seront inform\u00e9s par mail\u00a0 et ils pourront proc\u00e9der aux r\u00e8glements de leurs frais par <strong>Monnaie \u00c9lectronique<\/strong> (Orange Money ou Moov Money), par <strong>carte bancaire VISA<\/strong> ou en <strong>esp\u00e8ces sur place<\/strong>.<\/p>\n<\/div>\n<\/article>\n<\/div>\n<\/div>\n<\/div>\n","protected":false},"excerpt":{"rendered":"<p>Les frais de participation au colloque sont destin\u00e9es aux frais de gestion et d\u2019infrastructure (assurer les retranscription en direct), les repas et pauses d\u00e9jeuners sur place et sont fix\u00e9s comme suit: Doctorants: 10.000F CFA par vid\u00e9oconf\u00e9rence ou en pr\u00e9sentiel sur [&#8230;]<\/p>\n","protected":false},"author":1,"featured_media":0,"parent":0,"menu_order":0,"comment_status":"closed","ping_status":"closed","template":"","meta":{"footnotes":""},"class_list":["post-1086","page","type-page","status-publish","hentry"],"_links":{"self":[{"href":"https:\/\/colscitech.edilf.eu\/index.php\/wp-json\/wp\/v2\/pages\/1086","targetHints":{"allow":["GET"]}}],"collection":[{"href":"https:\/\/colscitech.edilf.eu\/index.php\/wp-json\/wp\/v2\/pages"}],"about":[{"href":"https:\/\/colscitech.edilf.eu\/index.php\/wp-json\/wp\/v2\/types\/page"}],"author":[{"embeddable":true,"href":"https:\/\/colscitech.edilf.eu\/index.php\/wp-json\/wp\/v2\/users\/1"}],"replies":[{"embeddable":true,"href":"https:\/\/colscitech.edilf.eu\/index.php\/wp-json\/wp\/v2\/comments?post=1086"}],"version-history":[{"count":2,"href":"https:\/\/colscitech.edilf.eu\/index.php\/wp-json\/wp\/v2\/pages\/1086\/revisions"}],"predecessor-version":[{"id":1099,"href":"https:\/\/colscitech.edilf.eu\/index.php\/wp-json\/wp\/v2\/pages\/1086\/revisions\/1099"}],"wp:attachment":[{"href":"https:\/\/colscitech.edilf.eu\/index.php\/wp-json\/wp\/v2\/media?parent=1086"}],"curies":[{"name":"wp","href":"https:\/\/api.w.org\/{rel}","templated":true}]}}