{"id":1088,"date":"2025-12-14T02:45:01","date_gmt":"2025-12-14T01:45:01","guid":{"rendered":"https:\/\/colscitech.edilf.eu\/?page_id=1088"},"modified":"2025-12-15T01:23:43","modified_gmt":"2025-12-15T00:23:43","slug":"connexion-a-la-plateforme-en-ligne","status":"publish","type":"page","link":"https:\/\/colscitech.edilf.eu\/index.php\/connexion-a-la-plateforme-en-ligne\/","title":{"rendered":"Connexion \u00e0 la plateforme en ligne"},"content":{"rendered":"<div class=\"entry-content\">\n<p><strong>Bienvenue!<\/strong><br \/>\nLa soumission de r\u00e9sum\u00e9\u00a0 se fait <strong>enti\u00e8rement ligne<\/strong>, en <strong>deux \u00e9tapes<\/strong>.<\/p>\n<p>1) Dans la premi\u00e8re \u00e9tape, vous devez <strong>d\u2019abord cr\u00e9er votre compte en ligne <\/strong>(ignorez cette \u00e9tape si vous avez d\u00e9j\u00e0 un compte sur cette plateforme)<strong>.<\/strong><\/p>\n<p>Il suffit vous suffira de cliquer le lien <strong>\u00ab\u00a0Cr\u00e9er un compte\u00a0\u00bb<\/strong> en bas vers la fin de cette page pour cr\u00e9er votre compte:<\/p>\n<p>2) Une fois votre compte cr\u00e9\u00e9, il faut se connecter avec votre <strong>identifiant<\/strong> (adresse mail fournie) et <strong>votre mot de passe <\/strong>sur cette plateforme.\u00a0 Ensuite il faut cliquer le bouton<strong> \u00ab\u00a0Nouveau r\u00e9sum\u00e9\u00a0\u00bb<\/strong> comme illustr\u00e9 ci-dessous avec un <strong>rectangle bleu<\/strong> pour soumettre votre r\u00e9sum\u00e9. Maximum deux (02) r\u00e9sum\u00e9s avec le m\u00eame premier auteur.<\/p>\n<p><img fetchpriority=\"high\" decoding=\"async\" class=\"alignnone size-full wp-image-1114\" src=\"http:\/\/colscitech.edilf.eu\/wp-content\/uploads\/2025\/12\/Connexionplateforme.png\" alt=\"\" width=\"824\" height=\"134\" srcset=\"https:\/\/colscitech.edilf.eu\/wp-content\/uploads\/2025\/12\/Connexionplateforme.png 824w, https:\/\/colscitech.edilf.eu\/wp-content\/uploads\/2025\/12\/Connexionplateforme-300x49.png 300w, https:\/\/colscitech.edilf.eu\/wp-content\/uploads\/2025\/12\/Connexionplateforme-768x125.png 768w\" sizes=\"(max-width: 824px) 100vw, 824px\" \/><\/p>\n<p>3) Les informations de votre profil peuvent \u00eatre compl\u00e9t\u00e9s ou corrig\u00e9s en cliquant le bouton<strong> \u00ab\u00a0Mon profil<\/strong> comme illustr\u00e9 ci-dessus avec un <strong>rectangle rouge.<\/strong><\/p>\n<p>En cas de difficult\u00e9s, \u00e9crivez un mail \u00e0 <strong>aisser2025@gmail.com<\/strong>, ou envoyez un message WhatsApp au <strong>+22658076473<\/strong><\/p>\n<p><strong>Cliquez ici pour vous connecter \u00e0 la <a href=\"https:\/\/colscitech.edilf.eu\/index.php\/plateforme-en-ligne\/\">Plateforme en ligne<\/a>\u00a0<\/strong><\/p>\n<\/div>\n","protected":false},"excerpt":{"rendered":"<p>Bienvenue! La soumission de r\u00e9sum\u00e9\u00a0 se fait enti\u00e8rement ligne, en deux \u00e9tapes. 1) Dans la premi\u00e8re \u00e9tape, vous devez d\u2019abord cr\u00e9er votre compte en ligne (ignorez cette \u00e9tape si vous avez d\u00e9j\u00e0 un compte sur cette plateforme). Il suffit vous [&#8230;]<\/p>\n","protected":false},"author":1,"featured_media":0,"parent":0,"menu_order":0,"comment_status":"closed","ping_status":"closed","template":"","meta":{"footnotes":""},"class_list":["post-1088","page","type-page","status-publish","hentry"],"_links":{"self":[{"href":"https:\/\/colscitech.edilf.eu\/index.php\/wp-json\/wp\/v2\/pages\/1088","targetHints":{"allow":["GET"]}}],"collection":[{"href":"https:\/\/colscitech.edilf.eu\/index.php\/wp-json\/wp\/v2\/pages"}],"about":[{"href":"https:\/\/colscitech.edilf.eu\/index.php\/wp-json\/wp\/v2\/types\/page"}],"author":[{"embeddable":true,"href":"https:\/\/colscitech.edilf.eu\/index.php\/wp-json\/wp\/v2\/users\/1"}],"replies":[{"embeddable":true,"href":"https:\/\/colscitech.edilf.eu\/index.php\/wp-json\/wp\/v2\/comments?post=1088"}],"version-history":[{"count":4,"href":"https:\/\/colscitech.edilf.eu\/index.php\/wp-json\/wp\/v2\/pages\/1088\/revisions"}],"predecessor-version":[{"id":1115,"href":"https:\/\/colscitech.edilf.eu\/index.php\/wp-json\/wp\/v2\/pages\/1088\/revisions\/1115"}],"wp:attachment":[{"href":"https:\/\/colscitech.edilf.eu\/index.php\/wp-json\/wp\/v2\/media?parent=1088"}],"curies":[{"name":"wp","href":"https:\/\/api.w.org\/{rel}","templated":true}]}}