{"id":1100,"date":"2025-12-14T03:22:23","date_gmt":"2025-12-14T02:22:23","guid":{"rendered":"https:\/\/colscitech.edilf.eu\/?page_id=1100"},"modified":"2025-12-17T17:46:15","modified_gmt":"2025-12-17T16:46:15","slug":"colloque-international-sur-les-sciences-et-linnovation-technologique-edition-3","status":"publish","type":"page","link":"https:\/\/colscitech.edilf.eu\/index.php\/colloque-international-sur-les-sciences-et-linnovation-technologique-edition-3\/","title":{"rendered":"Colloque International sur les Sciences et l\u2019Innovation Technologique, \u00c9dition 3"},"content":{"rendered":"<div class=\"entry-content\">\n<p>Le <strong>Colloque International sur les Sciences et l\u2019Innovation Technologique <\/strong>organis\u00e9 par le <strong>Laboratoire de Chimie Analytique, Physique Spatiale et \u00c9nerg\u00e9tique (L@CAPSE)<\/strong> est \u00e0 sa <strong>troisi\u00e8me \u00c9dition<\/strong>.<\/p>\n<p>Ces colloques visent deux (02) objectifs principaux :<\/p>\n<ol>\n<li>Att\u00e9nuer les contraintes des rencontres physiques et de calendrier, en privil\u00e9giant les rencontre virtuelles, tout en conservant les rencontre physiques pour leur commodit\u00e9.<\/li>\n<li>Rassembler les <strong>doctorants, chercheurs<\/strong>, <strong>enseignants<\/strong>, <strong>ing\u00e9nieurs<\/strong> et <strong>techniciens<\/strong> s\u2019int\u00e9ressant ou impliqu\u00e9s dans le d\u00e9veloppement des sciences et technologies des domaines de la <strong>Chimie<\/strong>, <strong>Physique<\/strong>, <strong>Nature et Agronomie<\/strong>,\u00a0 l\u2019<strong>Espace<\/strong>,\u00a0 <strong>\u00c9nergies Renouvelables<\/strong> et des sciences connexes autours d\u2019\u00e9changes scientifiques de haut niveau.<\/li>\n<\/ol>\n<p>Ce colloque<strong>\u00a0<\/strong> aura lieu \u00e0 <strong>Koudougou\/Burkina Faso<\/strong>,\u00a0du <strong>\u00a0Jeudi 08 au\u00a0 Samedi 10 janvier\u00a0 2026<\/strong>.<\/p>\n<p>Ce colloque volontairement <strong>bimodal<\/strong> (<strong>Pr\u00e9sentiel<\/strong> et <strong>En Ligne<\/strong>), tient \u00e0 lever les contraintes de calendriers et des ressources induites par les rencontres physiques tout en maintenant ces derni\u00e8res pour leur commodit\u00e9.<\/p>\n<p>Communications seront pr\u00e9sent\u00e9es sous forme <strong>orales<\/strong> <strong>uniquement<\/strong>.<\/p>\n<p><strong><u>Axe 1<\/u><\/strong>\u00a0: <strong>Physique et Chimie<\/strong><\/p>\n<p><strong><u>Axe 2<\/u><\/strong> : <strong>Sciences Spatiales \u00a0et \u00c9nergies Renouvelables<\/strong><\/p>\n<p><strong><u>Axe 3<\/u><\/strong>\u00a0: <strong>Informatique, Intelligence Artificielle \u00a0et Math\u00e9matiques Appliqu\u00e9es<\/strong><\/p>\n<p><strong><u>Axe 4<\/u><\/strong><strong>: Sciences de l\u2019ing\u00e9nieur (\u00c9lectronique, Automatismes, G\u00e9nies Civil, M\u00e9canique et\u00a0\u00c9lectrique)<\/strong><\/p>\n<p><strong><u>Axe 5<\/u><\/strong><strong>: Sciences Naturelles et Agronomie<\/strong><\/p>\n<p><strong>\u00a0<\/strong><u>Date limite de Soumission des r\u00e9sum\u00e9s\u00a0<\/u><strong>: Mardi 06 janvier 2026 \u00e0 <u>23h59<\/u><\/strong><\/p>\n<ul>\n<li><strong><u>Uniquement<\/u><\/strong><u>, <\/u>en ligne ici : <a href=\"https:\/\/colscitech.edilf.eu\/index.php\/connexion-a-la-plateforme-en-ligne-edition-3\/\">Soumission de r\u00e9sum\u00e9 en ligne<\/a><\/li>\n<li>En cas de <strong>difficult\u00e9 de soumission en ligne, \u00e9crire un mail<\/strong> \u00e0 :\u00a0<strong>aisser2025@gmail.com <\/strong>ou contactez-nous par<strong> WhatsApp <\/strong>au num\u00e9ro <strong>+22658076473<\/strong><\/li>\n<\/ul>\n<p><u>Frais de participation<\/u>\u00a0:<\/p>\n<p>\u2013 <strong>Doctorants<\/strong> (n\u2019ayant pas encore soutenu leur th\u00e8se)\u00a0: <strong>10.000 FCFA<\/strong><\/p>\n<p>\u2013\u00a0<strong>Ing\u00e9nieurs, <\/strong><strong>Docteurs,\u00a0 et Professeurs<\/strong>\u00a0: <strong>20.000 FCFA<\/strong><\/p>\n<p>Pour garantir la qualit\u00e9 des communications faites lors de ce colloque, les mesures suivantes sont prises:<\/p>\n<ol>\n<li>\u00a0Relecture et s\u00e9lection rigoureuse des r\u00e9sum\u00e9s par un Comit\u00e9 Scientifique International des experts de leurs domaines respectifs.<\/li>\n<li>Validation des communications orales faites par le Comit\u00e9 Scientifique International<\/li>\n<li>Publication du Livre des Actes du Colloques que vous pourrez parcourir ou t\u00e9l\u00e9charger en ligne sur cette plateforme.<\/li>\n<\/ol>\n<p>Pour assurer des examens crois\u00e9s des r\u00e9sum\u00e9s par pays, \u00a0nous demandons aux Ma\u00eetres de Conf\u00e9rences\/Ma\u00eetres de Recherches et Professeurs Titulaires\/Directeurs de Recherches de rejoindre le Comit\u00e9 Scientifique International en s\u2019inscrivant ici:<\/p>\n<p><a href=\"https:\/\/colscitech.edilf.eu\/index.php\/connexion-a-la-plateforme-en-ligne\/\"><strong>Cr\u00e9ation-de-compte-reviewer<\/strong><\/a><\/p>\n<p>Dans l\u2019attente de vous accueillir lors de ce colloque ou de vous compter parmi les membres du Comit\u00e9 Scientifique International, nous vous prions d\u2019agr\u00e9er Madame, Monsieur, l\u2019expression de nos salutations distingu\u00e9es.<\/p>\n<\/div>\n","protected":false},"excerpt":{"rendered":"<p>Le Colloque International sur les Sciences et l\u2019Innovation Technologique organis\u00e9 par le Laboratoire de Chimie Analytique, Physique Spatiale et \u00c9nerg\u00e9tique (L@CAPSE) est \u00e0 sa troisi\u00e8me \u00c9dition. Ces colloques visent deux (02) objectifs principaux : Att\u00e9nuer les contraintes des rencontres physiques [&#8230;]<\/p>\n","protected":false},"author":1,"featured_media":0,"parent":0,"menu_order":0,"comment_status":"closed","ping_status":"closed","template":"","meta":{"footnotes":""},"class_list":["post-1100","page","type-page","status-publish","hentry"],"_links":{"self":[{"href":"https:\/\/colscitech.edilf.eu\/index.php\/wp-json\/wp\/v2\/pages\/1100","targetHints":{"allow":["GET"]}}],"collection":[{"href":"https:\/\/colscitech.edilf.eu\/index.php\/wp-json\/wp\/v2\/pages"}],"about":[{"href":"https:\/\/colscitech.edilf.eu\/index.php\/wp-json\/wp\/v2\/types\/page"}],"author":[{"embeddable":true,"href":"https:\/\/colscitech.edilf.eu\/index.php\/wp-json\/wp\/v2\/users\/1"}],"replies":[{"embeddable":true,"href":"https:\/\/colscitech.edilf.eu\/index.php\/wp-json\/wp\/v2\/comments?post=1100"}],"version-history":[{"count":6,"href":"https:\/\/colscitech.edilf.eu\/index.php\/wp-json\/wp\/v2\/pages\/1100\/revisions"}],"predecessor-version":[{"id":1117,"href":"https:\/\/colscitech.edilf.eu\/index.php\/wp-json\/wp\/v2\/pages\/1100\/revisions\/1117"}],"wp:attachment":[{"href":"https:\/\/colscitech.edilf.eu\/index.php\/wp-json\/wp\/v2\/media?parent=1100"}],"curies":[{"name":"wp","href":"https:\/\/api.w.org\/{rel}","templated":true}]}}