{"id":1106,"date":"2025-12-14T03:35:30","date_gmt":"2025-12-14T02:35:30","guid":{"rendered":"https:\/\/colscitech.edilf.eu\/?page_id=1106"},"modified":"2026-01-02T01:10:03","modified_gmt":"2026-01-02T00:10:03","slug":"connexion-a-la-plateforme-en-ligne-edition-3","status":"publish","type":"page","link":"https:\/\/colscitech.edilf.eu\/index.php\/connexion-a-la-plateforme-en-ligne-edition-3\/","title":{"rendered":"Connexion \u00e0 la plateforme en ligne Edition 3"},"content":{"rendered":"<div class=\"entry-content\">\n<div class=\"Y3BBE\" data-sfc-cp=\"\" data-hveid=\"CAEIAxAA\" data-complete=\"true\"><strong class=\"Yjhzub\" data-complete=\"true\">Bienvenue sur votre espace scientifique !<\/strong><\/div>\n<div class=\"Y3BBE\" data-sfc-cp=\"\" data-hveid=\"CAEIAxAB\" data-complete=\"true\">Votre compte a \u00e9t\u00e9 cr\u00e9\u00e9 et activ\u00e9 automatiquement suite \u00e0 votre choix d&rsquo;axe th\u00e9matique. Vous \u00eates d\u00e9sormais connect\u00e9.<\/div>\n<div class=\"Y3BBE\" data-sfc-cp=\"\" data-hveid=\"CAEIAxAC\" data-complete=\"true\"><strong class=\"Yjhzub\" data-complete=\"true\">\u00c9tape finale : Soumission de votre r\u00e9sum\u00e9<\/strong><\/div>\n<div class=\"Y3BBE\" data-sfc-cp=\"\" data-hveid=\"CAEIAxAD\" data-complete=\"true\">Pour finaliser votre participation, il vous suffit de cliquer sur le bouton <strong class=\"Yjhzub\" data-complete=\"true\">\u00ab Nouveau r\u00e9sum\u00e9 \u00bb<\/strong> (illustr\u00e9 par le rectangle bleu ci-dessous).<\/div>\n<ul class=\"KsbFXc U6u95\" data-complete=\"true\">\n<li data-hveid=\"CAEIAxAE\" data-complete=\"true\" data-sae=\"\"><span class=\"T286Pc\" data-sfc-cp=\"\" data-complete=\"true\"><strong class=\"Yjhzub\" data-complete=\"true\">Identifiant :<\/strong> Votre adresse e-mail.<\/span><\/li>\n<li data-hveid=\"CAEIAxAF\" data-complete=\"true\" data-sae=\"\"><span class=\"T286Pc\" data-sfc-cp=\"\" data-complete=\"true\"><strong class=\"Yjhzub\" data-complete=\"true\">Mot de passe :<\/strong> Celui que vous venez de d\u00e9finir.<\/span><\/li>\n<li data-hveid=\"CAEIAxAG\" data-complete=\"true\" data-sae=\"\"><span class=\"T286Pc\" data-sfc-cp=\"\" data-complete=\"true\"><strong class=\"Yjhzub\" data-complete=\"true\">Limite :<\/strong> Vous pouvez soumettre un <strong>maximum de deux (02) r\u00e9sum\u00e9s en tant que <span style=\"text-decoration: underline;\">premier auteur<\/span><\/strong>.<\/span><\/li>\n<\/ul>\n<div class=\"Y3BBE\" data-sfc-cp=\"\" data-hveid=\"CAEIAxAH\" data-complete=\"true\"><strong><em class=\"eujQNb\" data-complete=\"true\">Si vous n&rsquo;\u00eates pas redirig\u00e9 automatiquement vers le formulaire de d\u00e9p\u00f4t, cliquez simplement sur le lien \u00ab\u00a0<span style=\"text-decoration: underline;\">Plateforme en ligne\u00a0\u00bb<\/span> vers la fin de cette page ci-dessous.<\/em><\/strong><\/div>\n<p><img fetchpriority=\"high\" decoding=\"async\" class=\"alignnone size-full wp-image-1114\" src=\"http:\/\/colscitech.edilf.eu\/wp-content\/uploads\/2025\/12\/Connexionplateforme.png\" alt=\"\" width=\"824\" height=\"134\" srcset=\"https:\/\/colscitech.edilf.eu\/wp-content\/uploads\/2025\/12\/Connexionplateforme.png 824w, https:\/\/colscitech.edilf.eu\/wp-content\/uploads\/2025\/12\/Connexionplateforme-300x49.png 300w, https:\/\/colscitech.edilf.eu\/wp-content\/uploads\/2025\/12\/Connexionplateforme-768x125.png 768w\" sizes=\"(max-width: 824px) 100vw, 824px\" \/><\/p>\n<p>3) Les informations de votre profil peuvent \u00eatre compl\u00e9t\u00e9s ou corrig\u00e9s en cliquant le bouton<strong> \u00ab\u00a0Mon profil<\/strong> comme illustr\u00e9 ci-dessus avec un <strong>rectangle rouge.<\/strong><\/p>\n<p>En cas de difficult\u00e9s, \u00e9crivez un mail \u00e0 <strong>aisser2025@gmail.com<\/strong>, ou envoyez un message WhatsApp au <strong>+22658076473<\/strong><\/p>\n<p><strong>Cliquez ici pour vous connecter \u00e0 la <a href=\"https:\/\/colscitech.edilf.eu\/index.php\/plateforme-en-ligne\/\">Plateforme en ligne<\/a>\u00a0<\/strong><\/p>\n<\/div>\n","protected":false},"excerpt":{"rendered":"<p>Bienvenue sur votre espace scientifique ! Votre compte a \u00e9t\u00e9 cr\u00e9\u00e9 et activ\u00e9 automatiquement suite \u00e0 votre choix d&rsquo;axe th\u00e9matique. Vous \u00eates d\u00e9sormais connect\u00e9. \u00c9tape finale : Soumission de votre r\u00e9sum\u00e9 Pour finaliser votre participation, il vous suffit de cliquer [&#8230;]<\/p>\n","protected":false},"author":1,"featured_media":0,"parent":0,"menu_order":0,"comment_status":"closed","ping_status":"closed","template":"","meta":{"footnotes":""},"class_list":["post-1106","page","type-page","status-publish","hentry"],"_links":{"self":[{"href":"https:\/\/colscitech.edilf.eu\/index.php\/wp-json\/wp\/v2\/pages\/1106","targetHints":{"allow":["GET"]}}],"collection":[{"href":"https:\/\/colscitech.edilf.eu\/index.php\/wp-json\/wp\/v2\/pages"}],"about":[{"href":"https:\/\/colscitech.edilf.eu\/index.php\/wp-json\/wp\/v2\/types\/page"}],"author":[{"embeddable":true,"href":"https:\/\/colscitech.edilf.eu\/index.php\/wp-json\/wp\/v2\/users\/1"}],"replies":[{"embeddable":true,"href":"https:\/\/colscitech.edilf.eu\/index.php\/wp-json\/wp\/v2\/comments?post=1106"}],"version-history":[{"count":5,"href":"https:\/\/colscitech.edilf.eu\/index.php\/wp-json\/wp\/v2\/pages\/1106\/revisions"}],"predecessor-version":[{"id":1156,"href":"https:\/\/colscitech.edilf.eu\/index.php\/wp-json\/wp\/v2\/pages\/1106\/revisions\/1156"}],"wp:attachment":[{"href":"https:\/\/colscitech.edilf.eu\/index.php\/wp-json\/wp\/v2\/media?parent=1106"}],"curies":[{"name":"wp","href":"https:\/\/api.w.org\/{rel}","templated":true}]}}