{"id":116,"date":"2024-12-29T01:54:56","date_gmt":"2024-12-29T00:54:56","guid":{"rendered":"https:\/\/colscitech.edilf.eu\/?page_id=116"},"modified":"2025-01-06T02:00:14","modified_gmt":"2025-01-06T01:00:14","slug":"anti-plagiat","status":"publish","type":"page","link":"https:\/\/colscitech.edilf.eu\/index.php\/anti-plagiat\/","title":{"rendered":"Anti plagiat"},"content":{"rendered":"<p>Le plagiat est le fait de s&rsquo;approprier les id\u00e9es, travaux des tierces personnes,\u00a0 <img fetchpriority=\"high\" decoding=\"async\" class=\"wp-image-337 alignright\" src=\"https:\/\/colscitech.edilf.eu\/wp-content\/uploads\/2025\/01\/PlagiarismCheckers.jpg\" alt=\"\" width=\"340\" height=\"276\" \/>sans les citer clairement.<\/p>\n<p>Cette pratique est tr\u00e8s nuisible \u00e0 la communaut\u00e9 scientifique. Par cons\u00e9quent EDILF la combat vigoureusement afin de garantir autant que faire se peut que les id\u00e9es et travaux pr\u00e9sent\u00e9s lors des ateliers qu&rsquo;elle organise sont bien le fruit du labeur des auteurs qui s&rsquo;en r\u00e9clament.<\/p>\n<p>Afin de favoriser un environnement d&rsquo;\u00e9changes scientifiques et techniques mutuellement b\u00e9n\u00e9fiques \u00e0 tous les participants, tous les r\u00e9sum\u00e9s pr\u00e9sent\u00e9s aux <strong>Ateliers Internationaux des Sciences Spatiales et \u00c9nergies Renouv<\/strong> sont soigneusement v\u00e9rifi\u00e9s au travers de l&rsquo;un des meilleurs logiciels anti-plagiat du march\u00e9.<\/p>\n<p><img decoding=\"async\" class=\"wp-image-336 alignleft\" src=\"https:\/\/colscitech.edilf.eu\/wp-content\/uploads\/2025\/01\/PlagiarismBenmarks.jpg\" alt=\"\" width=\"340\" height=\"274\" \/><\/p>\n<p>Cette mesure vise \u00e0 favoriser l&rsquo;excellence et la confiance entre les diff\u00e9rents participants.<\/p>\n<p>Bien entendu: les r\u00e9sum\u00e9s extraits de vos articles complets ou communications dont vous \u00eates auteurs prouv\u00e9s d\u00e9j\u00e0 publi\u00e9s seront consid\u00e9r\u00e9s.<\/p>\n","protected":false},"excerpt":{"rendered":"<p>Le plagiat est le fait de s&rsquo;approprier les id\u00e9es, travaux des tierces personnes,\u00a0 sans les citer clairement. Cette pratique est tr\u00e8s nuisible \u00e0 la communaut\u00e9 scientifique. Par cons\u00e9quent EDILF la combat vigoureusement afin de garantir autant que faire se peut [&#8230;]<\/p>\n","protected":false},"author":1,"featured_media":0,"parent":0,"menu_order":0,"comment_status":"closed","ping_status":"closed","template":"","meta":{"footnotes":""},"class_list":["post-116","page","type-page","status-publish","hentry"],"_links":{"self":[{"href":"https:\/\/colscitech.edilf.eu\/index.php\/wp-json\/wp\/v2\/pages\/116","targetHints":{"allow":["GET"]}}],"collection":[{"href":"https:\/\/colscitech.edilf.eu\/index.php\/wp-json\/wp\/v2\/pages"}],"about":[{"href":"https:\/\/colscitech.edilf.eu\/index.php\/wp-json\/wp\/v2\/types\/page"}],"author":[{"embeddable":true,"href":"https:\/\/colscitech.edilf.eu\/index.php\/wp-json\/wp\/v2\/users\/1"}],"replies":[{"embeddable":true,"href":"https:\/\/colscitech.edilf.eu\/index.php\/wp-json\/wp\/v2\/comments?post=116"}],"version-history":[{"count":8,"href":"https:\/\/colscitech.edilf.eu\/index.php\/wp-json\/wp\/v2\/pages\/116\/revisions"}],"predecessor-version":[{"id":368,"href":"https:\/\/colscitech.edilf.eu\/index.php\/wp-json\/wp\/v2\/pages\/116\/revisions\/368"}],"wp:attachment":[{"href":"https:\/\/colscitech.edilf.eu\/index.php\/wp-json\/wp\/v2\/media?parent=116"}],"curies":[{"name":"wp","href":"https:\/\/api.w.org\/{rel}","templated":true}]}}