{"id":121,"date":"2024-12-29T02:03:08","date_gmt":"2024-12-29T01:03:08","guid":{"rendered":"https:\/\/colscitech.edilf.eu\/?page_id=121"},"modified":"2025-01-06T12:00:12","modified_gmt":"2025-01-06T11:00:12","slug":"questions-frequentes-2","status":"publish","type":"page","link":"https:\/\/colscitech.edilf.eu\/index.php\/questions-frequentes-2\/","title":{"rendered":"Questions Fr\u00e9quentes"},"content":{"rendered":"<p>Voici les Questions Fr\u00e9quemment pos\u00e9es. Cliquez sur le signe<strong> +<\/strong> pour afficher et <strong>&#8211;<\/strong> pour masquer la r\u00e9ponse.<\/p>\n<style>#sp-ea-388 .spcollapsing { height: 0; overflow: hidden; transition-property: height;transition-duration: 300ms;}#sp-ea-388.sp-easy-accordion>.sp-ea-single {margin-bottom: 10px; border: 1px solid #e2e2e2; }#sp-ea-388.sp-easy-accordion>.sp-ea-single>.ea-header a {color: #444;}#sp-ea-388.sp-easy-accordion>.sp-ea-single>.sp-collapse>.ea-body {background: #fff; color: #444;}#sp-ea-388.sp-easy-accordion>.sp-ea-single {background: #eee;}#sp-ea-388.sp-easy-accordion>.sp-ea-single>.ea-header a .ea-expand-icon { float: left; color: #444;font-size: 16px;}<\/style><div id=\"sp_easy_accordion-1736130680\"><div id=\"sp-ea-388\" class=\"sp-ea-one sp-easy-accordion\" data-ea-active=\"ea-click\" data-ea-mode=\"vertical\" data-preloader=\"\" data-scroll-active-item=\"\" data-offset-to-scroll=\"0\"><div class=\"ea-card ea-expand sp-ea-single\"><h3 class=\"ea-header\"><a class=\"collapsed\" id=\"ea-header-3880\" role=\"button\" data-sptoggle=\"spcollapse\" data-sptarget=\"#collapse3880\" aria-controls=\"collapse3880\" href=\"#\" aria-expanded=\"true\" tabindex=\"0\"><i aria-hidden=\"true\" role=\"presentation\" class=\"ea-expand-icon eap-icon-ea-expand-minus\"><\/i> D\u00e9livrez-vous des attestations de participation?<\/a><\/h3><div class=\"sp-collapse spcollapse collapsed show\" id=\"collapse3880\" data-parent=\"#sp-ea-388\" role=\"region\" aria-labelledby=\"ea-header-3880\"> <div class=\"ea-body\"><p><strong>Oui.<\/strong> Tous les participants ayant pay\u00e9 leurs <strong>frais de participation<\/strong> re\u00e7oivent une <strong>attestation de participation<\/strong>. En plus <strong>ceux ayant fait des communications<\/strong> re\u00e7oivent une <strong>Attestation de Communication Orale<\/strong> en leur nom.<\/p><\/div><\/div><\/div><div class=\"ea-card sp-ea-single\"><h3 class=\"ea-header\"><a class=\"collapsed\" id=\"ea-header-3881\" role=\"button\" data-sptoggle=\"spcollapse\" data-sptarget=\"#collapse3881\" aria-controls=\"collapse3881\" href=\"#\" aria-expanded=\"false\" tabindex=\"0\"><i aria-hidden=\"true\" role=\"presentation\" class=\"ea-expand-icon eap-icon-ea-expand-plus\"><\/i> Publiez-vous les Actes des Colloques?<\/a><\/h3><div class=\"sp-collapse spcollapse \" id=\"collapse3881\" data-parent=\"#sp-ea-388\" role=\"region\" aria-labelledby=\"ea-header-3881\"> <div class=\"ea-body\"><p><strong>Oui.<\/strong> Les Actes des Colloques seront <strong>rapidement publi\u00e9s<\/strong> en format PDF, apr\u00e8s les <strong>corrections \u00e0 faire<\/strong> pour les <strong>communications effectivement faites seulement<\/strong>. Il sera <strong>t\u00e9l\u00e9chargeable sur la plateforme<\/strong> en ligne par tous. Des efforts sont encours pour des publications dans les revues avec ISSN, afin d'assurer une plus grande diffusion.<\/p><\/div><\/div><\/div><div class=\"ea-card sp-ea-single\"><h3 class=\"ea-header\"><a class=\"collapsed\" id=\"ea-header-3882\" role=\"button\" data-sptoggle=\"spcollapse\" data-sptarget=\"#collapse3882\" aria-controls=\"collapse3882\" href=\"#\" aria-expanded=\"false\" tabindex=\"0\"><i aria-hidden=\"true\" role=\"presentation\" class=\"ea-expand-icon eap-icon-ea-expand-plus\"><\/i> Acceptez-vous des articles les posters?<\/a><\/h3><div class=\"sp-collapse spcollapse \" id=\"collapse3882\" data-parent=\"#sp-ea-388\" role=\"region\" aria-labelledby=\"ea-header-3882\"> <div class=\"ea-body\"><p><strong>Non<\/strong>. Nous n'acceptons que les r\u00e9sum\u00e9s pour des communications orales.<\/p><\/div><\/div><\/div><div class=\"ea-card sp-ea-single\"><h3 class=\"ea-header\"><a class=\"collapsed\" id=\"ea-header-3883\" role=\"button\" data-sptoggle=\"spcollapse\" data-sptarget=\"#collapse3883\" aria-controls=\"collapse3883\" href=\"#\" aria-expanded=\"false\" tabindex=\"0\"><i aria-hidden=\"true\" role=\"presentation\" class=\"ea-expand-icon eap-icon-ea-expand-plus\"><\/i> Acceptez-vous des artcicles complets?<\/a><\/h3><div class=\"sp-collapse spcollapse \" id=\"collapse3883\" data-parent=\"#sp-ea-388\" role=\"region\" aria-labelledby=\"ea-header-3883\"> <div class=\"ea-body\"><p><strong>Oui, mais pas ici.\u00a0<\/strong> Des revues correspondantes aux diff\u00e9rents axes sont mises en places. Vous pouvez y soumettre vos articles complets l\u00e0-bas \u00e0 l'URL suivante: <a href=\"https:\/\/revues.edilf.eu\">https:\/\/revues.edilf.eu<\/a><\/p><\/div><\/div><\/div><div class=\"ea-card sp-ea-single\"><h3 class=\"ea-header\"><a class=\"collapsed\" id=\"ea-header-3884\" role=\"button\" data-sptoggle=\"spcollapse\" data-sptarget=\"#collapse3884\" aria-controls=\"collapse3884\" href=\"#\" aria-expanded=\"false\" tabindex=\"0\"><i aria-hidden=\"true\" role=\"presentation\" class=\"ea-expand-icon eap-icon-ea-expand-plus\"><\/i> Est-ce que je peux participer sans me d\u00e9placer? <\/a><\/h3><div class=\"sp-collapse spcollapse \" id=\"collapse3884\" data-parent=\"#sp-ea-388\" role=\"region\" aria-labelledby=\"ea-header-3884\"> <div class=\"ea-body\"><p><strong>Oui.<\/strong> L'accent est mis sur les pr\u00e9sentations en ligne pour que tous puissent puissent participer aux ateliers sans contraintes, ni bousculer leur calendrier. Les pr\u00e9sentations physiques seront simultan\u00e9ment transmises par vid\u00e9oconf\u00e9rence pour permettre \u00e0 tous les inscrits de les suivre en ligne.<\/p><\/div><\/div><\/div><div class=\"ea-card sp-ea-single\"><h3 class=\"ea-header\"><a class=\"collapsed\" id=\"ea-header-3885\" role=\"button\" data-sptoggle=\"spcollapse\" data-sptarget=\"#collapse3885\" aria-controls=\"collapse3885\" href=\"#\" aria-expanded=\"false\" tabindex=\"0\"><i aria-hidden=\"true\" role=\"presentation\" class=\"ea-expand-icon eap-icon-ea-expand-plus\"><\/i> Puis-je venir aux ateliers?<\/a><\/h3><div class=\"sp-collapse spcollapse \" id=\"collapse3885\" data-parent=\"#sp-ea-388\" role=\"region\" aria-labelledby=\"ea-header-3885\"> <div class=\"ea-body\"><p><strong>Oui<\/strong>. Vous pouvez venir \u00e0 Koudougou\/Burkina Faso pour une participation physique. Veuillez noter que nous pouvons vous aider \u00e0 vous loger sur place, mais les frais de s\u00e9jour en h\u00f4tel ou resteront \u00e0 votre charge.<\/p><\/div><\/div><\/div><div class=\"ea-card sp-ea-single\"><h3 class=\"ea-header\"><a class=\"collapsed\" id=\"ea-header-3886\" role=\"button\" data-sptoggle=\"spcollapse\" data-sptarget=\"#collapse3886\" aria-controls=\"collapse3886\" href=\"#\" aria-expanded=\"false\" tabindex=\"0\"><i aria-hidden=\"true\" role=\"presentation\" class=\"ea-expand-icon eap-icon-ea-expand-plus\"><\/i> Pourquoi demandez-vous des frais de participation?<\/a><\/h3><div class=\"sp-collapse spcollapse \" id=\"collapse3886\" data-parent=\"#sp-ea-388\" role=\"region\" aria-labelledby=\"ea-header-3886\"> <div class=\"ea-body\"><p>L'organisation des colloques n\u00e9cessite la mobilisation des ressources humaines, mat\u00e9rielles et financi\u00e8res. Les frais de <strong>participation<\/strong> et de <strong>communication<\/strong> aux colloques sont destin\u00e9es couvrir aux frais de gestion et d'infrastructure (examen en aveugle par les experts-\u00e9valuateurs, gestion des serveurs web, certification des communications, retranscription en direct,\u00a0 etc).<\/p><p>Pour les participations physiques, il faut ajouter les pauses caf\u00e9 et d\u00e9jeuner qui seront servies sur place et l'organisation locale.<\/p><\/div><\/div><\/div><div class=\"ea-card sp-ea-single\"><h3 class=\"ea-header\"><a class=\"collapsed\" id=\"ea-header-3887\" role=\"button\" data-sptoggle=\"spcollapse\" data-sptarget=\"#collapse3887\" aria-controls=\"collapse3887\" href=\"#\" aria-expanded=\"false\" tabindex=\"0\"><i aria-hidden=\"true\" role=\"presentation\" class=\"ea-expand-icon eap-icon-ea-expand-plus\"><\/i> Me rembourserez-vous mes frais de participations?<\/a><\/h3><div class=\"sp-collapse spcollapse \" id=\"collapse3887\" data-parent=\"#sp-ea-388\" role=\"region\" aria-labelledby=\"ea-header-3887\"> <div class=\"ea-body\"><p>Si vous\u00a0 vous \u00e9tiez inscrits pour une participation physique et que vous en \u00eates emp\u00each\u00e9, vous pouvez demander la modification de votre inscription de \"Pr\u00e9sentiel\" \u00e0 \"En ligne\".<\/p><p>En cas d'<strong>abandon total, vos frais de participation pay\u00e9s ne seront rembours\u00e9s<\/strong> que<span style=\"text-decoration: underline\"><strong><em> si vous en faites la demande avant la fin du Colloque<\/em><\/strong><\/span>, c'est-\u00e0 dire: <strong>au plus tard samedi 24 janvier 2026.<\/strong><\/p><\/div><\/div><\/div><\/div><\/div>\n","protected":false},"excerpt":{"rendered":"<p>Voici les Questions Fr\u00e9quemment pos\u00e9es. Cliquez sur le signe + pour afficher et &#8211; pour masquer la r\u00e9ponse.<\/p>\n","protected":false},"author":1,"featured_media":0,"parent":0,"menu_order":0,"comment_status":"closed","ping_status":"closed","template":"","meta":{"footnotes":""},"class_list":["post-121","page","type-page","status-publish","hentry"],"_links":{"self":[{"href":"https:\/\/colscitech.edilf.eu\/index.php\/wp-json\/wp\/v2\/pages\/121","targetHints":{"allow":["GET"]}}],"collection":[{"href":"https:\/\/colscitech.edilf.eu\/index.php\/wp-json\/wp\/v2\/pages"}],"about":[{"href":"https:\/\/colscitech.edilf.eu\/index.php\/wp-json\/wp\/v2\/types\/page"}],"author":[{"embeddable":true,"href":"https:\/\/colscitech.edilf.eu\/index.php\/wp-json\/wp\/v2\/users\/1"}],"replies":[{"embeddable":true,"href":"https:\/\/colscitech.edilf.eu\/index.php\/wp-json\/wp\/v2\/comments?post=121"}],"version-history":[{"count":4,"href":"https:\/\/colscitech.edilf.eu\/index.php\/wp-json\/wp\/v2\/pages\/121\/revisions"}],"predecessor-version":[{"id":394,"href":"https:\/\/colscitech.edilf.eu\/index.php\/wp-json\/wp\/v2\/pages\/121\/revisions\/394"}],"wp:attachment":[{"href":"https:\/\/colscitech.edilf.eu\/index.php\/wp-json\/wp\/v2\/media?parent=121"}],"curies":[{"name":"wp","href":"https:\/\/api.w.org\/{rel}","templated":true}]}}