{"id":1410,"date":"2026-01-05T17:37:48","date_gmt":"2026-01-05T16:37:48","guid":{"rendered":"https:\/\/colscitech.edilf.eu\/?page_id=1410"},"modified":"2026-01-05T20:55:06","modified_gmt":"2026-01-05T19:55:06","slug":"inscription-comite-dorganisation-ou-scientifique","status":"publish","type":"page","link":"https:\/\/colscitech.edilf.eu\/index.php\/inscription-comite-dorganisation-ou-scientifique\/","title":{"rendered":"Inscription Comit\u00e9 d&rsquo;Organisation ou Scientifique"},"content":{"rendered":"<div style=\"max-width: 800px; margin: auto; font-family: sans-serif;\">\n<div style=\"display: flex; flex-wrap: wrap; gap: 20px;\">\n<p>        <!-- Bloc Comit\u00e9 d'Organisation --><\/p>\n<div style=\"flex: 1; min-width: 280px; border: 2px solid #3498db; border-radius: 12px; padding: 25px; text-align: center; background: #ffffff;\">\n<h3 style=\"color: #2c3e50; margin-top: 0;\">Comit\u00e9 d&rsquo;Organisation<\/h3>\n<p style=\"font-size: 15px; color: #555;\">R\u00e9serv\u00e9 aux <strong>Docteurs (Dr)<\/strong> pour la logistique et la coordination de l&rsquo;\u00e9dition 2026.<\/p>\n<div style=\"background: #ebf5fb; color: #3498db; padding: 8px; border-radius: 5px; font-weight: bold; margin: 15px 0;\">Profil : Grade Docteur<\/div>\n<p>            <a href=\"https:\/\/colscitech.edilf.eu\/index.php\/integration-du-comite-dorganisation-cisit3\/\" style=\"display: block; background: #3498db; color: white; padding: 12px; text-decoration: none; border-radius: 6px; font-weight: bold;\">S&rsquo;inscrire \u00e0 l&rsquo;Organisation<\/a>\n        <\/div>\n<p>        <!-- Bloc Comit\u00e9 de Lecture --><\/p>\n<div style=\"flex: 1; min-width: 280px; border: 2px solid #27ae60; border-radius: 12px; padding: 25px; text-align: center; background: #ffffff;\">\n<h3 style=\"color: #2c3e50; margin-top: 0;\">Comit\u00e9 de Lecture<\/h3>\n<p style=\"font-size: 15px; color: #555;\">R\u00e9serv\u00e9 aux <strong>MC, MR, Pr et DR<\/strong> pour l&rsquo;\u00e9valuation scientifique des r\u00e9sum\u00e9s.<\/p>\n<div style=\"background: #eafaf1; color: #27ae60; padding: 8px; border-radius: 5px; font-weight: bold; margin: 15px 0;\">Profil : MC \/ MR \/ Pr \/ DR<\/div>\n<p>            <a href=\"https:\/\/colscitech.edilf.eu\/index.php\/invitation-au-comite-scientifique-5-jan-26\/\" style=\"display: block; background: #27ae60; color: white; padding: 12px; text-decoration: none; border-radius: 6px; font-weight: bold;\">S&rsquo;inscrire comme Reviewer<\/a>\n        <\/div>\n<\/p><\/div>\n<\/div>\n","protected":false},"excerpt":{"rendered":"<p>Comit\u00e9 d&rsquo;Organisation R\u00e9serv\u00e9 aux Docteurs (Dr) pour la logistique et la coordination de l&rsquo;\u00e9dition 2026. Profil : Grade Docteur S&rsquo;inscrire \u00e0 l&rsquo;Organisation Comit\u00e9 de Lecture R\u00e9serv\u00e9 aux MC, MR, Pr et DR pour l&rsquo;\u00e9valuation scientifique des r\u00e9sum\u00e9s. Profil : MC [&#8230;]<\/p>\n","protected":false},"author":1,"featured_media":0,"parent":0,"menu_order":0,"comment_status":"closed","ping_status":"closed","template":"","meta":{"footnotes":""},"class_list":["post-1410","page","type-page","status-publish","hentry"],"_links":{"self":[{"href":"https:\/\/colscitech.edilf.eu\/index.php\/wp-json\/wp\/v2\/pages\/1410","targetHints":{"allow":["GET"]}}],"collection":[{"href":"https:\/\/colscitech.edilf.eu\/index.php\/wp-json\/wp\/v2\/pages"}],"about":[{"href":"https:\/\/colscitech.edilf.eu\/index.php\/wp-json\/wp\/v2\/types\/page"}],"author":[{"embeddable":true,"href":"https:\/\/colscitech.edilf.eu\/index.php\/wp-json\/wp\/v2\/users\/1"}],"replies":[{"embeddable":true,"href":"https:\/\/colscitech.edilf.eu\/index.php\/wp-json\/wp\/v2\/comments?post=1410"}],"version-history":[{"count":5,"href":"https:\/\/colscitech.edilf.eu\/index.php\/wp-json\/wp\/v2\/pages\/1410\/revisions"}],"predecessor-version":[{"id":1420,"href":"https:\/\/colscitech.edilf.eu\/index.php\/wp-json\/wp\/v2\/pages\/1410\/revisions\/1420"}],"wp:attachment":[{"href":"https:\/\/colscitech.edilf.eu\/index.php\/wp-json\/wp\/v2\/media?parent=1410"}],"curies":[{"name":"wp","href":"https:\/\/api.w.org\/{rel}","templated":true}]}}