{"id":1459,"date":"2026-01-10T16:23:41","date_gmt":"2026-01-10T15:23:41","guid":{"rendered":"https:\/\/colscitech.edilf.eu\/?page_id=1459"},"modified":"2026-01-15T02:47:33","modified_gmt":"2026-01-15T01:47:33","slug":"colloque-cisit-edition-3-complet","status":"publish","type":"page","link":"https:\/\/colscitech.edilf.eu\/index.php\/colloque-cisit-edition-3-complet\/","title":{"rendered":"Colloque CISIT \u00c9dition 3 Complet"},"content":{"rendered":"<div style=\"width: 100%; height: 100%; background-color: #ffffff !important; border: 20px solid #4b0082 !important; padding: 0; font-family: 'Arial', sans-serif !important; position: relative; box-sizing: border-box; text-align: center !important; margin: auto; overflow: hidden;\"><!-- BANDEAU ROUGE : L'URGENCE EN HAUT --><\/p>\n<div style=\"background-color: #d9534f !important; color: white !important; padding: 10px; font-size: 28px !important; font-weight: bold !important; text-transform: uppercase !important;\">\u26a0\ufe0f Session de Rattrapage : Soumission jusqu&rsquo;au 20 Janvier \u26a0\ufe0f<\/div>\n<p><!-- TITRE R\u00c9DUIT POUR LAISSER DE LA PLACE --><\/p>\n<div style=\"padding: 20px 30px 10px 30px;\">\n<h2 style=\"color: #4b0082 !important; font-size: 26px !important; margin: 0 !important; text-transform: uppercase !important; font-weight: 900;\">3\u00e8me COLLOQUE INTERNATIONAL SUR LES SCIENCES ET INNOVATIONS TECHNOLOGIQUES (CISTI-3)<\/h2>\n<p style=\"color: #666 !important; font-weight: bold; font-size: 22px !important; margin: 5px 0 !important;\">Koudougou (Burkina Faso) | En ligne : 22-24 Janvier 2026<\/p>\n<\/div>\n<div class=\"header-colloque\">\n<div class=\"tarif-grid\">\n<div class=\"tarif-item\">\n<div class=\"tarif-label\">Doctorants<\/div>\n<div class=\"tarif-prix\">10.000 FCFA par ID<\/div>\n<\/div>\n<div class=\"tarif-item\">\n<div class=\"tarif-label\">Enseignants \/ Chercheurs<\/div>\n<div class=\"tarif-prix\">20.000 FCFA par ID<\/div>\n<\/div>\n<\/div>\n<\/div>\n<div class=\"axe-container\"><a class=\"axe-card\" href=\"https:\/\/colscitech.edilf.eu\/index.php\/axe-1-physique-chimie\/\"><span class=\"axe-title\">Axe 1 : Physique et Chimie<\/span><span class=\"axe-desc\">Mat\u00e9riaux, Thermodynamique, Physique Atomique et Nucl\u00e9aire, Chimie Analytique.<\/span><span class=\"axe-footer\">Acc\u00e9der au formulaire \u2192<\/span><\/a><a class=\"axe-card\" href=\"https:\/\/colscitech.edilf.eu\/index.php\/axe-2-sciences-spatiales-energetique\/\"><span class=\"axe-title\">Axe 2 : Sciences Spatiales et \u00c9nergies<\/span><span class=\"axe-desc\">M\u00e9t\u00e9orologie spatiale, Solaire photovolta\u00efque, Smart Grids, Energies: Eolienne, PhotoVolataique, Biomasse.<\/span><span class=\"axe-footer\">Acc\u00e9der au formulaire \u2192<\/span><\/a><a class=\"axe-card\" href=\"https:\/\/colscitech.edilf.eu\/index.php\/axe-3-informatique-ia-maths-appliquees\/\"><span class=\"axe-title\">Axe 3 : Informatique, IA et Mathematiques Appliquees <small class=\"badge-new\">Nouveau<\/small><\/span><span class=\"axe-desc\">Vision par ordinateur (Computer Vision), Apprentissage profond (Deep Learning), Mod\u00e9lisation complexe, Robotique et Syst\u00e8mes Autonomes.Traitement du Langage Naturel (NLP).<\/span><span class=\"axe-footer\">Acc\u00e9der au formulaire \u2192<\/span><\/a><a class=\"axe-card\" href=\"https:\/\/colscitech.edilf.eu\/index.php\/axe-4-sciences-de-l-ingenieur\/\"><span class=\"axe-title\">Axe 4 : Sciences de l\u2019Ing\u00e9nieur et connexes<\/span><span class=\"axe-desc\">Electronique, Electrotechnique, Automatismes et Robotique, G\u00e9nie Civil, Electrique, M\u00e9canique, .<\/span><span class=\"axe-footer\">Acc\u00e9der au formulaire \u2192<\/span><\/a><a class=\"axe-card\" href=\"https:\/\/colscitech.edilf.eu\/index.php\/axe-5-agronomie-et-geologie\/\"><span class=\"axe-title\">Axe 5 : Agronomie et G\u00e9ologie <span class=\"badge-new\">Nouveau<\/span><\/span><span class=\"axe-desc\">Agroforesterie, Agriculture 4.0 et du num\u00e9rique (drones, IoT, robotique, analyse de donn\u00e9es), Hydrog\u00e9ologie, Ressources mini\u00e8res.<\/span><span class=\"axe-footer\">Acc\u00e9der au formulaire \u2192<\/span><\/a><a class=\"axe-card\" href=\"https:\/\/colscitech.edilf.eu\/index.php\/axe-6-autres-thematiques\/\"><span class=\"axe-title\">Axe 6 : Autres th\u00e9matiques<\/span><span class=\"axe-desc\">Th\u00e9matiques non cit\u00e9es: pluridisciplinaire et\/ou proches des 5 axes pr\u00e9c\u00e9dents.<\/span><span class=\"axe-footer\">Acc\u00e9der au formulaire \u2192<\/span><\/a><a class=\"axe-card\" href=\"https:\/\/colscitech.edilf.eu\/index.php\/adhesion-membre-du-comite-scientifique\/\"><span class=\"axe-title\">Inscription Membre du Comit\u00e9 Scientifique<\/span><span class=\"badge-new\">R\u00e9serv\u00e9 aux Rangs A (MC\/MR, PT\/DR)<\/span><span class=\"axe-desc\">Mettez votre expertise au service de l&rsquo;excellence scientifique et l&rsquo;innovation technique. Contribuez \u00e0 la s\u00e9lection des communications et \u00e0 la rigueur du colloque. <span style=\"display: inline-block; width: 100%;\"><b><u>Note:<\/u> Si vous souhaitez aussi soumettre un r\u00e9sum\u00e9, votre compte Evaluateur vous le permettra automatiquement.<\/b><\/span><\/span><span class=\"axe-footer\">S&rsquo;enregistrer comme \u00e9valuateur \u2192<\/span><\/a><\/div>\n<\/div>\n","protected":false},"excerpt":{"rendered":"<p>\u26a0\ufe0f Session de Rattrapage : Soumission jusqu&rsquo;au 20 Janvier \u26a0\ufe0f 3\u00e8me COLLOQUE INTERNATIONAL SUR LES SCIENCES ET INNOVATIONS TECHNOLOGIQUES (CISTI-3) Koudougou (Burkina Faso) | En ligne : 22-24 Janvier 2026 Doctorants 10.000 FCFA par ID Enseignants \/ Chercheurs 20.000 FCFA [&#8230;]<\/p>\n","protected":false},"author":1,"featured_media":0,"parent":0,"menu_order":0,"comment_status":"closed","ping_status":"closed","template":"","meta":{"footnotes":""},"class_list":["post-1459","page","type-page","status-publish","hentry"],"_links":{"self":[{"href":"https:\/\/colscitech.edilf.eu\/index.php\/wp-json\/wp\/v2\/pages\/1459","targetHints":{"allow":["GET"]}}],"collection":[{"href":"https:\/\/colscitech.edilf.eu\/index.php\/wp-json\/wp\/v2\/pages"}],"about":[{"href":"https:\/\/colscitech.edilf.eu\/index.php\/wp-json\/wp\/v2\/types\/page"}],"author":[{"embeddable":true,"href":"https:\/\/colscitech.edilf.eu\/index.php\/wp-json\/wp\/v2\/users\/1"}],"replies":[{"embeddable":true,"href":"https:\/\/colscitech.edilf.eu\/index.php\/wp-json\/wp\/v2\/comments?post=1459"}],"version-history":[{"count":14,"href":"https:\/\/colscitech.edilf.eu\/index.php\/wp-json\/wp\/v2\/pages\/1459\/revisions"}],"predecessor-version":[{"id":1461,"href":"https:\/\/colscitech.edilf.eu\/index.php\/wp-json\/wp\/v2\/pages\/1459\/revisions\/1461"}],"wp:attachment":[{"href":"https:\/\/colscitech.edilf.eu\/index.php\/wp-json\/wp\/v2\/media?parent=1459"}],"curies":[{"name":"wp","href":"https:\/\/api.w.org\/{rel}","templated":true}]}}