{"id":1509,"date":"2026-01-18T04:31:39","date_gmt":"2026-01-18T03:31:39","guid":{"rendered":"https:\/\/colscitech.edilf.eu\/?page_id=1509"},"modified":"2026-02-07T17:54:22","modified_gmt":"2026-02-07T16:54:22","slug":"cisit4","status":"publish","type":"page","link":"https:\/\/colscitech.edilf.eu\/","title":{"rendered":"Colloque International sur les Sciences et Innovations Technologiques 4 (CISIT4)"},"content":{"rendered":"<p><!-- CADRE DU HAUT : ON ALIGNE LES MARGES SUR CELLES DES TARIFS --><\/p>\n<div style=\"width: 100% !important; background-color: #ffffff !important; border: 4px solid #4b0082 !important; padding: 0 !important; font-family: 'Arial', sans-serif !important; box-sizing: border-box !important; margin: 0 auto 8px auto !important; text-align: center !important; overflow: hidden !important;\">\n<div style=\"background-color: #d9534f !important; color: white !important; padding: 12px 5px !important; font-size: 18px !important; font-weight: bold !important; text-transform: uppercase !important;\">Initiative Congo-Burkina Afrique et L@CAPSE<\/div>\n<div style=\"background-color: #003366 !important; color: white !important; padding: 12px 5px !important; font-size: 16px !important; font-weight: bold !important; text-transform: uppercase !important;\">Soumission jusqu&rsquo;au mardi 17 F\u00e9vrier 2026 \u00e0 23h59<\/div>\n<div style=\"padding: 15px 10px !important;\">\n<h2 style=\"color: #4b0082 !important; font-size: 20px !important; margin: 0 !important; font-weight: 900; line-height: 1.2 !important;\">4\u00e8me COLLOQUE INTERNATIONAL SUR LES SCIENCES ET INNOVATIONS TECHNOLOGIQUES (CISIT4)<\/h2>\n<p style=\"color: #666 !important; font-weight: bold !important; font-size: 16px !important; margin: 10px 0 0 0 !important;\">Koudougou (Burkina Faso) | En ligne : 20-21 F\u00e9vrier 2026<\/p>\n<\/p><\/div>\n<\/div>\n<p><!-- SECTION TARIFS : ON UNIFORMISE L'ALIGNEMENT --><\/p>\n<div class=\"header-colloque\" style=\"width: 100% !important; margin: 8px auto !important; padding: 8px !important; box-sizing: border-box !important;\">\n<div class=\"tarif-grid\" style=\"display: flex; gap: 8px; justify-content: center; flex-wrap: wrap; width: 100% !important; margin: 0 !important;\">\n<div class=\"tarif-item\" style=\"border: 2px solid #4b0082; padding: 10px; flex: 1; min-width: 200px; box-sizing: border-box !important;\">\n<div class=\"tarif-label\" style=\"font-weight: bold; color: #4b0082;\">Doctorants<\/div>\n<div class=\"tarif-prix\">10.000 FCFA par ID<\/div>\n<\/p><\/div>\n<div class=\"tarif-item\" style=\"border: 2px solid #4b0082; padding: 10px; flex: 1; min-width: 200px; box-sizing: border-box !important;\">\n<div class=\"tarif-label\" style=\"font-weight: bold; color: #4b0082;\">Enseignants \/ Chercheurs<\/div>\n<div class=\"tarif-prix\">20.000 FCFA par ID<\/div>\n<\/p><\/div>\n<\/p><\/div>\n<\/div>\n<div class=\"axe-container\"><a class=\"axe-card\" href=\"https:\/\/colscitech.edilf.eu\/index.php\/axe-1-physique-chimie-cisit4\/\"><span class=\"axe-title\">Axe 1 : Physique et Chimie<\/span><span class=\"axe-desc\">Mat\u00e9riaux, Thermodynamique, Physique Atomique et Nucl\u00e9aire, Chimie Analytique.<\/span><span class=\"axe-footer\">Acc\u00e9der au formulaire \u2192<\/span><\/a><a class=\"axe-card\" href=\"https:\/\/colscitech.edilf.eu\/index.php\/axe-2-sciences-spatiales-energetique-cisit4\/\"><span class=\"axe-title\">Axe 2 : Sciences Spatiales et \u00c9nergies<\/span><span class=\"axe-desc\">M\u00e9t\u00e9orologie spatiale, Solaire photovolta\u00efque, Smart Grids, Energies: Eolienne, PhotoVolataique, Biomasse.<\/span><span class=\"axe-footer\">Acc\u00e9der au formulaire \u2192<\/span><\/a><a class=\"axe-card\" href=\"https:\/\/colscitech.edilf.eu\/index.php\/axe-3-informatique-ia-maths-appliquees-cisit4\/\"><span class=\"axe-title\">Axe 3 : Informatique, IA et Mathematiques Appliquees <small class=\"badge-new\">Nouveau<\/small><\/span><span class=\"axe-desc\">Vision par ordinateur (Computer Vision), Apprentissage profond (Deep Learning), Mod\u00e9lisation complexe, Robotique et Syst\u00e8mes Autonomes.Traitement du Langage Naturel (NLP).<\/span><span class=\"axe-footer\">Acc\u00e9der au formulaire \u2192<\/span><\/a><a class=\"axe-card\" href=\"https:\/\/colscitech.edilf.eu\/index.php\/axe-4-sciences-de-l-ingenieur-cisit4\/\"><span class=\"axe-title\">Axe 4 : Sciences de l\u2019Ing\u00e9nieur et connexes<\/span><span class=\"axe-desc\">Electronique, Electrotechnique, Automatismes et Robotique, G\u00e9nie Civil, Electrique, M\u00e9canique, .<\/span><span class=\"axe-footer\">Acc\u00e9der au formulaire \u2192<\/span><\/a><a class=\"axe-card\" href=\"https:\/\/colscitech.edilf.eu\/index.php\/axe-5-agronomie-et-geologie-cisit4\/\"><span class=\"axe-title\">Axe 5 : Agronomie et G\u00e9ologie <span class=\"badge-new\">Nouveau<\/span><\/span><span class=\"axe-desc\">Agroforesterie, Agriculture 4.0 et du num\u00e9rique (drones, IoT, robotique, analyse de donn\u00e9es), Hydrog\u00e9ologie, Ressources mini\u00e8res.<\/span><span class=\"axe-footer\">Acc\u00e9der au formulaire \u2192<\/span><\/a><a class=\"axe-card\" href=\"https:\/\/colscitech.edilf.eu\/index.php\/axe-6-autres-thematiques-cisit4\/\"><span class=\"axe-title\">Axe 6 : Autres th\u00e9matiques<\/span><span class=\"axe-desc\">Th\u00e9matiques non cit\u00e9es: pluridisciplinaire et\/ou proches des 5 axes pr\u00e9c\u00e9dents.<\/span><span class=\"axe-footer\">Acc\u00e9der au formulaire \u2192<\/span><\/a><a class=\"axe-card\" href=\"https:\/\/colscitech.edilf.eu\/index.php\/adhesion-membre-du-comite-scientifique-cisit4\/\"><span class=\"axe-title\">Inscription Membre du Comit\u00e9 Scientifique<\/span><span class=\"badge-new\">R\u00e9serv\u00e9 aux Rangs A (MC\/MR, PT\/DR)<\/span><span class=\"axe-desc\">Mettez votre expertise au service de l&rsquo;excellence scientifique et l&rsquo;innovation technique. Contribuez \u00e0 la s\u00e9lection des communications et \u00e0 la rigueur du colloque. <span style=\"display: inline-block; width: 100%;\"><b><u>Note:<\/u> Si vous souhaitez aussi soumettre un r\u00e9sum\u00e9, votre compte Evaluateur vous le permettra automatiquement.<\/b><\/span><\/span><span class=\"axe-footer\">S&rsquo;enregistrer comme \u00e9valuateur \u2192<\/span><\/a><\/div>\n","protected":false},"excerpt":{"rendered":"<p>Initiative Congo-Burkina Afrique et L@CAPSE Soumission jusqu&rsquo;au mardi 17 F\u00e9vrier 2026 \u00e0 23h59 4\u00e8me COLLOQUE INTERNATIONAL SUR LES SCIENCES ET INNOVATIONS TECHNOLOGIQUES (CISIT4) Koudougou (Burkina Faso) | En ligne : 20-21 F\u00e9vrier 2026 Doctorants 10.000 FCFA par ID Enseignants \/ [&#8230;]<\/p>\n","protected":false},"author":1,"featured_media":0,"parent":0,"menu_order":0,"comment_status":"closed","ping_status":"closed","template":"","meta":{"footnotes":""},"class_list":["post-1509","page","type-page","status-publish","hentry"],"_links":{"self":[{"href":"https:\/\/colscitech.edilf.eu\/index.php\/wp-json\/wp\/v2\/pages\/1509","targetHints":{"allow":["GET"]}}],"collection":[{"href":"https:\/\/colscitech.edilf.eu\/index.php\/wp-json\/wp\/v2\/pages"}],"about":[{"href":"https:\/\/colscitech.edilf.eu\/index.php\/wp-json\/wp\/v2\/types\/page"}],"author":[{"embeddable":true,"href":"https:\/\/colscitech.edilf.eu\/index.php\/wp-json\/wp\/v2\/users\/1"}],"replies":[{"embeddable":true,"href":"https:\/\/colscitech.edilf.eu\/index.php\/wp-json\/wp\/v2\/comments?post=1509"}],"version-history":[{"count":80,"href":"https:\/\/colscitech.edilf.eu\/index.php\/wp-json\/wp\/v2\/pages\/1509\/revisions"}],"predecessor-version":[{"id":1726,"href":"https:\/\/colscitech.edilf.eu\/index.php\/wp-json\/wp\/v2\/pages\/1509\/revisions\/1726"}],"wp:attachment":[{"href":"https:\/\/colscitech.edilf.eu\/index.php\/wp-json\/wp\/v2\/media?parent=1509"}],"curies":[{"name":"wp","href":"https:\/\/api.w.org\/{rel}","templated":true}]}}