{"id":1531,"date":"2026-01-18T05:35:04","date_gmt":"2026-01-18T04:35:04","guid":{"rendered":"https:\/\/colscitech.edilf.eu\/?page_id=1531"},"modified":"2026-02-10T02:04:56","modified_gmt":"2026-02-10T01:04:56","slug":"plateforme-en-ligne-cisit-edition-4","status":"publish","type":"page","link":"https:\/\/colscitech.edilf.eu\/index.php\/plateforme-en-ligne-cisit-edition-4\/","title":{"rendered":"Plateforme en ligne CISIT Edition 4"},"content":{"rendered":"<p>\u2705 <strong class=\"Yjhzub\" data-complete=\"true\">PLATEFORME DE SOUMISSION CISIT 4 (30 janvier et 20-21 F\u00e9vrier 2026)<\/strong><br data-serialized-params=\"[]\" data-complete=\"true\" \/><strong class=\"Yjhzub\" data-complete=\"true\">Avis aux auteurs du CISIT 4 :<\/strong> Si vous avez d\u00e9j\u00e0 re\u00e7u une notification d&rsquo;<strong class=\"Yjhzub\" data-complete=\"true\">ACCEPTATION<\/strong> de votre r\u00e9sum\u00e9 et que vous n&rsquo;aviez pas fait la communication le 30 janvier, ne soumettez pas de nouveau ici. Vous serez automatiquement programm\u00e9 par nos services.<\/p>\n<p>\u2705\u00a0<strong class=\"Yjhzub\" data-complete=\"true\">IMPORTANT: toutes les informations y seront donn\u00e9es. Veuillez int\u00e9grer\u00a0 imm\u00e9diatement le <\/strong><a href=\"https:\/\/chat.whatsapp.com\/CZvFodI4GvOLm1M0dv51NJ\" target=\"_blank\" rel=\"noopener\"><strong class=\"Yjhzub\" data-complete=\"true\">Groupe WhatasApp des Communicateurs CISIT 4\u00a0<\/strong><\/a><\/p>\n<p>\u2705 <strong class=\"Yjhzub\" data-complete=\"true\"><a href=\"https:\/\/colscitech.edilf.eu\/index.php\/guide-soumission-resume-cisit4\/\">Guide de soumission de r\u00e9sum\u00e9 au\u00a0 CISIT 4<\/a>\u00a0<\/strong><\/p>\n<div class=\"Y3BBE\" data-sfc-cp=\"\" data-hveid=\"CAEICRAC\" data-complete=\"true\">\u23f3 <strong class=\"Yjhzub\" data-complete=\"true\">Cl\u00f4ture des soumissions au CISIT4 : Mardi 17 f\u00e9vrier 2026 \u00e0 23h59.<\/strong><\/div>\n<p><!-- TITRE R\u00c8GLEMENT --><\/p>\n<h3 style=\"color: #4b0082; text-align: center; text-transform: uppercase; border-bottom: 2px solid #4b0082; padding-bottom: 10px; margin-bottom: 15px;\">Directives de Participation &amp; \u00c9thique CAMES<\/h3>\n<p><!-- R\u00c8GLE 1 : QUOTA --><\/p>\n<div style=\"background-color: #ffffff; padding: 15px; border-left: 10px solid #d9534f; margin-bottom: 15px;\">\n<p style=\"font-size: 18px; color: #333; margin: 0;\"><strong style=\"color: #d9534f;\">\u26a0\ufe0f QUOTA MAXIMUM :<\/strong><br \/>\nAfin de garantir la cr\u00e9dibilit\u00e9 acad\u00e9mique des Actes, un auteur principal ne peut pr\u00e9senter au <strong>MAXIMUM que DEUX (02) communications<\/strong> orales. Il peut peut en soumettre autant que voulu, mais il ne sera auteur pricipal que sur deux maximum. Les autres doivent avoir d&rsquo;autres auteurs principaux.<\/p>\n<\/div>\n<p><!-- R\u00c8GLE 2 : PRIX PAR ATTESTATION --><\/p>\n<div style=\"background-color: #ffffff; padding: 15px; border-left: 10px solid #4b0082; margin-bottom: 15px;\">\n<p style=\"font-size: 18px; color: #333; margin: 0;\"><strong style=\"color: #4b0082;\">\ud83d\udcb0 FRAIS PAR UNIT\u00c9 (ID) :<\/strong><br \/>\nLes frais sont li\u00e9s \u00e0 l&rsquo;acte de communication et au travail administratif de certification :<\/p>\n<ul style=\"font-size: 17px; color: #444; margin-top: 10px; line-height: 1.6;\">\n<li><strong>Doctorant :<\/strong> 10 000 FCFA par attestation de communication (ID).<\/li>\n<li><strong>Enseignant-Chercheur :<\/strong> 20 000 FCFA par attestation de communication (ID).<\/li>\n<\/ul>\n<\/div>\n<div class=\"wpabstracts container\">\n\t<div id=\"loginbox\" style=\"margin-top:50px;\" class=\"mainbox col-md-6 col-md-offset-3 col-sm-8 col-sm-offset-2\">\n\t\t<div style=\"padding: 10px 0;\">\n\t\t\tPlease sign in for your conference participation\t\t<\/div>\n\t\t<div class=\"wpabstracts panel panel-default\">\n\t\t\t<div class=\"wpabstracts panel-heading\">\n\t\t\t\t<div class=\"wpabstracts panel-title\">\n\t\t\t\t\tSign In\t\t\t\t<\/div>\n\t\t\t\t<div style=\"float:right; font-size: 80%; position: relative; top:-18px\">Forgot Password <a href=https:\/\/colscitech.edilf.eu\/index.php\/plateforme-en-ligne-cisit-edition-4\/?task=lostpassword>Reset<\/a><\/div>\n\t\t\t<\/div>\n\n\t\t\t<div style=\"padding-top:30px\" class=\"wpabstracts panel-body\">\n\n\t\t\t\t<div style=\"display:none\" id=\"wpabstracts-alert\" class=\"wpabstracts alert alert-danger col-sm-12\"><\/div>\n\n\t\t\t\t<form id=\"loginform\" class=\"wpabstracts form-horizontal\" role=\"form\">\n\n\t\t\t\t\t<div style=\"margin-bottom: 25px\" class=\"wpabstracts input-group\">\n\t\t\t\t\t\t<span class=\"input-group-addon\"><i class=\"glyphicon glyphicon-user\"><\/i><\/span>\n\t\t\t\t\t\t<input id=\"wpabstracts-username\" type=\"text\" class=\"wpabstracts form-control\" name=\"username\" value=\"\" placeholder=\"username or email\">\n\t\t\t\t\t<\/div>\n\n\t\t\t\t\t<div style=\"margin-bottom: 25px\" class=\"wpabstracts input-group\">\n\t\t\t\t\t\t<span class=\"input-group-addon\"><i class=\"glyphicon glyphicon-lock\"><\/i><\/span>\n\t\t\t\t\t\t<input id=\"wpabstracts-password\" type=\"password\" class=\"wpabstracts form-control\" name=\"password\" placeholder=\"password\">\n\t\t\t\t\t\t<span class=\"input-group-addon password-toggle\" style=\"cursor: pointer;\">\n\t\t\t\t\t\t\t<i class=\"glyphicon glyphicon-eye-open\" id=\"password-icon\"><\/i>\n\t\t\t\t\t\t<\/span>\n\t\t\t\t\t<\/div>\n\n\t\t\t\t\t\t\t\t\t\t\t<div class=\"wpabstracts input-group\">\n\t\t\t\t\t\t\t\t\t\t<input type=\"hidden\" id=\"captcha_hash\" name=\"captcha_hash\" value=\"683e04b5c81bb4a83ff9faadc7d56641\" \/>\n\t\t\t<label for=\"captcha_input\" class=\"wpabstracts control-label\">Enter security code (required)<\/label>\n\t\t\t<div class=\"row\">\n\t\t\t\t<div class=\"col-xs-8\">\n\t\t\t\t\t<div class=\"wpabstracts input-group\">\n\t\t\t\t\t\t<span class=\"input-group-addon\"><i class=\"fas fa-shield-alt\"><\/i><\/span>\n\t\t\t\t\t\t<input class=\"wpabstracts form-control\" type=\"text\" id=\"captcha_input\" name=\"captcha_input\" required>\n\t\t\t\t\t<\/div>\n\t\t\t\t<\/div>\n\t\t\t\t<div class=\"col-xs-4\">\n\t\t\t\t\t<img decoding=\"async\" src=\"data:image\/png;base64,iVBORw0KGgoAAAANSUhEUgAAAFAAAAAeCAIAAAA0IQ7mAAAACXBIWXMAAA7EAAAOxAGVKw4bAAAEZElEQVRYhe2YS0gyXRjHj1ZgoQm2CFpU2sJ00aKLqKVELTKkaFEk5KILUWlkRBckUJCgRS0KIspooQTVpgsEKkF72wmW3dSMbqJNF2Oipmm+hR8R6di8zdj3fe\/3\/nbnzONz\/n+fc+Y8DA3DMPB\/gv6Ti\/n9fqvVqlarPR7PT677kfiGd3d35+bm1Go1tYthGOZ2uz0eTyQSoTYzceIbhiBoa2vr4OCA2sV4PF5tbS0AICUlhdrMxIlvWKFQSCSSZMh6e3sDAKSmphL\/id1ub2xslEgkLS0tLpeLpADcM0yj0X5JFkEQBAG\/UuHFxUW73W42mzc2NhgMxvDwMEkBuIZfX1+TUWEURQFhw6FQaH5+fnR0lMPhZGdnNzc3h8Phx8dHMgJwa5hswwiCLC0tORwOFovV3d1dUlISG+z3+1EUpdFo0WEoFCooKGAymWQE4FYYRdFkGI5u6dvb24mJicrKytnZWRqN1tvb6\/P5YoO5XG5qaqper7+9vQ2Hw5ubmwaDgawCDIeRkRGFQoH3NJZIJDIzM6NUKuVy+fT09MjIyMvLS2zY6upqcXGxTqd7f3pzcyMWi41GY9y0W1tbYrFYLpfX1dUdHh4S14MHboURBCFe4ZOTk6GhIZlMtrKyolKpLBZLYWFhWlpabGR0S\/f19b0\/5XA4Uql0f38fT0ZZWZlIJLq4uDCZTE9PTwQl4ZFoSxN8S19dXWm1Wr1eX1RUxGQylUolAEAgEMQNjm7pzMzMj5N8Pj8YDMYGm83m7e3tqampiYmJ9vZ2j8ezurpKRFICKDjDY2Nj1dXVubm50eHp6SkAICsrCy8tiHlLs1isjIyMT5Fut9tsNo+OjtLpdABAT09Penr63t4eEUkJIHstXV5eOp1OhULxPhMIBAC+4dfXVxDTeITD4dLS0k+ROzs7HA4nJyfnb6F0OpvNxktLnESG4x7CT7hcLgzD+Hz++8za2hoAgMVixY2PW2Gn0xnbtz8+PsIwHO3MAABnZ2fBYLC+vv5LSYkhW2EIgj4ObTYbm81mMBh455\/BYAAAjEbj+fl5dGZhYaGhoeHjXxaloqLi6elpcnIyEon4\/X6DwaDVaoVC4ZeSEoP7WiJ4htlsNgDA6\/UKhcL7+3ufz8fj8a6urvDiW1tbBQLByspKU1NTfn4+l8tVKpXl5eWxkXK5fHBwcHl5eX19nc\/nazQakUhEzFRCYm8qr9drMplEIpFYLJ6cnLy+vk5wrUEQJJVKdTpdKBQaHx+HYXhgYEClUn15HyIIgqLot6\/TbxO\/8Xh5eYFh+OHhAYKguP3DR2w2W1VVVVdX193dHYZhKpVqaGiIeqUUgdtpfQ8URaVSqcVioTYthVD8ief4+BhBkJqaGmrTUghZwzAMPz8\/vw8dDkdbW1t2djbJtMmDrGGNRtPf3x+9nI6Ojnw+X2dnJxXCkgUNI\/eZ1mq1OhyOQCCQl5cnk8k6OjqItCv\/IGQN\/+f40e\/S\/wb+GP7d+WP4d+cvxDHymYOBI8UAAAAASUVORK5CYII=\" alt=\"captcha\" \/>\n\t\t\t\t<\/div>\n\t\t\t<\/div>\n\t\t\t\t\t\t\t<\/div>\n\t\t\t\t\t\n\t\t\t\t\t<div style=\"margin-top:10px\" class=\"wpabstracts form-group\">\n\t\t\t\t\t\t<div class=\"col-sm-12 controls\">\n\t\t\t\t\t\t\t<button id=\"wpabstracts-login\" class=\"btn btn-info btn-block\">\n\t\t\t\t\t\t\t\tLogin\t\t\t\t\t\t\t\t<i class=\"fa fa-spinner fa-spin isloading\"><\/i>\n\t\t\t\t\t\t\t<\/button>\n\t\t\t\t\t\t<\/div>\n\t\t\t\t\t<\/div>\n\n\t\t\t\t\t<div class=\"wpabstracts form-group\">\n\t\t\t\t\t\t<div class=\"wpabstracts col-xs-12\">\n\t\t\t\t\t\t\t<input type=\"checkbox\" id=\"wpabstracts-remember\" value=\"forever\">\n\t\t\t\t\t\t\tRemember Me\t\t\t\t\t\t<\/div>\n\t\t\t\t\t<\/div>\n\n\t\t\t\t\t<div class=\"form-group\">\n\t\t\t\t\t\t<div class=\"col-md-12 control\">\n\t\t\t\t\t\t\t<div style=\"border-top: 1px solid #ccc; padding-top:15px; font-size:14px\">\n\t\t\t\t\t\t\t\t\t\t\t\t\t\t\t<\/div>\n\t\t\t\t\t\t<\/div>\n\t\t\t\t\t<\/div>\n\t\t\t\t\t<input type=\"hidden\" id=\"wpabstracts_login_nonce\" name=\"wpabstracts_login_nonce\" value=\"d3ed4658ce\" \/><input type=\"hidden\" name=\"_wp_http_referer\" value=\"\/index.php\/wp-json\/wp\/v2\/pages\/1531\" \/>\t\t\t\t<\/form>\n\t\t\t<\/div>\n\t\t<\/div>\n\t<\/div>\n<\/div>\n<script type=\"text\/javascript\">\n\tjQuery(document).ready(function() {\n\t\tvar rememberme = localStorage.getItem('wpa_remember');\n\t\tif (rememberme) {\n\t\t\tvar rem = JSON.parse(rememberme);\n\t\t\tjQuery('#wpabstracts-remember').attr('checked', rem.remember);\n\t\t\tif (rem.remember) {\n\t\t\t\tjQuery('#wpabstracts-username').val(rem.username);\n\t\t\t}\n\t\t}\n\n\t\tvar manageLoader = function(show) {\n\t\t\tif (show) {\n\t\t\t\tjQuery('#wpabstracts-login i').removeClass('isloading');\n\t\t\t} else {\n\t\t\t\tjQuery('#wpabstracts-login i').addClass('isloading');\n\t\t\t}\n\t\t};\n\n\t\tjQuery('#wpabstracts-login').on('click', function(e) {\n\t\t\te.preventDefault();\n\t\t\tvar username = jQuery('#wpabstracts-username').val();\n\t\t\tvar password = jQuery('#wpabstracts-password').val();\n\t\t\tvar captcha = jQuery('#captcha_input').val();\n\t\t\tvar hash = jQuery('#captcha_hash').val();\n\t\t\tvar nonce = jQuery('#wpabstracts_login_nonce').val();\n\t\t\tvar remember = jQuery('#wpabstracts-remember').is(':checked');\n\n\t\t\tif (!username || !password) {\n\t\t\t\tjQuery('#wpabstracts-alert').text(wpabstracts.sign_in_msg).show();\n\t\t\t\treturn;\n\t\t\t}\n\n\t\t\tif (hash && !captcha) {\n\t\t\t\tjQuery('#wpabstracts-alert').text(wpabstracts.captcha_required).show();\n\t\t\t\treturn;\n\t\t\t}\n\n\t\t\tvar rememberMe = {\n\t\t\t\t'remember': remember,\n\t\t\t\t'username': username\n\t\t\t};\n\t\t\tlocalStorage.setItem('wpa_remember', JSON.stringify(rememberMe));\n\n\t\t\tmanageLoader(true);\n\n\t\t\tvar ajax_data = {\n\t\t\t\taction: 'wpa_login',\n\t\t\t\tlog: username,\n\t\t\t\tpwd: password,\n\t\t\t\tcaptcha_input: captcha,\n\t\t\t\tcaptcha_hash: hash,\n\t\t\t\trememberme: remember,\n\t\t\t\tnonce\n\t\t\t};\n\n\t\t\tjQuery.ajax({\n\t\t\t\turl: wpabstracts.ajaxurl,\n\t\t\t\ttype: 'POST',\n\t\t\t\tdata: ajax_data,\n\t\t\t\tsuccess: function(data) {\n\t\t\t\t\tif (data.success) {\n\t\t\t\t\t\tjQuery('#wpabstracts-alert')\n\t\t\t\t\t\t\t.removeClass('alert-danger')\n\t\t\t\t\t\t\t.addClass('alert-info')\n\t\t\t\t\t\t\t.text(data.message)\n\t\t\t\t\t\t\t.show();\n\t\t\t\t\t\twindow.location.href = data.redirect;\n\t\t\t\t\t} else {\n\t\t\t\t\t\tjQuery('#wpabstracts-alert').text(data.message).show();\n\t\t\t\t\t\tmanageLoader(false);\n\t\t\t\t\t}\n\t\t\t\t},\n\t\t\t\terror: function(xhr, status) {\n\t\t\t\t\tmanageLoader(false);\n\t\t\t\t\tconsole.log('Login Ajax Error: ', xhr);\n\t\t\t\t}\n\t\t\t});\n\t\t});\n\n\t\t\/\/ Toggle password visibility\n\t\tconst passwordInput = document.getElementById('wpabstracts-password');\n\t\tconst passwordIcon = document.getElementById('password-icon');\n\t\tconst toggle = document.querySelector('.password-toggle');\n\n\t\ttoggle.addEventListener('click', function() {\n\t\t\t\/\/ Toggle password visibility\n\t\t\tif (passwordInput.type === 'password') {\n\t\t\t\tpasswordInput.type = 'text';\n\t\t\t\tpasswordIcon.classList.remove('glyphicon-eye-open');\n\t\t\t\tpasswordIcon.classList.add('glyphicon-eye-close');\n\t\t\t} else {\n\t\t\t\tpasswordInput.type = 'password';\n\t\t\t\tpasswordIcon.classList.remove('glyphicon-eye-close');\n\t\t\t\tpasswordIcon.classList.add('glyphicon-eye-open');\n\t\t\t}\n\t\t});\n\t});\n<\/script>\n","protected":false},"excerpt":{"rendered":"<p>\u2705 PLATEFORME DE SOUMISSION CISIT 4 (30 janvier et 20-21 F\u00e9vrier 2026)Avis aux auteurs du CISIT 4 : Si vous avez d\u00e9j\u00e0 re\u00e7u une notification d&rsquo;ACCEPTATION de votre r\u00e9sum\u00e9 et que vous n&rsquo;aviez pas fait la communication le 30 janvier, [&#8230;]<\/p>\n","protected":false},"author":1,"featured_media":0,"parent":0,"menu_order":0,"comment_status":"closed","ping_status":"closed","template":"","meta":{"footnotes":""},"class_list":["post-1531","page","type-page","status-publish","hentry"],"_links":{"self":[{"href":"https:\/\/colscitech.edilf.eu\/index.php\/wp-json\/wp\/v2\/pages\/1531","targetHints":{"allow":["GET"]}}],"collection":[{"href":"https:\/\/colscitech.edilf.eu\/index.php\/wp-json\/wp\/v2\/pages"}],"about":[{"href":"https:\/\/colscitech.edilf.eu\/index.php\/wp-json\/wp\/v2\/types\/page"}],"author":[{"embeddable":true,"href":"https:\/\/colscitech.edilf.eu\/index.php\/wp-json\/wp\/v2\/users\/1"}],"replies":[{"embeddable":true,"href":"https:\/\/colscitech.edilf.eu\/index.php\/wp-json\/wp\/v2\/comments?post=1531"}],"version-history":[{"count":10,"href":"https:\/\/colscitech.edilf.eu\/index.php\/wp-json\/wp\/v2\/pages\/1531\/revisions"}],"predecessor-version":[{"id":1736,"href":"https:\/\/colscitech.edilf.eu\/index.php\/wp-json\/wp\/v2\/pages\/1531\/revisions\/1736"}],"wp:attachment":[{"href":"https:\/\/colscitech.edilf.eu\/index.php\/wp-json\/wp\/v2\/media?parent=1531"}],"curies":[{"name":"wp","href":"https:\/\/api.w.org\/{rel}","templated":true}]}}