{"id":1533,"date":"2026-01-18T18:57:11","date_gmt":"2026-01-18T17:57:11","guid":{"rendered":"https:\/\/colscitech.edilf.eu\/?page_id=1533"},"modified":"2026-01-18T19:01:46","modified_gmt":"2026-01-18T18:01:46","slug":"adhesion-membre-du-comite-scientifique-cisit4","status":"publish","type":"page","link":"https:\/\/colscitech.edilf.eu\/index.php\/adhesion-membre-du-comite-scientifique-cisit4\/","title":{"rendered":"Adh\u00e9sion membre du Comit\u00e9 Scientifique CISIT4"},"content":{"rendered":"<p><strong class=\"Yjhzub\" data-complete=\"true\" data-processed=\"true\">Bienvenue, Cher(e) Coll\u00e8gue,<\/strong><\/p>\n<div class=\"Y3BBE\" data-sfc-cp=\"\" data-hveid=\"CAEIBhAA\" data-complete=\"true\" data-processed=\"true\">En remplissant ce formulaire, vous sollicitez votre int\u00e9gration au <strong class=\"Yjhzub\" data-complete=\"true\" data-processed=\"true\">Comit\u00e9 Scientifique International<\/strong> du 4\u00e8me Colloque International sur les Sciences et Innovations Technologiques (CISIT).<\/div>\n<div class=\"Fsg96\" data-sfc-cp=\"\" data-complete=\"true\" data-processed=\"true\"><\/div>\n<div class=\"AdPoic\" role=\"heading\" aria-level=\"3\" data-animation-nesting=\"\" data-sfc-cp=\"\" data-complete=\"true\" data-processed=\"true\" data-sae=\"\"><strong class=\"Yjhzub\" data-complete=\"true\">Missions et Structure<\/strong><\/div>\n<div class=\"Y3BBE\" data-sfc-cp=\"\" data-hveid=\"CAEICBAA\" data-complete=\"true\" data-processed=\"true\">Le Comit\u00e9, garant de la transparence et de l&rsquo;excellence acad\u00e9mique de l&rsquo;\u00e9v\u00e9nement, s&rsquo;articule autour de trois p\u00f4les majeurs :<\/div>\n<ul class=\"KsbFXc U6u95\" data-complete=\"true\" data-processed=\"true\">\n<li data-hveid=\"CAEICRAA\" data-complete=\"true\" data-sae=\"\"><span class=\"T286Pc\" data-sfc-cp=\"\" data-complete=\"true\"><strong class=\"Yjhzub\" data-complete=\"true\">Le Comit\u00e9 de Conception et de R\u00e9alisation :<\/strong> Pilotage strat\u00e9gique du colloque.<\/span><\/li>\n<li data-hveid=\"CAEICRAB\" data-complete=\"true\" data-sae=\"\"><span class=\"T286Pc\" data-sfc-cp=\"\" data-complete=\"true\"><strong class=\"Yjhzub\" data-complete=\"true\">Le Comit\u00e9 International de Lecture :<\/strong> Relecture et s\u00e9lection rigoureuse des r\u00e9sum\u00e9s.<\/span><\/li>\n<li data-hveid=\"CAEICRAC\" data-complete=\"true\" data-sae=\"\"><span class=\"T286Pc\" data-sfc-cp=\"\" data-complete=\"true\"><strong class=\"Yjhzub\" data-complete=\"true\">Le Comit\u00e9 d\u2019\u00c9valuation et de Validation :<\/strong> Jugement des pr\u00e9sentations orales lors des sessions.<\/span><\/li>\n<\/ul>\n<div class=\"AdPoic\" role=\"heading\" aria-level=\"3\" data-animation-nesting=\"\" data-sfc-cp=\"\" data-complete=\"true\" data-processed=\"true\" data-sae=\"\"><strong class=\"Yjhzub\" data-complete=\"true\">Engagement \u00c9thique<\/strong><\/div>\n<div class=\"Y3BBE\" data-sfc-cp=\"\" data-hveid=\"CAEICxAA\" data-processed=\"true\" data-complete=\"true\">L&rsquo;adh\u00e9sion \u00e0 ce Comit\u00e9 implique l&rsquo;engagement d&rsquo;\u00e9valuer avec <strong class=\"Yjhzub\" data-complete=\"true\" data-processed=\"true\">objectivit\u00e9, impartialit\u00e9 et rigueur<\/strong> les travaux qui vous seront confi\u00e9s par vos pairs.<\/div>\n<div data-sfc-cp=\"\" data-hveid=\"CAEICxAA\" data-processed=\"true\" data-complete=\"true\"><div class=\"frm_forms  with_frm_style frm_style_style-formidable\" id=\"frm_form_16_container\" >\n<form enctype=\"multipart\/form-data\" method=\"post\" class=\"frm-show-form  frm_pro_form \" id=\"form_contact-form23222222\" >\n<div class=\"frm_form_fields \">\n<fieldset>\n<legend class=\"frm_screen_reader\">Espace Expert \u2013 Adh\u00e9sion au Comit\u00e9 Scientifique CISIT4<\/legend>\r\n\r\n<div class=\"frm_fields_container\">\n<input type=\"hidden\" name=\"frm_action\" value=\"create\" \/>\n<input type=\"hidden\" name=\"form_id\" value=\"16\" \/>\n<input type=\"hidden\" name=\"frm_hide_fields_16\" id=\"frm_hide_fields_16\" value=\"\" \/>\n<input type=\"hidden\" name=\"form_key\" value=\"contact-form23222222\" \/>\n<input type=\"hidden\" name=\"item_meta[0]\" value=\"\" \/>\n<input type=\"hidden\" id=\"frm_submit_entry_16\" name=\"frm_submit_entry_16\" value=\"7e6aa7b86e\" \/><input type=\"hidden\" name=\"_wp_http_referer\" value=\"\/index.php\/wp-json\/wp\/v2\/pages\/1533\" \/><div id=\"frm_field_115_container\" class=\"frm_form_field form-field  frm_required_field frm_top_container frm_first frm_half\">\r\n\t<label for=\"field_qh4icy4333\" id=\"field_qh4icy4333_label\" class=\"frm_primary_label\">Nom de famille\r\n\t\t<span class=\"frm_required\" aria-hidden=\"true\">*<\/span>\r\n\t<\/label>\r\n\t<input  type=\"text\" id=\"field_qh4icy4333\" name=\"item_meta[115]\" value=\"\"  data-reqmsg=\"Nom de famille ne peut pas \u00eatre vide.\" aria-required=\"true\" data-invmsg=\"Nom de famille est non valide\" aria-invalid=\"false\"   aria-describedby=\"frm_desc_field_qh4icy4333\" \/>\r\n\t<div class=\"frm_description\" id=\"frm_desc_field_qh4icy4333\">Nom de famille<\/div>\r\n\t\r\n<\/div>\n<div id=\"frm_field_116_container\" class=\"frm_form_field form-field  frm_required_field frm_hidden_container frm_half\">\r\n\t<label for=\"field_ocfup14333\" id=\"field_ocfup14333_label\" class=\"frm_primary_label\">Pr\u00e9nom\r\n\t\t<span class=\"frm_required\" aria-hidden=\"true\">*<\/span>\r\n\t<\/label>\r\n\t<input  type=\"text\" id=\"field_ocfup14333\" name=\"item_meta[116]\" value=\"\"  data-reqmsg=\"Pr\u00e9nom ne peut pas \u00eatre vide.\" aria-required=\"true\" data-invmsg=\"Pr\u00e9nom est non valide\" aria-invalid=\"false\"   aria-describedby=\"frm_desc_field_ocfup14333\" \/>\r\n\t<div class=\"frm_description\" id=\"frm_desc_field_ocfup14333\">Votre Pr\u00e9nom (s)<\/div>\r\n\t\r\n<\/div>\n<div id=\"frm_field_117_container\" class=\"frm_form_field form-field  frm_required_field frm_top_container vertical_radio\">\r\n\t<div  id=\"field_uojsu2_label\" class=\"frm_primary_label\">Grade actuel\r\n\t\t<span class=\"frm_required\" aria-hidden=\"true\">*<\/span>\r\n\t<\/div>\r\n\t<div class=\"frm_opt_container\" aria-labelledby=\"field_uojsu2_label\" role=\"radiogroup\" aria-required=\"true\">\t\t<div class=\"frm_radio\" id=\"frm_radio_117-0\">\t\t\t<label  for=\"field_uojsu2-0\">\n\t\t\t\t\t<input type=\"radio\" name=\"item_meta[117]\" id=\"field_uojsu2-0\" value=\"MC\/MR\"\n\t\t   data-reqmsg=\"Grade actuel ne peut pas \u00eatre vide.\" data-invmsg=\"Grade actuel est non valide\"  \/> MC\/MR<\/label><\/div>\n\t\t<div class=\"frm_radio\" id=\"frm_radio_117-1\">\t\t\t<label  for=\"field_uojsu2-1\">\n\t\t\t\t\t<input type=\"radio\" name=\"item_meta[117]\" id=\"field_uojsu2-1\" value=\"PT\/DR\"\n\t\t   data-reqmsg=\"Grade actuel ne peut pas \u00eatre vide.\" data-invmsg=\"Grade actuel est non valide\"  \/> PT\/DR<\/label><\/div>\n<\/div>\r\n\t\r\n\t\r\n<\/div>\n<div id=\"frm_field_118_container\" class=\"frm_form_field form-field  frm_required_field frm_top_container\">\r\n\t<label for=\"field_1l1062\" id=\"field_1l1062_label\" class=\"frm_primary_label\">Institution d'exercice\r\n\t\t<span class=\"frm_required\" aria-hidden=\"true\">*<\/span>\r\n\t<\/label>\r\n\t<input  type=\"text\" id=\"field_1l1062\" name=\"item_meta[118]\" value=\"\"  placeholder=\"Laboratoire et structure de rattachement\" data-reqmsg=\"Institution d&#039;exercice ne peut pas \u00eatre vide.\" aria-required=\"true\" data-invmsg=\"Institution d&#039;exercice est non valide\" aria-invalid=\"false\"   \/>\r\n\t\r\n\t\r\n<\/div>\n<div id=\"frm_field_119_container\" class=\"frm_form_field form-field  frm_required_field frm_top_container\">\r\n\t<label for=\"field_m2qjp2\" id=\"field_m2qjp2_label\" class=\"frm_primary_label\">Pays\r\n\t\t<span class=\"frm_required\" aria-hidden=\"true\">*<\/span>\r\n\t<\/label>\r\n\t<input  type=\"text\" id=\"field_m2qjp2\" name=\"item_meta[119]\" value=\"\"  placeholder=\"Pays d&#039;exercice\" data-reqmsg=\"Pays ne peut pas \u00eatre vide.\" aria-required=\"true\" data-invmsg=\"Pays est non valide\" aria-invalid=\"false\"   \/>\r\n\t\r\n\t\r\n<\/div>\n<div id=\"frm_field_120_container\" class=\"frm_form_field form-field  frm_required_field frm_top_container frm_full\">\r\n\t<label for=\"field_29yf4d4333\" id=\"field_29yf4d4333_label\" class=\"frm_primary_label\">Email\r\n\t\t<span class=\"frm_required\" aria-hidden=\"true\">*<\/span>\r\n\t<\/label>\r\n\t<input type=\"email\" id=\"field_29yf4d4333\" name=\"item_meta[120]\" value=\"\"  data-reqmsg=\"Email ne peut pas \u00eatre vide.\" aria-required=\"true\" data-invmsg=\"Please enter a valid email address\" aria-invalid=\"false\"  \/>\r\n\t\r\n\t\r\n<\/div>\n<div id=\"frm_field_121_container\" class=\"frm_form_field form-field  frm_required_field frm_top_container frm_first frm_half\">\r\n\t<label for=\"field_mt7b73\" id=\"field_mt7b73_label\" class=\"frm_primary_label\">Mot de passe\r\n\t\t<span class=\"frm_required\" aria-hidden=\"true\">*<\/span>\r\n\t<\/label>\r\n\t<span class=\"frm_show_password_wrapper\" style=\"width:100%;\"><input type=\"password\" id=\"field_mt7b73\" name=\"item_meta[121]\" value=\"\"  placeholder=\"Saisissez votre mot de passe\" data-reqmsg=\"Mot de passe ne peut pas \u00eatre vide.\" aria-required=\"true\" data-invmsg=\"Les mots de passe doivent contenir au moins un caract\u00e8re sp\u00e9cial.\" class=\"frm_strength_meter\" aria-invalid=\"false\"  \/><button type=\"button\" class=\"frm_show_password_btn\" title=\"Afficher le mot de passe\" aria-label=\"Afficher le mot de passe\" data-hide-password-label=\"Masquer le mot de passe\"><svg  viewBox=\"0 0 24 24\" class=\"frmsvg\">\n\t<title>eye_icon<\/title>\n\t<path fill=\"currentColor\" fill-rule=\"evenodd\" d=\"M6.3 15.6A17.9 17.9 0 0 1 3.2 12a18 18 0 0 1 3.1-3.6C7.9 7.1 9.8 6 12 6s4.1 1 5.7 2.4c1.5 1.3 2.6 2.8 3.1 3.6a18 18 0 0 1-3.1 3.6C16.1 16.9 14.2 18 12 18s-4.1-1-5.7-2.4ZM12 4a11 11 0 0 0-7 2.9c-1.8 1.5-3 3.2-3.5 4a1.9 1.9 0 0 0 0 2.1c.5.9 1.7 2.6 3.5 4 1.8 1.6 4.2 3 7 3a11 11 0 0 0 7-2.9c1.8-1.5 3-3.2 3.5-4a2 2 0 0 0 0-2.1A19.9 19.9 0 0 0 19 7c-1.8-1.6-4.2-3-7-3Zm-2 8a2 2 0 1 1 4 0 2 2 0 0 1-4 0Zm2-4a4 4 0 1 0 0 8 4 4 0 0 0 0-8Z\" clip-rule=\"evenodd\"\/>\n\n<\/svg><svg  viewBox=\"0 0 24 24\" class=\"frmsvg\">\n\t<title>eye_slash_icon<\/title>\n\t<path fill=\"currentColor\" fill-rule=\"evenodd\" d=\"M19.7 5.7a1 1 0 0 0-1.4-1.4L14 8.6A4 4 0 0 0 8.6 14l-4.3 4.3a1 1 0 1 0 1.4 1.4l4.3-4.2a4 4 0 0 0 5.5-5.5l4.2-4.3Zm-7.2 4.4a2 2 0 0 0-2.4 2.4l2.4-2.4Zm-1 3.8 2.4-2.4a2 2 0 0 1-2.4 2.4Zm4.3-9A9.3 9.3 0 0 0 12 4a11 11 0 0 0-7 2.9c-1.8 1.5-3 3.2-3.5 4a1.9 1.9 0 0 0 0 2.1c.4.7 1.4 2 2.7 3.4L5.6 15a18.3 18.3 0 0 1-2.4-3 18 18 0 0 1 3.1-3.6A9 9 0 0 1 12 6c.8 0 1.5.1 2.2.4l1.6-1.6ZM12 18c-.8 0-1.5-.1-2.2-.4l-1.6 1.6c1.2.5 2.4.8 3.8.8a11 11 0 0 0 7-2.9c1.8-1.5 3-3.2 3.5-4a2 2 0 0 0 0-2.1 20.3 20.3 0 0 0-2.7-3.4L18.4 9a18.3 18.3 0 0 1 2.4 3 18 18 0 0 1-3.1 3.6A9 9 0 0 1 12 18Z\" clip-rule=\"evenodd\"\/>\n\n<\/svg><\/button><\/span><div id=\"frm_password_strength_121\" class=\"frm-password-strength\"><span id=\"frm-pass-eight-char-121\" class=\"frm-pass-req\"><svg  viewBox=\"0 0 20 20\" class=\"frmsvg frm_cancel1_icon failed_svg\">\n\t<title>cancel1<\/title>\n\t<path d=\"M10 0a10 10 0 1 0 0 20 10 10 0 0 0 0-20zm0 18a8 8 0 1 1 0-16 8 8 0 0 1 0 16zm3.6-13L10 8.6 6.4 5 5 6.4 8.6 10 5 13.6 6.4 15l3.6-3.6 3.6 3.6 1.4-1.4-3.6-3.6L15 6.4z\"><\/path>\n<\/svg><svg  viewBox=\"0 0 20 20\" class=\"frmsvg frm_check1_icon passed_svg\">\n\t<title>check1<\/title>\n\t<path d=\"M10 .3a9.7 9.7 0 1 0 0 19.4A9.7 9.7 0 0 0 10 .3zm0 1.9a7.8 7.8 0 1 1 0 15.6 7.8 7.8 0 0 1 0-15.6zm5.5 5l-.9-.8a.5.5 0 0 0-.7 0l-5.5 5.5-2.3-2.4a.5.5 0 0 0-.7 0l-.9.9c-.2.2-.2.5 0 .6l3.6 3.6c.2.2.4.2.6 0L15.5 8c.2-.1.2-.4 0-.6z\"><\/path>\n<\/svg>8 caract\u00e8res minimum<\/span>\r\n<span id=\"frm-pass-lowercase-121\" class=\"frm-pass-req\"><svg  viewBox=\"0 0 20 20\" class=\"frmsvg frm_cancel1_icon failed_svg\">\n\t<title>cancel1<\/title>\n\t<path d=\"M10 0a10 10 0 1 0 0 20 10 10 0 0 0 0-20zm0 18a8 8 0 1 1 0-16 8 8 0 0 1 0 16zm3.6-13L10 8.6 6.4 5 5 6.4 8.6 10 5 13.6 6.4 15l3.6-3.6 3.6 3.6 1.4-1.4-3.6-3.6L15 6.4z\"><\/path>\n<\/svg><svg  viewBox=\"0 0 20 20\" class=\"frmsvg frm_check1_icon passed_svg\">\n\t<title>check1<\/title>\n\t<path d=\"M10 .3a9.7 9.7 0 1 0 0 19.4A9.7 9.7 0 0 0 10 .3zm0 1.9a7.8 7.8 0 1 1 0 15.6 7.8 7.8 0 0 1 0-15.6zm5.5 5l-.9-.8a.5.5 0 0 0-.7 0l-5.5 5.5-2.3-2.4a.5.5 0 0 0-.7 0l-.9.9c-.2.2-.2.5 0 .6l3.6 3.6c.2.2.4.2.6 0L15.5 8c.2-.1.2-.4 0-.6z\"><\/path>\n<\/svg>1 lettre minuscule<\/span>\r\n<span id=\"frm-pass-uppercase-121\" class=\"frm-pass-req\"><svg  viewBox=\"0 0 20 20\" class=\"frmsvg frm_cancel1_icon failed_svg\">\n\t<title>cancel1<\/title>\n\t<path d=\"M10 0a10 10 0 1 0 0 20 10 10 0 0 0 0-20zm0 18a8 8 0 1 1 0-16 8 8 0 0 1 0 16zm3.6-13L10 8.6 6.4 5 5 6.4 8.6 10 5 13.6 6.4 15l3.6-3.6 3.6 3.6 1.4-1.4-3.6-3.6L15 6.4z\"><\/path>\n<\/svg><svg  viewBox=\"0 0 20 20\" class=\"frmsvg frm_check1_icon passed_svg\">\n\t<title>check1<\/title>\n\t<path d=\"M10 .3a9.7 9.7 0 1 0 0 19.4A9.7 9.7 0 0 0 10 .3zm0 1.9a7.8 7.8 0 1 1 0 15.6 7.8 7.8 0 0 1 0-15.6zm5.5 5l-.9-.8a.5.5 0 0 0-.7 0l-5.5 5.5-2.3-2.4a.5.5 0 0 0-.7 0l-.9.9c-.2.2-.2.5 0 .6l3.6 3.6c.2.2.4.2.6 0L15.5 8c.2-.1.2-.4 0-.6z\"><\/path>\n<\/svg>1 lettre majuscule<\/span>\r\n<span id=\"frm-pass-number-121\" class=\"frm-pass-req\"><svg  viewBox=\"0 0 20 20\" class=\"frmsvg frm_cancel1_icon failed_svg\">\n\t<title>cancel1<\/title>\n\t<path d=\"M10 0a10 10 0 1 0 0 20 10 10 0 0 0 0-20zm0 18a8 8 0 1 1 0-16 8 8 0 0 1 0 16zm3.6-13L10 8.6 6.4 5 5 6.4 8.6 10 5 13.6 6.4 15l3.6-3.6 3.6 3.6 1.4-1.4-3.6-3.6L15 6.4z\"><\/path>\n<\/svg><svg  viewBox=\"0 0 20 20\" class=\"frmsvg frm_check1_icon passed_svg\">\n\t<title>check1<\/title>\n\t<path d=\"M10 .3a9.7 9.7 0 1 0 0 19.4A9.7 9.7 0 0 0 10 .3zm0 1.9a7.8 7.8 0 1 1 0 15.6 7.8 7.8 0 0 1 0-15.6zm5.5 5l-.9-.8a.5.5 0 0 0-.7 0l-5.5 5.5-2.3-2.4a.5.5 0 0 0-.7 0l-.9.9c-.2.2-.2.5 0 .6l3.6 3.6c.2.2.4.2.6 0L15.5 8c.2-.1.2-.4 0-.6z\"><\/path>\n<\/svg>1 chiffre<\/span>\r\n<span id=\"frm-pass-special-char-121\" class=\"frm-pass-req\"><svg  viewBox=\"0 0 20 20\" class=\"frmsvg frm_cancel1_icon failed_svg\">\n\t<title>cancel1<\/title>\n\t<path d=\"M10 0a10 10 0 1 0 0 20 10 10 0 0 0 0-20zm0 18a8 8 0 1 1 0-16 8 8 0 0 1 0 16zm3.6-13L10 8.6 6.4 5 5 6.4 8.6 10 5 13.6 6.4 15l3.6-3.6 3.6 3.6 1.4-1.4-3.6-3.6L15 6.4z\"><\/path>\n<\/svg><svg  viewBox=\"0 0 20 20\" class=\"frmsvg frm_check1_icon passed_svg\">\n\t<title>check1<\/title>\n\t<path d=\"M10 .3a9.7 9.7 0 1 0 0 19.4A9.7 9.7 0 0 0 10 .3zm0 1.9a7.8 7.8 0 1 1 0 15.6 7.8 7.8 0 0 1 0-15.6zm5.5 5l-.9-.8a.5.5 0 0 0-.7 0l-5.5 5.5-2.3-2.4a.5.5 0 0 0-.7 0l-.9.9c-.2.2-.2.5 0 .6l3.6 3.6c.2.2.4.2.6 0L15.5 8c.2-.1.2-.4 0-.6z\"><\/path>\n<\/svg>1 caract\u00e8re sp\u00e9cial<\/span>\r\n<\/div>\r\n\t\r\n\t\r\n<\/div>\n<div id=\"frm_field_conf_121_container\" class=\"frm_form_field frm_hidden_container frm_conf_field form-field  frm_required_field frm_top_container  frm6\">\r\n\t<label for=\"field_conf_mt7b73\" id=\"field_conf_mt7b73_label\" class=\"frm_conf_label frm_primary_label\">Valider Mot de passe\r\n\t\t<span class=\"frm_required\" aria-hidden=\"true\">*<\/span>\r\n\t<\/label>\r\n\t<span class=\"frm_show_password_wrapper\" style=\"width:100%;\"><input type=\"password\" id=\"field_conf_mt7b73\" name=\"item_meta[conf_121]\" value=\"\"  placeholder=\"Confirmez le m\u00eame mot de passe\" data-reqmsg=\"Valider Mot de passe ne peut pas \u00eatre vide.\" aria-required=\"true\" data-confmsg=\"Les valeurs saisies ne correspondent pas.\" data-invmsg=\"Les mots de passe doivent contenir au moins un caract\u00e8re sp\u00e9cial.\" class=\"frm_strength_meter\" aria-invalid=\"false\"  \/><button type=\"button\" class=\"frm_show_password_btn\" title=\"Afficher le mot de passe\" aria-label=\"Afficher le mot de passe\" data-hide-password-label=\"Masquer le mot de passe\"><svg  viewBox=\"0 0 24 24\" class=\"frmsvg\">\n\t<title>eye_icon<\/title>\n\t<path fill=\"currentColor\" fill-rule=\"evenodd\" d=\"M6.3 15.6A17.9 17.9 0 0 1 3.2 12a18 18 0 0 1 3.1-3.6C7.9 7.1 9.8 6 12 6s4.1 1 5.7 2.4c1.5 1.3 2.6 2.8 3.1 3.6a18 18 0 0 1-3.1 3.6C16.1 16.9 14.2 18 12 18s-4.1-1-5.7-2.4ZM12 4a11 11 0 0 0-7 2.9c-1.8 1.5-3 3.2-3.5 4a1.9 1.9 0 0 0 0 2.1c.5.9 1.7 2.6 3.5 4 1.8 1.6 4.2 3 7 3a11 11 0 0 0 7-2.9c1.8-1.5 3-3.2 3.5-4a2 2 0 0 0 0-2.1A19.9 19.9 0 0 0 19 7c-1.8-1.6-4.2-3-7-3Zm-2 8a2 2 0 1 1 4 0 2 2 0 0 1-4 0Zm2-4a4 4 0 1 0 0 8 4 4 0 0 0 0-8Z\" clip-rule=\"evenodd\"\/>\n\n<\/svg><svg  viewBox=\"0 0 24 24\" class=\"frmsvg\">\n\t<title>eye_slash_icon<\/title>\n\t<path fill=\"currentColor\" fill-rule=\"evenodd\" d=\"M19.7 5.7a1 1 0 0 0-1.4-1.4L14 8.6A4 4 0 0 0 8.6 14l-4.3 4.3a1 1 0 1 0 1.4 1.4l4.3-4.2a4 4 0 0 0 5.5-5.5l4.2-4.3Zm-7.2 4.4a2 2 0 0 0-2.4 2.4l2.4-2.4Zm-1 3.8 2.4-2.4a2 2 0 0 1-2.4 2.4Zm4.3-9A9.3 9.3 0 0 0 12 4a11 11 0 0 0-7 2.9c-1.8 1.5-3 3.2-3.5 4a1.9 1.9 0 0 0 0 2.1c.4.7 1.4 2 2.7 3.4L5.6 15a18.3 18.3 0 0 1-2.4-3 18 18 0 0 1 3.1-3.6A9 9 0 0 1 12 6c.8 0 1.5.1 2.2.4l1.6-1.6ZM12 18c-.8 0-1.5-.1-2.2-.4l-1.6 1.6c1.2.5 2.4.8 3.8.8a11 11 0 0 0 7-2.9c1.8-1.5 3-3.2 3.5-4a2 2 0 0 0 0-2.1 20.3 20.3 0 0 0-2.7-3.4L18.4 9a18.3 18.3 0 0 1 2.4 3 18 18 0 0 1-3.1 3.6A9 9 0 0 1 12 18Z\" clip-rule=\"evenodd\"\/>\n\n<\/svg><\/button><\/span>\r\n\t\r\n\t\r\n<\/div>\n<div id=\"frm_field_122_container\" class=\"frm_form_field form-field  frm_required_field frm_top_container\">\r\n\t<label for=\"field_736tv3333\" id=\"field_736tv3333_label\" class=\"frm_primary_label\">Num\u00e9ro WhatsApp (+xxx yyyyyyy)\r\n\t\t<span class=\"frm_required\" aria-hidden=\"true\">*<\/span>\r\n\t<\/label>\r\n\t<input type=\"tel\" id=\"field_736tv3333\" name=\"item_meta[122]\" value=\"\"  data-reqmsg=\"Num\u00e9ro WhatsApp (+xxx yyyyyyy) ne peut pas \u00eatre vide.\" aria-required=\"true\" data-invmsg=\"Num\u00e9ro WhatsApp (+xxx yyyyyyy) est non valide\" aria-invalid=\"false\" pattern=\"((\\+\\d{1,3}(-|.| )?\\(?\\d\\)?(-| |.)?\\d{1,5})|(\\(?\\d{2,6}\\)?))(-|.| )?(\\d{3,4})(-|.| )?(\\d{4})(( x| ext)\\d{1,5}){0,1}$\"   aria-describedby=\"frm_desc_field_736tv3333\"\/>\r\n\t<div class=\"frm_description\" id=\"frm_desc_field_736tv3333\">\u26a0\ufe0f Format obligatoire : + (indicatif pays) (num\u00e9ro). Exemple : +243 812345678<\/div>\r\n\t\r\n<\/div>\n<div id=\"frm_field_123_container\" class=\"frm_form_field form-field  frm_required_field frm_top_container vertical_radio\">\r\n\t<div  id=\"field_3wtvp2_label\" class=\"frm_primary_label\">Axe th\u00e9matique\r\n\t\t<span class=\"frm_required\" aria-hidden=\"true\">*<\/span>\r\n\t<\/div>\r\n\t<div class=\"frm_opt_container\" aria-labelledby=\"field_3wtvp2_label\" role=\"radiogroup\" aria-required=\"true\">\t\t<div class=\"frm_radio\" id=\"frm_radio_123-0\">\t\t\t<label  for=\"field_3wtvp2-0\">\n\t\t\t\t\t<input type=\"radio\" name=\"item_meta[123]\" id=\"field_3wtvp2-0\" value=\"Axe 1 : Physique et Chimie\"\n\t\t   data-reqmsg=\"Axe th\u00e9matique ne peut pas \u00eatre vide.\" data-invmsg=\"Axe th\u00e9matique est non valide\"  \/> Axe 1 : Physique et Chimie<\/label><\/div>\n\t\t<div class=\"frm_radio\" id=\"frm_radio_123-1\">\t\t\t<label  for=\"field_3wtvp2-1\">\n\t\t\t\t\t<input type=\"radio\" name=\"item_meta[123]\" id=\"field_3wtvp2-1\" value=\"Axe 2: Sciences Spatiales aet Energ\u00e9tique\"\n\t\t   data-reqmsg=\"Axe th\u00e9matique ne peut pas \u00eatre vide.\" data-invmsg=\"Axe th\u00e9matique est non valide\"  \/> Axe 2: Sciences Spatiales aet Energ\u00e9tique<\/label><\/div>\n\t\t<div class=\"frm_radio\" id=\"frm_radio_123-2\">\t\t\t<label  for=\"field_3wtvp2-2\">\n\t\t\t\t\t<input type=\"radio\" name=\"item_meta[123]\" id=\"field_3wtvp2-2\" value=\"Axe 3: Informatique, IA et Math\u00e9matiques Appliqu\u00e9es\"\n\t\t   data-reqmsg=\"Axe th\u00e9matique ne peut pas \u00eatre vide.\" data-invmsg=\"Axe th\u00e9matique est non valide\"  \/> Axe 3: Informatique, IA et Math\u00e9matiques Appliqu\u00e9es<\/label><\/div>\n\t\t<div class=\"frm_radio\" id=\"frm_radio_123-3\">\t\t\t<label  for=\"field_3wtvp2-3\">\n\t\t\t\t\t<input type=\"radio\" name=\"item_meta[123]\" id=\"field_3wtvp2-3\" value=\"Axe 4: Sciences de l&#039;Ing\u00e9nieur\"\n\t\t   data-reqmsg=\"Axe th\u00e9matique ne peut pas \u00eatre vide.\" data-invmsg=\"Axe th\u00e9matique est non valide\"  \/> Axe 4: Sciences de l'Ing\u00e9nieur<\/label><\/div>\n\t\t<div class=\"frm_radio\" id=\"frm_radio_123-4\">\t\t\t<label  for=\"field_3wtvp2-4\">\n\t\t\t\t\t<input type=\"radio\" name=\"item_meta[123]\" id=\"field_3wtvp2-4\" value=\"Axe 5: Agronomie et G\u00e9ologie\"\n\t\t   data-reqmsg=\"Axe th\u00e9matique ne peut pas \u00eatre vide.\" data-invmsg=\"Axe th\u00e9matique est non valide\"  \/> Axe 5: Agronomie et G\u00e9ologie<\/label><\/div>\n<\/div>\r\n\t\r\n\t\r\n<\/div>\n<div id=\"frm_field_124_container\" class=\"frm_form_field form-field  frm_required_field frm_top_container\">\r\n\t<label for=\"field_jngw93\" id=\"field_jngw93_label\" class=\"frm_primary_label\">Pr\u00e9cisez votre th\u00e9matique personnalis\u00e9e\r\n\t\t<span class=\"frm_required\" aria-hidden=\"true\">*<\/span>\r\n\t<\/label>\r\n\t<input  type=\"text\" id=\"field_jngw93\" name=\"item_meta[124]\" value=\"\"  placeholder=\"Veuillez pr\u00e9siser ici la th\u00e9matique demand\u00e9e\" data-reqmsg=\"Pr\u00e9cisez votre th\u00e9matique personnalis\u00e9e ne peut pas \u00eatre vide.\" aria-required=\"true\" data-invmsg=\"Pr\u00e9cisez votre th\u00e9matique personnalis\u00e9e est non valide\" aria-invalid=\"false\"   aria-describedby=\"frm_desc_field_jngw93\" \/>\r\n\t<div class=\"frm_description\" id=\"frm_desc_field_jngw93\">Saisissez ici l'intitul\u00e9 exact de votre sujet de recherche ou de communication.<\/div>\r\n\t\r\n<\/div>\n<input type=\"hidden\" name=\"item_meta[125]\" id=\"field_2jqhv3333\" value=\"Adh\u00e9sion au Comit\u00e9 Scientifique\"  data-frmval=\"Adh\u00e9sion au Comit\u00e9 Scientifique\"   \/>\n<input type=\"hidden\" name=\"item_meta[126]\" id=\"field_wk2803\" value=\"\" data-frmval=\"\"\/>\n<div id=\"frm_field_127_container\" class=\"frm_form_field form-field \">\r\n\t<div class=\"frm_submit frm_flex\">\r\n<button class=\"frm_button_submit frm_final_submit\" type=\"submit\"   formnovalidate=\"formnovalidate\">Envoyer<\/button>\r\n\r\n\r\n\r\n<\/div>\r\n<\/div>\n\t<input type=\"hidden\" name=\"item_key\" value=\"\" \/>\n\t\t\t<div id=\"frm_field_210_container\">\n\t\t\t<label for=\"field_aujaq\" >\n\t\t\t\tSi vous \u00eates un humain, ne remplissez pas ce champ.\t\t\t<\/label>\n\t\t\t<input  id=\"field_aujaq\" type=\"text\" class=\"frm_form_field form-field frm_verify\" name=\"item_meta[210]\" value=\"\"  \/>\n\t\t<\/div>\n\t\t<input type=\"hidden\" name=\"frm_register[email]\" value=\"120\"\/>\n<input type=\"hidden\" name=\"frm_register[username]\" value=\"-1\"\/>\n<input type=\"hidden\" name=\"frm_register[password]\" value=\"121\"\/>\n<input type=\"hidden\" name=\"frm_register[subsite_title]\" value=\"username\"\/>\n<input type=\"hidden\" name=\"frm_register[subsite_domain]\" value=\"blog_title\"\/>\n<input name=\"frm_state\" type=\"hidden\" value=\"XzwLqCvIZyP7zvxqw+4jR5lIcdRFxRWjUgD3\/qjIESviMjXOfphXTJHzYcp7Fa8m\" \/><\/div>\n<\/fieldset>\n<\/div>\n\n<\/form>\n<\/div>\n<\/div>\n<div class=\"Y3BBE\" data-sfc-cp=\"\" data-hveid=\"CAEICxAA\" data-processed=\"true\" data-complete=\"true\"><\/div>\n","protected":false},"excerpt":{"rendered":"<p>Bienvenue, Cher(e) Coll\u00e8gue, En remplissant ce formulaire, vous sollicitez votre int\u00e9gration au Comit\u00e9 Scientifique International du 4\u00e8me Colloque International sur les Sciences et Innovations Technologiques (CISIT). Missions et Structure Le Comit\u00e9, garant de la transparence et de l&rsquo;excellence acad\u00e9mique de [&#8230;]<\/p>\n","protected":false},"author":1,"featured_media":0,"parent":0,"menu_order":0,"comment_status":"closed","ping_status":"closed","template":"","meta":{"footnotes":""},"class_list":["post-1533","page","type-page","status-publish","hentry"],"_links":{"self":[{"href":"https:\/\/colscitech.edilf.eu\/index.php\/wp-json\/wp\/v2\/pages\/1533","targetHints":{"allow":["GET"]}}],"collection":[{"href":"https:\/\/colscitech.edilf.eu\/index.php\/wp-json\/wp\/v2\/pages"}],"about":[{"href":"https:\/\/colscitech.edilf.eu\/index.php\/wp-json\/wp\/v2\/types\/page"}],"author":[{"embeddable":true,"href":"https:\/\/colscitech.edilf.eu\/index.php\/wp-json\/wp\/v2\/users\/1"}],"replies":[{"embeddable":true,"href":"https:\/\/colscitech.edilf.eu\/index.php\/wp-json\/wp\/v2\/comments?post=1533"}],"version-history":[{"count":3,"href":"https:\/\/colscitech.edilf.eu\/index.php\/wp-json\/wp\/v2\/pages\/1533\/revisions"}],"predecessor-version":[{"id":1540,"href":"https:\/\/colscitech.edilf.eu\/index.php\/wp-json\/wp\/v2\/pages\/1533\/revisions\/1540"}],"wp:attachment":[{"href":"https:\/\/colscitech.edilf.eu\/index.php\/wp-json\/wp\/v2\/media?parent=1533"}],"curies":[{"name":"wp","href":"https:\/\/api.w.org\/{rel}","templated":true}]}}