{"id":1661,"date":"2026-01-28T15:30:49","date_gmt":"2026-01-28T14:30:49","guid":{"rendered":"https:\/\/colscitech.edilf.eu\/?page_id=1661"},"modified":"2026-01-28T15:32:27","modified_gmt":"2026-01-28T14:32:27","slug":"espace-expert-membre-comite-scientifique-cisit4","status":"publish","type":"page","link":"https:\/\/colscitech.edilf.eu\/index.php\/espace-expert-membre-comite-scientifique-cisit4\/","title":{"rendered":"Espace Expert-Membre Comite Scientifique CISIT4"},"content":{"rendered":"<p><strong class=\"Yjhzub\" data-complete=\"true\" data-processed=\"true\">Bienvenue, Cher(e) Coll\u00e8gue,<\/strong><\/p>\n<div class=\"AdPoic\" role=\"heading\" aria-level=\"3\" data-animation-nesting=\"\" data-sfc-cp=\"\" data-complete=\"true\" data-processed=\"true\" data-sae=\"\"><strong class=\"Yjhzub\" data-complete=\"true\">Engagement \u00c9thique<\/strong><\/div>\n<div class=\"Y3BBE\" data-sfc-cp=\"\" data-hveid=\"CAEICxAA\" data-processed=\"true\" data-complete=\"true\">L&rsquo;adh\u00e9sion \u00e0 ce Comit\u00e9 implique l&rsquo;engagement d&rsquo;\u00e9valuer avec <strong class=\"Yjhzub\" data-complete=\"true\" data-processed=\"true\">objectivit\u00e9, impartialit\u00e9 et rigueur<\/strong> les travaux qui vous seront confi\u00e9s par vos pairs.<\/div>\n<div class=\"Y3BBE\" data-sfc-cp=\"\" data-hveid=\"CAEICxAA\" data-processed=\"true\" data-complete=\"true\"><\/div>\n<div class=\"AdPoic\" role=\"heading\" aria-level=\"3\" data-animation-nesting=\"\" data-sfc-cp=\"\" data-complete=\"true\" data-processed=\"true\" data-sae=\"\"><strong class=\"Yjhzub\" data-complete=\"true\">Processus de Gestion en Ligne<\/strong><\/div>\n<div class=\"Y3BBE\" data-sfc-cp=\"\" data-hveid=\"CAEIDRAA\" data-complete=\"true\" data-processed=\"true\">Pour cette \u00c9dition 2026, nous avons simplifi\u00e9 votre workflow :<\/div>\n<ol class=\"IaGLZe VimKh\" data-complete=\"true\" data-processed=\"true\">\n<li data-hveid=\"CAEIDhAA\" data-complete=\"true\" data-sae=\"\"><span class=\"T286Pc\" data-sfc-cp=\"\" data-complete=\"true\"><strong class=\"Yjhzub\" data-complete=\"true\">Compte Unifi\u00e9 :<\/strong> Ce formulaire cr\u00e9e votre compte <strong class=\"Yjhzub\" data-complete=\"true\">\u00ab\u00a0\u00c9diteur\u00a0\u00bb<\/strong>. Il vous permet de g\u00e9rer vos \u00e9valuations. Vous avez, en haut, les consignes de relecture et, en bas, la liste des r\u00e9sum\u00e9s qui vous sont affect\u00e9s.\u00a0\u00a0<\/span><\/li>\n<li data-hveid=\"CAEIDhAB\" data-complete=\"true\" data-sae=\"\"><span class=\"T286Pc\" data-sfc-cp=\"\" data-complete=\"true\"><strong class=\"Yjhzub\" data-complete=\"true\">Tableau de Bord :<\/strong> Votre espace personnel vous permet et, si vous le souhaitez, de soumettre vos propres communications sans changer de profil.\u00a0<\/span><\/li>\n<li data-hveid=\"CAEIDhAB\" data-complete=\"true\" data-sae=\"\"><strong>R\u00c9VISION<\/strong><strong>: Pendant cette \u00e9valuation, <\/strong>vous pouvez<strong> demander des r\u00e9visons <\/strong>en cochant ce statut<strong> REVISION. <\/strong>Apr\u00e8s les pr\u00e9sentations orales du CISIT4, les r\u00e9sum\u00e9s accept\u00e9s et pr\u00e9sent\u00e9s seront aussi mis en statut R\u00c9VISION. Cela permettra aux auteurs d&rsquo;int\u00e9grer vos observations ainsi que celles des autre communicateurs lors de la pr\u00e9sentation orale.<\/li>\n<\/ol>\n<p>a) Votre r\u00f4le d&rsquo;expert \u00e9valuateur \u00e0 cette \u00e9tape: <strong>v\u00e9rifier la prise en compte des corrections demand\u00e9es<\/strong>.<\/p>\n<p>b) Valider (<strong>Livre des R\u00e9sum\u00e9s<\/strong>), demander davantage des corrections (<strong>Revision<\/strong>)\u00a0 ou rejeter d\u00e9finitiment le r\u00e9sum\u00e9 (<strong>Rejeter)<\/strong>.<\/p>\n<div>\n<p><!-- TITRE R\u00c8GLEMENT --><\/p>\n<h3>Directives de Participation &amp; \u00c9thique CAMES<\/h3>\n<p><!-- R\u00c8GLE 1 : QUOTA --><\/p>\n<div>\n<p><strong>\u26a0\ufe0f QUOTA MAXIMUM :<\/strong><br \/>\nAfin de garantir la cr\u00e9dibilit\u00e9 acad\u00e9mique des Actes, un auteur principal ne peut pr\u00e9senter au <strong>MAXIMUM que DEUX (02) communications<\/strong> orales. Il peut peut en soumettre autant que voulu, mais il ne sera auteur pricipal que sur deux maximum. Les autres doivent avoir d&rsquo;autres auteurs principaux.<\/p>\n<p><strong>\ud83d\udcb0 FRAIS PAR UNIT\u00c9 (ID) :<\/strong><br \/>\nLes frais sont li\u00e9s \u00e0 l&rsquo;acte de communication et au travail administratif de certification :<\/p>\n<\/div>\n<div>\n<ul>\n<li><strong>Doctorant :<\/strong> 10 000 FCFA par attestation de communication (ID).<\/li>\n<li><strong>Enseignant-Chercheur :<\/strong> 20 000 FCFA par attestation de communication (ID).<\/li>\n<\/ul>\n<\/div>\n<\/div>\n<div class=\"wpabstracts container\">\n\t<div id=\"loginbox\" style=\"margin-top:50px;\" class=\"mainbox col-md-6 col-md-offset-3 col-sm-8 col-sm-offset-2\">\n\t\t<div style=\"padding: 10px 0;\">\n\t\t\tPlease sign in for your conference participation\t\t<\/div>\n\t\t<div class=\"wpabstracts panel panel-default\">\n\t\t\t<div class=\"wpabstracts panel-heading\">\n\t\t\t\t<div class=\"wpabstracts panel-title\">\n\t\t\t\t\tSign In\t\t\t\t<\/div>\n\t\t\t\t<div style=\"float:right; font-size: 80%; position: relative; top:-18px\">Forgot Password <a href=https:\/\/colscitech.edilf.eu\/index.php\/espace-expert-membre-comite-scientifique-cisit4\/?task=lostpassword>Reset<\/a><\/div>\n\t\t\t<\/div>\n\n\t\t\t<div style=\"padding-top:30px\" class=\"wpabstracts panel-body\">\n\n\t\t\t\t<div style=\"display:none\" id=\"wpabstracts-alert\" class=\"wpabstracts alert alert-danger col-sm-12\"><\/div>\n\n\t\t\t\t<form id=\"loginform\" class=\"wpabstracts form-horizontal\" role=\"form\">\n\n\t\t\t\t\t<div style=\"margin-bottom: 25px\" class=\"wpabstracts input-group\">\n\t\t\t\t\t\t<span class=\"input-group-addon\"><i class=\"glyphicon glyphicon-user\"><\/i><\/span>\n\t\t\t\t\t\t<input id=\"wpabstracts-username\" type=\"text\" class=\"wpabstracts form-control\" name=\"username\" value=\"\" placeholder=\"username or email\">\n\t\t\t\t\t<\/div>\n\n\t\t\t\t\t<div style=\"margin-bottom: 25px\" class=\"wpabstracts input-group\">\n\t\t\t\t\t\t<span class=\"input-group-addon\"><i class=\"glyphicon glyphicon-lock\"><\/i><\/span>\n\t\t\t\t\t\t<input id=\"wpabstracts-password\" type=\"password\" class=\"wpabstracts form-control\" name=\"password\" placeholder=\"password\">\n\t\t\t\t\t\t<span class=\"input-group-addon password-toggle\" style=\"cursor: pointer;\">\n\t\t\t\t\t\t\t<i class=\"glyphicon glyphicon-eye-open\" id=\"password-icon\"><\/i>\n\t\t\t\t\t\t<\/span>\n\t\t\t\t\t<\/div>\n\n\t\t\t\t\t\t\t\t\t\t\t<div class=\"wpabstracts input-group\">\n\t\t\t\t\t\t\t\t\t\t<input type=\"hidden\" id=\"captcha_hash\" name=\"captcha_hash\" value=\"75789501c725bf7c48dbe20748972dda\" \/>\n\t\t\t<label for=\"captcha_input\" class=\"wpabstracts control-label\">Enter security code (required)<\/label>\n\t\t\t<div class=\"row\">\n\t\t\t\t<div class=\"col-xs-8\">\n\t\t\t\t\t<div class=\"wpabstracts input-group\">\n\t\t\t\t\t\t<span class=\"input-group-addon\"><i class=\"fas fa-shield-alt\"><\/i><\/span>\n\t\t\t\t\t\t<input class=\"wpabstracts form-control\" type=\"text\" id=\"captcha_input\" name=\"captcha_input\" required>\n\t\t\t\t\t<\/div>\n\t\t\t\t<\/div>\n\t\t\t\t<div class=\"col-xs-4\">\n\t\t\t\t\t<img decoding=\"async\" src=\"data:image\/png;base64,iVBORw0KGgoAAAANSUhEUgAAAFAAAAAeCAIAAAA0IQ7mAAAACXBIWXMAAA7EAAAOxAGVKw4bAAAFM0lEQVRYhe2YWUgbWxjHTxZjTF2DoNiHSGoVQSpMMC5YFdvAoEVNQVDymEDiBvFJRdGXaB5cIEVqqxHBVhTBJQ+C24tKmwiKhuiAisUYE5cWWyGJmonJfchl8MaZMTa5KbT9Pc2c+c4\/33\/OMl8Oxe12gz8J6q9OINj8Nfy789fwf7FYLEdHRwCA09PToOSDg91uD6AaneiBXq9\/9+7dwcHB2dlZampqWlpaY2MjUbDL5To5OYmMjAwPDw9gcsvLy729vUajkU6nwzDc2NgYEhLir6gbj6mpKYVC4XA43G63RqOBIEin0+FGoiiqVqthGM7Ly+PxeF1dXbhhP8HHjx9hGDabzSiKvn\/\/HoKg\/v5+\/2VxDH\/+\/FkkEt3c3HhuV1dXIQgymUy4\/RsaGqqrqz2vpr29HYKgubk5\/9NyOBx8Pv\/NmzdYS0FBgUQi8V\/Zew27XC6FQiGTyajUfx9ZLBYKhRIfH393duzs7CwtLQmFQs9Mk8lkAIDNzU1\/Zx0AISEhy8vLdXV1WAuVSk1MTPRf2XsNa7Vaq9Wak5ODtZjN5ri4ODodZ7WnpKSsrKxgj1AUBQAkJyeT\/B6KosPDw4uLi1dXV+np6a9evfr27dvm5mZ+fn52dvbtyNDQUOz6w4cP0dHRVVVVD3SHg\/cIIwjC4XCw4QUArKysJCQkEPXH3DqdTpVKBcNwSUkJUTCKomKxmM1mj4yMdHZ2mkwmqVQ6PT3NZDIhCMLtotfr6+vrBwYGpFIpm81+gDMCvA1brVabzYbdzs\/PG43Gx48fk6vMzs5WVFSsr6\/n5OTcflle9Pf3h4aGCoVCKpWalJTU09Pz6NGjJ0+eyOXy2+N5GxqN9vLly4yMjKampvb2dp99EeKdXHx8vMlkslgsAICLiwsEQRgMBskIe+BwOHK5nMfjtba2tra2EoVptdqYmBjsNioqKiUl5fDwkEQ5LS2tuLi4u7sbhuHJycmNjY37PZHibVggEDAYjLa2NgRBent7KysrrVYr7o51m9TU1Nzc3I6OjhcvXszMzCAIghvGYrG2t7edTifW8v37dy6X60uiQqEQAKDX630JJsHbcGxsbHd3t9VqHRwcrKqquri4AADcaxijuLgYAEBkuKio6OTkpK2t7fz8HAAwMTFxc3MjkUh8UY6MjAQAMJlMHzMhAmfvzczMHB0d9VwbDAYAQGxsrI9yYWFhAACiequsrOzy8lKtVgsEgujo6IKCgsHBwYiICF+U19fXKRSK107+ExCWlh6Oj48BALcXHjmfPn1iMBiZmZlEAREREWFhYX19fUlJSSTb2+HhoUKhqKmpSU9Pv76+Xlpa6uvrE4vFHA7Hx0wIIa9LVCoVBEGeQuouX758kUqlOp3Obrd\/\/fp1aGiIz+drNBoiNYfDkZWVBcOwRqMxGo1YMYeLwWBoaGgoLS0tKiqSyWQLCwu+FFL3QnGTHvE0NzfPzs7qdDqiqn1nZ2d8fBxBELfb\/fTp0\/Ly8mfPnpEITkxMKJVKGo3mdDrpdDqXyy0sLBSJRCwWy69x8x3y9\/H27dvh4WGiEX4oKpXq9evXBoMBRdGDg4PFxcWWlhYejycSiQKi7wv3GA4garX6+fPnP3788GpXKpU8Hu\/q6io4aQTvxGN\/f59Go939rpyfn2dkZBBVWgEneIZLS0ttNlttbe3u7q6nxeVyjY2N7e3tkRRnAeeeTSuwbG1tDQ0Nra2tMZlMNpvNZDJzc3MrKyuDt2MF2TCG3W5nMBi4fzn\/b36N4V\/I32Pa350\/zvA\/89y96wU4oHYAAAAASUVORK5CYII=\" alt=\"captcha\" \/>\n\t\t\t\t<\/div>\n\t\t\t<\/div>\n\t\t\t\t\t\t\t<\/div>\n\t\t\t\t\t\n\t\t\t\t\t<div style=\"margin-top:10px\" class=\"wpabstracts form-group\">\n\t\t\t\t\t\t<div class=\"col-sm-12 controls\">\n\t\t\t\t\t\t\t<button id=\"wpabstracts-login\" class=\"btn btn-info btn-block\">\n\t\t\t\t\t\t\t\tLogin\t\t\t\t\t\t\t\t<i class=\"fa fa-spinner fa-spin isloading\"><\/i>\n\t\t\t\t\t\t\t<\/button>\n\t\t\t\t\t\t<\/div>\n\t\t\t\t\t<\/div>\n\n\t\t\t\t\t<div class=\"wpabstracts form-group\">\n\t\t\t\t\t\t<div class=\"wpabstracts col-xs-12\">\n\t\t\t\t\t\t\t<input type=\"checkbox\" id=\"wpabstracts-remember\" value=\"forever\">\n\t\t\t\t\t\t\tRemember Me\t\t\t\t\t\t<\/div>\n\t\t\t\t\t<\/div>\n\n\t\t\t\t\t<div class=\"form-group\">\n\t\t\t\t\t\t<div class=\"col-md-12 control\">\n\t\t\t\t\t\t\t<div style=\"border-top: 1px solid #ccc; padding-top:15px; font-size:14px\">\n\t\t\t\t\t\t\t\t\t\t\t\t\t\t\t<\/div>\n\t\t\t\t\t\t<\/div>\n\t\t\t\t\t<\/div>\n\t\t\t\t\t<input type=\"hidden\" id=\"wpabstracts_login_nonce\" name=\"wpabstracts_login_nonce\" value=\"58f41060ac\" \/><input type=\"hidden\" name=\"_wp_http_referer\" value=\"\/index.php\/wp-json\/wp\/v2\/pages\/1661\" \/>\t\t\t\t<\/form>\n\t\t\t<\/div>\n\t\t<\/div>\n\t<\/div>\n<\/div>\n<script type=\"text\/javascript\">\n\tjQuery(document).ready(function() {\n\t\tvar rememberme = localStorage.getItem('wpa_remember');\n\t\tif (rememberme) {\n\t\t\tvar rem = JSON.parse(rememberme);\n\t\t\tjQuery('#wpabstracts-remember').attr('checked', rem.remember);\n\t\t\tif (rem.remember) {\n\t\t\t\tjQuery('#wpabstracts-username').val(rem.username);\n\t\t\t}\n\t\t}\n\n\t\tvar manageLoader = function(show) {\n\t\t\tif (show) {\n\t\t\t\tjQuery('#wpabstracts-login i').removeClass('isloading');\n\t\t\t} else {\n\t\t\t\tjQuery('#wpabstracts-login i').addClass('isloading');\n\t\t\t}\n\t\t};\n\n\t\tjQuery('#wpabstracts-login').on('click', function(e) {\n\t\t\te.preventDefault();\n\t\t\tvar username = jQuery('#wpabstracts-username').val();\n\t\t\tvar password = jQuery('#wpabstracts-password').val();\n\t\t\tvar captcha = jQuery('#captcha_input').val();\n\t\t\tvar hash = jQuery('#captcha_hash').val();\n\t\t\tvar nonce = jQuery('#wpabstracts_login_nonce').val();\n\t\t\tvar remember = jQuery('#wpabstracts-remember').is(':checked');\n\n\t\t\tif (!username || !password) {\n\t\t\t\tjQuery('#wpabstracts-alert').text(wpabstracts.sign_in_msg).show();\n\t\t\t\treturn;\n\t\t\t}\n\n\t\t\tif (hash && !captcha) {\n\t\t\t\tjQuery('#wpabstracts-alert').text(wpabstracts.captcha_required).show();\n\t\t\t\treturn;\n\t\t\t}\n\n\t\t\tvar rememberMe = {\n\t\t\t\t'remember': remember,\n\t\t\t\t'username': username\n\t\t\t};\n\t\t\tlocalStorage.setItem('wpa_remember', JSON.stringify(rememberMe));\n\n\t\t\tmanageLoader(true);\n\n\t\t\tvar ajax_data = {\n\t\t\t\taction: 'wpa_login',\n\t\t\t\tlog: username,\n\t\t\t\tpwd: password,\n\t\t\t\tcaptcha_input: captcha,\n\t\t\t\tcaptcha_hash: hash,\n\t\t\t\trememberme: remember,\n\t\t\t\tnonce\n\t\t\t};\n\n\t\t\tjQuery.ajax({\n\t\t\t\turl: wpabstracts.ajaxurl,\n\t\t\t\ttype: 'POST',\n\t\t\t\tdata: ajax_data,\n\t\t\t\tsuccess: function(data) {\n\t\t\t\t\tif (data.success) {\n\t\t\t\t\t\tjQuery('#wpabstracts-alert')\n\t\t\t\t\t\t\t.removeClass('alert-danger')\n\t\t\t\t\t\t\t.addClass('alert-info')\n\t\t\t\t\t\t\t.text(data.message)\n\t\t\t\t\t\t\t.show();\n\t\t\t\t\t\twindow.location.href = data.redirect;\n\t\t\t\t\t} else {\n\t\t\t\t\t\tjQuery('#wpabstracts-alert').text(data.message).show();\n\t\t\t\t\t\tmanageLoader(false);\n\t\t\t\t\t}\n\t\t\t\t},\n\t\t\t\terror: function(xhr, status) {\n\t\t\t\t\tmanageLoader(false);\n\t\t\t\t\tconsole.log('Login Ajax Error: ', xhr);\n\t\t\t\t}\n\t\t\t});\n\t\t});\n\n\t\t\/\/ Toggle password visibility\n\t\tconst passwordInput = document.getElementById('wpabstracts-password');\n\t\tconst passwordIcon = document.getElementById('password-icon');\n\t\tconst toggle = document.querySelector('.password-toggle');\n\n\t\ttoggle.addEventListener('click', function() {\n\t\t\t\/\/ Toggle password visibility\n\t\t\tif (passwordInput.type === 'password') {\n\t\t\t\tpasswordInput.type = 'text';\n\t\t\t\tpasswordIcon.classList.remove('glyphicon-eye-open');\n\t\t\t\tpasswordIcon.classList.add('glyphicon-eye-close');\n\t\t\t} else {\n\t\t\t\tpasswordInput.type = 'password';\n\t\t\t\tpasswordIcon.classList.remove('glyphicon-eye-close');\n\t\t\t\tpasswordIcon.classList.add('glyphicon-eye-open');\n\t\t\t}\n\t\t});\n\t});\n<\/script>\n","protected":false},"excerpt":{"rendered":"<p>Bienvenue, Cher(e) Coll\u00e8gue, Engagement \u00c9thique L&rsquo;adh\u00e9sion \u00e0 ce Comit\u00e9 implique l&rsquo;engagement d&rsquo;\u00e9valuer avec objectivit\u00e9, impartialit\u00e9 et rigueur les travaux qui vous seront confi\u00e9s par vos pairs. Processus de Gestion en Ligne Pour cette \u00c9dition 2026, nous avons simplifi\u00e9 votre workflow [&#8230;]<\/p>\n","protected":false},"author":1,"featured_media":0,"parent":0,"menu_order":0,"comment_status":"closed","ping_status":"closed","template":"","meta":{"footnotes":""},"class_list":["post-1661","page","type-page","status-publish","hentry"],"_links":{"self":[{"href":"https:\/\/colscitech.edilf.eu\/index.php\/wp-json\/wp\/v2\/pages\/1661","targetHints":{"allow":["GET"]}}],"collection":[{"href":"https:\/\/colscitech.edilf.eu\/index.php\/wp-json\/wp\/v2\/pages"}],"about":[{"href":"https:\/\/colscitech.edilf.eu\/index.php\/wp-json\/wp\/v2\/types\/page"}],"author":[{"embeddable":true,"href":"https:\/\/colscitech.edilf.eu\/index.php\/wp-json\/wp\/v2\/users\/1"}],"replies":[{"embeddable":true,"href":"https:\/\/colscitech.edilf.eu\/index.php\/wp-json\/wp\/v2\/comments?post=1661"}],"version-history":[{"count":2,"href":"https:\/\/colscitech.edilf.eu\/index.php\/wp-json\/wp\/v2\/pages\/1661\/revisions"}],"predecessor-version":[{"id":1663,"href":"https:\/\/colscitech.edilf.eu\/index.php\/wp-json\/wp\/v2\/pages\/1661\/revisions\/1663"}],"wp:attachment":[{"href":"https:\/\/colscitech.edilf.eu\/index.php\/wp-json\/wp\/v2\/media?parent=1661"}],"curies":[{"name":"wp","href":"https:\/\/api.w.org\/{rel}","templated":true}]}}