{"id":498,"date":"2025-01-22T03:05:38","date_gmt":"2025-01-22T02:05:38","guid":{"rendered":"https:\/\/colscitech.edilf.eu\/?page_id=498"},"modified":"2025-05-29T15:39:06","modified_gmt":"2025-05-29T13:39:06","slug":"scientific-comittee","status":"publish","type":"page","link":"https:\/\/colscitech.edilf.eu\/index.php\/scientific-comittee\/","title":{"rendered":"Scientific Comittee"},"content":{"rendered":"<p>The Scientific Committee, which guarantees the quality of the work presented during the workshops, is composed solely of teachers and researchers of rank A, specialists in their fields.<\/p>\n<p><strong>President<\/strong>:<\/p>\n<ul>\n<li>Professor Fr\u00e9d\u00e9ric OUATTARA, Norbert ZONGO University, Koudougou\/Burkina Faso.<\/li>\n<\/ul>\n<p><strong>Members<\/strong>:<\/p>\n<p>1. Professor Andr\u00e9 CONSEIBO, Norbert ZONGO University, Burkina Faso<br \/>\n2. Professor Betaboale NAON, Nazi BONI University, Burkina Faso<br \/>\n3. Professor Bila G\u00e9rard SEGDA, Joseph KI-ZERBO University, Burkina Faso<br \/>\n4. Professor Fran\u00e7ois ZOUGMORE, International Center for Energy, Water, Environment and Climate Change, Burkina Faso<br \/>\n5. Professor Ladji KANE, University of Social Sciences and Management of Bamako USSGB\/FSEG, Mali<br \/>\n6. Dr. Bawindsom Marcel KEBRE, Associate Professor, Joseph KI-ZERBO University, Burkina Faso<br \/>\n7. Dr. Eloi TIENDREBEOGO, Associate Professor, Ecole Normale Sup\u00e9rieure, Burkina Faso<br \/>\n8. Dr. Franck Davis Regis LANGA, Associate Professor, Marien Ngouabi University, Congo-Brazzaville<br \/>\n9. Dr. Fransisco KONAN, Associate Professor, Ecole Normale Sup\u00e9rieure (ENS) Abidjan, C\u00f4te d&rsquo;Ivoire<br \/>\n10. Dr. Hod\u00e9v\u00e8wan Cl\u00e9ment MIWADINOU, Associate Professor, National University of Science, Technology, and Engineering and Mathematics, Benin<br \/>\n11. Dr. Ibrahim LY, Associate Professor, Joseph KI-ZERBO University, Burkina Faso<br \/>\n12. Dr. Justin ZAIDA, Associate Professor, Ecole Polytechnique de Ouagadougou, Burkina Faso<br \/>\n13. Dr. Mahamat ADOUM ABDRAMAN, Associate Professor, University of N&rsquo;djamena, Chad<br \/>\n14. Dr. Mathieu WANGSO, Associate Professor, University of Ngaoundere, Ngaoundere University Institute of Technology, Cameroon<br \/>\n15. Dr. Moumini K\u00c9R\u00c9, Associate Professor, Ecole Normale Sup\u00e9rieure, Burkina Faso<br \/>\n16. Dr. Rachidi Ad\u00e9niyi Akambi YESSOUFOU, Associate Professor, University of Abomey Calavi, Benin<br \/>\n17. Dr. Suh FRU, Associate Professor, University of Buea, Cameroon<br \/>\n18. Dr. Takele Ferede Agajie, Associate Professor, Debre Markos University, Ethiopia<br \/>\n19. Dr. Victorien KONANE, Associate Professor, Joseph University KI-ZERBO, Burkina Faso<br \/>\n20. Dr. Wendpanga Jacob YOUGBARE, Associate Professor, Norbert ZONGO University, Burkina Faso<\/p>\n<p>&nbsp;<\/p>\n<p>This Committee is responsible for supervising the symposium in compliance with the rules of transparency and scientific rigor. It is made up of:<\/p>\n<p>a) Syposium Design and Implementation Committee;<\/p>\n<p>b) International Abstract Reading Committee;<\/p>\n<p>c) Oral presentation evaluation and validation committee.<\/p>\n<p>To join the <strong>Scientific Committee<\/strong>, you must be either:<\/p>\n<p><strong>Lecturer (Associate)\/Research Professor,<\/strong><br \/>\n<strong>Full Professor\/Research Director.<\/strong><\/p>\n<p>Register here:<\/p>\n<blockquote class=\"wp-embedded-content\" data-secret=\"OsFQqdaasa\"><p><a href=\"https:\/\/colscitech.edilf.eu\/index.php\/en\/registering-as-scientific-comittee-member\/\">Registering as scientific comittee member<\/a><\/p><\/blockquote>\n<p><iframe class=\"wp-embedded-content\" sandbox=\"allow-scripts\" security=\"restricted\" style=\"position: absolute; visibility: hidden;\" title=\"\u00ab\u00a0Registering as scientific comittee member\u00a0\u00bb &#8212; Colloques Interantionaux sur les Sciences et l&#039;Innovation Technologique\" src=\"https:\/\/colscitech.edilf.eu\/index.php\/en\/registering-as-scientific-comittee-member\/embed\/#?secret=cccFfHvU5k#?secret=OsFQqdaasa\" data-secret=\"OsFQqdaasa\" width=\"600\" height=\"338\" frameborder=\"0\" marginwidth=\"0\" marginheight=\"0\" scrolling=\"no\"><\/iframe><\/p>\n<p>&nbsp;<\/p>\n","protected":false},"excerpt":{"rendered":"<p>The Scientific Committee, which guarantees the quality of the work presented during the workshops, is composed solely of teachers and researchers of rank A, specialists in their fields. President: Professor Fr\u00e9d\u00e9ric OUATTARA, Norbert ZONGO University, Koudougou\/Burkina Faso. Members: 1. Professor [&#8230;]<\/p>\n","protected":false},"author":1,"featured_media":0,"parent":0,"menu_order":0,"comment_status":"closed","ping_status":"closed","template":"","meta":{"footnotes":""},"class_list":["post-498","page","type-page","status-publish","hentry"],"_links":{"self":[{"href":"https:\/\/colscitech.edilf.eu\/index.php\/wp-json\/wp\/v2\/pages\/498","targetHints":{"allow":["GET"]}}],"collection":[{"href":"https:\/\/colscitech.edilf.eu\/index.php\/wp-json\/wp\/v2\/pages"}],"about":[{"href":"https:\/\/colscitech.edilf.eu\/index.php\/wp-json\/wp\/v2\/types\/page"}],"author":[{"embeddable":true,"href":"https:\/\/colscitech.edilf.eu\/index.php\/wp-json\/wp\/v2\/users\/1"}],"replies":[{"embeddable":true,"href":"https:\/\/colscitech.edilf.eu\/index.php\/wp-json\/wp\/v2\/comments?post=498"}],"version-history":[{"count":7,"href":"https:\/\/colscitech.edilf.eu\/index.php\/wp-json\/wp\/v2\/pages\/498\/revisions"}],"predecessor-version":[{"id":764,"href":"https:\/\/colscitech.edilf.eu\/index.php\/wp-json\/wp\/v2\/pages\/498\/revisions\/764"}],"wp:attachment":[{"href":"https:\/\/colscitech.edilf.eu\/index.php\/wp-json\/wp\/v2\/media?parent=498"}],"curies":[{"name":"wp","href":"https:\/\/api.w.org\/{rel}","templated":true}]}}