{"id":601,"date":"2025-05-11T00:10:48","date_gmt":"2025-05-10T22:10:48","guid":{"rendered":"https:\/\/colscitech.edilf.eu\/?page_id=601"},"modified":"2025-05-11T00:21:51","modified_gmt":"2025-05-10T22:21:51","slug":"soumission-de-resume2","status":"publish","type":"page","link":"https:\/\/colscitech.edilf.eu\/index.php\/soumission-de-resume2\/","title":{"rendered":"Soumission de resume2"},"content":{"rendered":"<p>Veuillez remplir ce formulaire pour soumettre votre r\u00e9sum\u00e9 de <strong>Communication Orale<\/strong> \u00e0 la <strong>2\u00e8me Edition AISSER<\/strong>.<\/p>\n<p>[forminator_form id=\u00a0\u00bb582&Prime;]<\/p>\n","protected":false},"excerpt":{"rendered":"<p>Veuillez remplir ce formulaire pour soumettre votre r\u00e9sum\u00e9 de Communication Orale \u00e0 la 2\u00e8me Edition AISSER. [forminator_form id=\u00a0\u00bb582&Prime;]<\/p>\n","protected":false},"author":1,"featured_media":0,"parent":0,"menu_order":0,"comment_status":"closed","ping_status":"closed","template":"","meta":{"footnotes":""},"class_list":["post-601","page","type-page","status-publish","hentry"],"_links":{"self":[{"href":"https:\/\/colscitech.edilf.eu\/index.php\/wp-json\/wp\/v2\/pages\/601","targetHints":{"allow":["GET"]}}],"collection":[{"href":"https:\/\/colscitech.edilf.eu\/index.php\/wp-json\/wp\/v2\/pages"}],"about":[{"href":"https:\/\/colscitech.edilf.eu\/index.php\/wp-json\/wp\/v2\/types\/page"}],"author":[{"embeddable":true,"href":"https:\/\/colscitech.edilf.eu\/index.php\/wp-json\/wp\/v2\/users\/1"}],"replies":[{"embeddable":true,"href":"https:\/\/colscitech.edilf.eu\/index.php\/wp-json\/wp\/v2\/comments?post=601"}],"version-history":[{"count":3,"href":"https:\/\/colscitech.edilf.eu\/index.php\/wp-json\/wp\/v2\/pages\/601\/revisions"}],"predecessor-version":[{"id":607,"href":"https:\/\/colscitech.edilf.eu\/index.php\/wp-json\/wp\/v2\/pages\/601\/revisions\/607"}],"wp:attachment":[{"href":"https:\/\/colscitech.edilf.eu\/index.php\/wp-json\/wp\/v2\/media?parent=601"}],"curies":[{"name":"wp","href":"https:\/\/api.w.org\/{rel}","templated":true}]}}