{"id":741,"date":"2025-05-23T00:13:23","date_gmt":"2025-05-22T22:13:23","guid":{"rendered":"https:\/\/colscitech.edilf.eu\/?page_id=741"},"modified":"2025-05-23T00:13:23","modified_gmt":"2025-05-22T22:13:23","slug":"soumission-de-resume2-2","status":"publish","type":"page","link":"https:\/\/colscitech.edilf.eu\/index.php\/soumission-de-resume2-2\/","title":{"rendered":"Original Soumission de resume2"},"content":{"rendered":"<p>Veuillez remplir ce formulaire pour soumettre votre r\u00e9sum\u00e9 de <strong>Communication Orale<\/strong> \u00e0 la <strong>2\u00e8me Edition AISSER<\/strong>.<\/p>\n<p>[forminator_form id=\u00a0\u00bb582&Prime;]<\/p>\n","protected":false},"excerpt":{"rendered":"<p>Veuillez remplir ce formulaire pour soumettre votre r\u00e9sum\u00e9 de Communication Orale \u00e0 la 2\u00e8me Edition AISSER. [forminator_form id=\u00a0\u00bb582&Prime;]<\/p>\n","protected":false},"author":1,"featured_media":0,"parent":0,"menu_order":0,"comment_status":"closed","ping_status":"closed","template":"","meta":{"footnotes":""},"class_list":["post-741","page","type-page","status-publish","hentry"],"_links":{"self":[{"href":"https:\/\/colscitech.edilf.eu\/index.php\/wp-json\/wp\/v2\/pages\/741","targetHints":{"allow":["GET"]}}],"collection":[{"href":"https:\/\/colscitech.edilf.eu\/index.php\/wp-json\/wp\/v2\/pages"}],"about":[{"href":"https:\/\/colscitech.edilf.eu\/index.php\/wp-json\/wp\/v2\/types\/page"}],"author":[{"embeddable":true,"href":"https:\/\/colscitech.edilf.eu\/index.php\/wp-json\/wp\/v2\/users\/1"}],"replies":[{"embeddable":true,"href":"https:\/\/colscitech.edilf.eu\/index.php\/wp-json\/wp\/v2\/comments?post=741"}],"version-history":[{"count":1,"href":"https:\/\/colscitech.edilf.eu\/index.php\/wp-json\/wp\/v2\/pages\/741\/revisions"}],"predecessor-version":[{"id":742,"href":"https:\/\/colscitech.edilf.eu\/index.php\/wp-json\/wp\/v2\/pages\/741\/revisions\/742"}],"wp:attachment":[{"href":"https:\/\/colscitech.edilf.eu\/index.php\/wp-json\/wp\/v2\/media?parent=741"}],"curies":[{"name":"wp","href":"https:\/\/api.w.org\/{rel}","templated":true}]}}