{"id":743,"date":"2025-05-23T00:25:47","date_gmt":"2025-05-22T22:25:47","guid":{"rendered":"https:\/\/colscitech.edilf.eu\/?page_id=743"},"modified":"2025-12-22T20:12:59","modified_gmt":"2025-12-22T19:12:59","slug":"soumission-de-resume","status":"publish","type":"page","link":"https:\/\/colscitech.edilf.eu\/index.php\/soumission-de-resume\/","title":{"rendered":"Soumission de resume"},"content":{"rendered":"<p><strong>Bienvenue!<\/strong><br \/>\nLa soumission de r\u00e9sum\u00e9 en ligne va maintenant se faire en\u00a0<strong>deux \u00e9tapes<\/strong>.<\/p>\n<p>1) Dans cette premi\u00e8re \u00e9tape, vous allez <strong>d&rsquo;abord cr\u00e9er votre compte en ligne<\/strong>.<\/p>\n<p>Il suffit vous suffira de cliquer le lien <strong>\u00ab\u00a0Create Account\u00a0\u00bb<\/strong> en bas vers la fin de cette page pour cr\u00e9er votre compte:<\/p>\n<p>2)Une fois votre compte cr\u00e9\u00e9, il faut se connecter avec votre <strong>identifiant<\/strong> (adresse mail fournie) et <strong>votre mot de passe <\/strong>sur cette plateforme.\u00a0 Ensuite il faut clique le bouton<strong> \u00ab\u00a0Submit abstract\u00a0\u00bb (Nouveau r\u00e9sum\u00e9)<\/strong> comme illustr\u00e9 ci-dessous avec un cercle rouge.<\/p>\n<p><img fetchpriority=\"high\" decoding=\"async\" class=\"alignnone size-full wp-image-1114\" src=\"http:\/\/colscitech.edilf.eu\/wp-content\/uploads\/2025\/12\/Connexionplateforme.png\" alt=\"\" width=\"824\" height=\"134\" srcset=\"https:\/\/colscitech.edilf.eu\/wp-content\/uploads\/2025\/12\/Connexionplateforme.png 824w, https:\/\/colscitech.edilf.eu\/wp-content\/uploads\/2025\/12\/Connexionplateforme-300x49.png 300w, https:\/\/colscitech.edilf.eu\/wp-content\/uploads\/2025\/12\/Connexionplateforme-768x125.png 768w\" sizes=\"(max-width: 824px) 100vw, 824px\" \/><\/p>\n<p>&nbsp;<\/p>\n<div class=\"wpabstracts container\">\n\t<div id=\"loginbox\" style=\"margin-top:50px;\" class=\"mainbox col-md-6 col-md-offset-3 col-sm-8 col-sm-offset-2\">\n\t\t<div style=\"padding: 10px 0;\">\n\t\t\tPlease sign in for your conference participation\t\t<\/div>\n\t\t<div class=\"wpabstracts panel panel-default\">\n\t\t\t<div class=\"wpabstracts panel-heading\">\n\t\t\t\t<div class=\"wpabstracts panel-title\">\n\t\t\t\t\tSign In\t\t\t\t<\/div>\n\t\t\t\t<div style=\"float:right; font-size: 80%; position: relative; top:-18px\">Forgot Password <a href=https:\/\/colscitech.edilf.eu\/index.php\/soumission-de-resume\/?task=lostpassword>Reset<\/a><\/div>\n\t\t\t<\/div>\n\n\t\t\t<div style=\"padding-top:30px\" class=\"wpabstracts panel-body\">\n\n\t\t\t\t<div style=\"display:none\" id=\"wpabstracts-alert\" class=\"wpabstracts alert alert-danger col-sm-12\"><\/div>\n\n\t\t\t\t<form id=\"loginform\" class=\"wpabstracts form-horizontal\" role=\"form\">\n\n\t\t\t\t\t<div style=\"margin-bottom: 25px\" class=\"wpabstracts input-group\">\n\t\t\t\t\t\t<span class=\"input-group-addon\"><i class=\"glyphicon glyphicon-user\"><\/i><\/span>\n\t\t\t\t\t\t<input id=\"wpabstracts-username\" type=\"text\" class=\"wpabstracts form-control\" name=\"username\" value=\"\" placeholder=\"username or email\">\n\t\t\t\t\t<\/div>\n\n\t\t\t\t\t<div style=\"margin-bottom: 25px\" class=\"wpabstracts input-group\">\n\t\t\t\t\t\t<span class=\"input-group-addon\"><i class=\"glyphicon glyphicon-lock\"><\/i><\/span>\n\t\t\t\t\t\t<input id=\"wpabstracts-password\" type=\"password\" class=\"wpabstracts form-control\" name=\"password\" placeholder=\"password\">\n\t\t\t\t\t\t<span class=\"input-group-addon password-toggle\" style=\"cursor: pointer;\">\n\t\t\t\t\t\t\t<i class=\"glyphicon glyphicon-eye-open\" id=\"password-icon\"><\/i>\n\t\t\t\t\t\t<\/span>\n\t\t\t\t\t<\/div>\n\n\t\t\t\t\t\t\t\t\t\t\t<div class=\"wpabstracts input-group\">\n\t\t\t\t\t\t\t\t\t\t<input type=\"hidden\" id=\"captcha_hash\" name=\"captcha_hash\" value=\"a9cdb5668f29442953d07f65bc1abde8\" \/>\n\t\t\t<label for=\"captcha_input\" class=\"wpabstracts control-label\">Enter security code (required)<\/label>\n\t\t\t<div class=\"row\">\n\t\t\t\t<div class=\"col-xs-8\">\n\t\t\t\t\t<div class=\"wpabstracts input-group\">\n\t\t\t\t\t\t<span class=\"input-group-addon\"><i class=\"fas fa-shield-alt\"><\/i><\/span>\n\t\t\t\t\t\t<input class=\"wpabstracts form-control\" type=\"text\" id=\"captcha_input\" name=\"captcha_input\" required>\n\t\t\t\t\t<\/div>\n\t\t\t\t<\/div>\n\t\t\t\t<div class=\"col-xs-4\">\n\t\t\t\t\t<img decoding=\"async\" src=\"data:image\/png;base64,iVBORw0KGgoAAAANSUhEUgAAAFAAAAAeCAIAAAA0IQ7mAAAACXBIWXMAAA7EAAAOxAGVKw4bAAAEYElEQVRYhe2Y20sqWxzH12iDZRe2RURX06KC6IKGhWlTEGhQWBRlT\/YfZCA9RfQU9SQEUfRSCEk9lL11pXK8hBDSxYdulCllYGShleXonIc5W8Rr7bOP59Du8zTr61rz+35nzaxZI4TjOPiTIP3XBuLNd+CvTkI8i2EY5vF4MAzDMMz7ExiGMzMz4+YBiuei1dvbe3l5mZiYmPATp9OZkZGhUqni5iF+M+zz+UgkklarhWHYL4rF4ra2trh5AAAAPF54PJ6Tk5NAZX9\/n8\/nPz8\/h3aenZ3lcrksFovFYh0cHBBif3\/\/+vo6cSyXy1ksFofDmZmZ+ZSN+AUORSaTjY+PR\/p1YmKCy+VarVai+fLyUldXJ5VKieb7+\/vU1JRMJvts0d+\/SjscDp\/PF7ObzWZTq9U9PT2ROiAI4na73W430dTr9e\/v73q93ul0AgBgGH54eKivr\/+sveDADodjbm6uu7t7dHSUUI6OjoaHh5ubmx8eHoI6Hx4ejo2NCQSCw8NDAMDe3t7AwIBEIhEKhSaTKXrhhYUFNptNp9MjdaisrKTRaBqNhmju7u62t7djGLa1tUUoOp3uNwR+fHzk8XiXl5f+S0scOBwOCIKCOldUVFRXV9\/f39vt9qWlpdvbW7lcvrKyQiaTJycno1R1uVwqlUosFkc3hyAIiqIAAJ\/PZzAYpFJpfn7+6uoqAODs7CwtLe0X3mfBgRkMRn5+Po7jOTk5hMLhcFJSUpKSkmg0WvBgEonNZgMANjY2cBzv7OwkRCaTeXNzE6Xq4uJicnIyn8+Pbg5BkOPj46enJ6PRWF5enpqaKhQKjUaj3W7X6XRcLvdTUf\/2HCpZrVYAAJPJ9CvX19fFxcVhxyckJAAAnE5nV1eXX6RSqV6vN1LJ19dXpVIpEolIpBgrSG1tLYVC0Wq1Ozs7AoEAANDS0oLj+NraGoqiPB4v+vCwhCl5cXEBACgsLPQrZrO5qKgo7HgiMIvFChRhGPZ4PJFKKpXKp6cnkUgU0xyFQuFwOBqNxmAwIAgCAKDT6WVlZcvLy2azuaqqKuYZQgkT+OrqCoIg\/3Jyenp6d3cXmD8QMpkMAMAwLEiMNMNOp1OhUNTU1GRnZ3\/EX1NT0\/b2dklJSVJSEqEIhUKLxVJbWxvzBglL+Fs6PT2dQqEQzenpaQCA\/5EOgtg2hQYOUvxsbW1VVVUNDg5+0B+fz8\/Nze3r6\/MrQqGwoKBAIpF88AxBhNlaulwu\/+5PoVA0NDSgKOrPH0TYGYZhOFLgjo6Ojo6Oj\/uj0WhBO+3MzMx\/svcOM8MMBsNut1sslvn5eSqVSqwN19fXNpstNAaJRIIg6O3tLVD0er3EV9Ev2\/r3II+MjARJTCZTrVZvbm42Nja2trYmJyejKHp+fk6j0UpLSwPfxiaTaWhoyOFwWCwWs9nM5\/MhCBoeHj4+Pv7x44dOp8vLy8vKyoproFjE9fPw\/8Af94\/Hd+Cvznfgr8534K\/Od+Cvzl\/SNlCDU+Rn0AAAAABJRU5ErkJggg==\" alt=\"captcha\" \/>\n\t\t\t\t<\/div>\n\t\t\t<\/div>\n\t\t\t\t\t\t\t<\/div>\n\t\t\t\t\t\n\t\t\t\t\t<div style=\"margin-top:10px\" class=\"wpabstracts form-group\">\n\t\t\t\t\t\t<div class=\"col-sm-12 controls\">\n\t\t\t\t\t\t\t<button id=\"wpabstracts-login\" class=\"btn btn-info btn-block\">\n\t\t\t\t\t\t\t\tLogin\t\t\t\t\t\t\t\t<i class=\"fa fa-spinner fa-spin isloading\"><\/i>\n\t\t\t\t\t\t\t<\/button>\n\t\t\t\t\t\t<\/div>\n\t\t\t\t\t<\/div>\n\n\t\t\t\t\t<div class=\"wpabstracts form-group\">\n\t\t\t\t\t\t<div class=\"wpabstracts col-xs-12\">\n\t\t\t\t\t\t\t<input type=\"checkbox\" id=\"wpabstracts-remember\" value=\"forever\">\n\t\t\t\t\t\t\tRemember Me\t\t\t\t\t\t<\/div>\n\t\t\t\t\t<\/div>\n\n\t\t\t\t\t<div class=\"form-group\">\n\t\t\t\t\t\t<div class=\"col-md-12 control\">\n\t\t\t\t\t\t\t<div style=\"border-top: 1px solid #ccc; padding-top:15px; font-size:14px\">\n\t\t\t\t\t\t\t\t\t\t\t\t\t\t\t<\/div>\n\t\t\t\t\t\t<\/div>\n\t\t\t\t\t<\/div>\n\t\t\t\t\t<input type=\"hidden\" id=\"wpabstracts_login_nonce\" name=\"wpabstracts_login_nonce\" value=\"46d90af1f6\" \/><input type=\"hidden\" name=\"_wp_http_referer\" value=\"\/index.php\/wp-json\/wp\/v2\/pages\/743\" \/>\t\t\t\t<\/form>\n\t\t\t<\/div>\n\t\t<\/div>\n\t<\/div>\n<\/div>\n<script type=\"text\/javascript\">\n\tjQuery(document).ready(function() {\n\t\tvar rememberme = localStorage.getItem('wpa_remember');\n\t\tif (rememberme) {\n\t\t\tvar rem = JSON.parse(rememberme);\n\t\t\tjQuery('#wpabstracts-remember').attr('checked', rem.remember);\n\t\t\tif (rem.remember) {\n\t\t\t\tjQuery('#wpabstracts-username').val(rem.username);\n\t\t\t}\n\t\t}\n\n\t\tvar manageLoader = function(show) {\n\t\t\tif (show) {\n\t\t\t\tjQuery('#wpabstracts-login i').removeClass('isloading');\n\t\t\t} else {\n\t\t\t\tjQuery('#wpabstracts-login i').addClass('isloading');\n\t\t\t}\n\t\t};\n\n\t\tjQuery('#wpabstracts-login').on('click', function(e) {\n\t\t\te.preventDefault();\n\t\t\tvar username = jQuery('#wpabstracts-username').val();\n\t\t\tvar password = jQuery('#wpabstracts-password').val();\n\t\t\tvar captcha = jQuery('#captcha_input').val();\n\t\t\tvar hash = jQuery('#captcha_hash').val();\n\t\t\tvar nonce = jQuery('#wpabstracts_login_nonce').val();\n\t\t\tvar remember = jQuery('#wpabstracts-remember').is(':checked');\n\n\t\t\tif (!username || !password) {\n\t\t\t\tjQuery('#wpabstracts-alert').text(wpabstracts.sign_in_msg).show();\n\t\t\t\treturn;\n\t\t\t}\n\n\t\t\tif (hash && !captcha) {\n\t\t\t\tjQuery('#wpabstracts-alert').text(wpabstracts.captcha_required).show();\n\t\t\t\treturn;\n\t\t\t}\n\n\t\t\tvar rememberMe = {\n\t\t\t\t'remember': remember,\n\t\t\t\t'username': username\n\t\t\t};\n\t\t\tlocalStorage.setItem('wpa_remember', JSON.stringify(rememberMe));\n\n\t\t\tmanageLoader(true);\n\n\t\t\tvar ajax_data = {\n\t\t\t\taction: 'wpa_login',\n\t\t\t\tlog: username,\n\t\t\t\tpwd: password,\n\t\t\t\tcaptcha_input: captcha,\n\t\t\t\tcaptcha_hash: hash,\n\t\t\t\trememberme: remember,\n\t\t\t\tnonce\n\t\t\t};\n\n\t\t\tjQuery.ajax({\n\t\t\t\turl: wpabstracts.ajaxurl,\n\t\t\t\ttype: 'POST',\n\t\t\t\tdata: ajax_data,\n\t\t\t\tsuccess: function(data) {\n\t\t\t\t\tif (data.success) {\n\t\t\t\t\t\tjQuery('#wpabstracts-alert')\n\t\t\t\t\t\t\t.removeClass('alert-danger')\n\t\t\t\t\t\t\t.addClass('alert-info')\n\t\t\t\t\t\t\t.text(data.message)\n\t\t\t\t\t\t\t.show();\n\t\t\t\t\t\twindow.location.href = data.redirect;\n\t\t\t\t\t} else {\n\t\t\t\t\t\tjQuery('#wpabstracts-alert').text(data.message).show();\n\t\t\t\t\t\tmanageLoader(false);\n\t\t\t\t\t}\n\t\t\t\t},\n\t\t\t\terror: function(xhr, status) {\n\t\t\t\t\tmanageLoader(false);\n\t\t\t\t\tconsole.log('Login Ajax Error: ', xhr);\n\t\t\t\t}\n\t\t\t});\n\t\t});\n\n\t\t\/\/ Toggle password visibility\n\t\tconst passwordInput = document.getElementById('wpabstracts-password');\n\t\tconst passwordIcon = document.getElementById('password-icon');\n\t\tconst toggle = document.querySelector('.password-toggle');\n\n\t\ttoggle.addEventListener('click', function() {\n\t\t\t\/\/ Toggle password visibility\n\t\t\tif (passwordInput.type === 'password') {\n\t\t\t\tpasswordInput.type = 'text';\n\t\t\t\tpasswordIcon.classList.remove('glyphicon-eye-open');\n\t\t\t\tpasswordIcon.classList.add('glyphicon-eye-close');\n\t\t\t} else {\n\t\t\t\tpasswordInput.type = 'password';\n\t\t\t\tpasswordIcon.classList.remove('glyphicon-eye-close');\n\t\t\t\tpasswordIcon.classList.add('glyphicon-eye-open');\n\t\t\t}\n\t\t});\n\t});\n<\/script>\n","protected":false},"excerpt":{"rendered":"<p>Bienvenue! La soumission de r\u00e9sum\u00e9 en ligne va maintenant se faire en\u00a0deux \u00e9tapes. 1) Dans cette premi\u00e8re \u00e9tape, vous allez d&rsquo;abord cr\u00e9er votre compte en ligne. Il suffit vous suffira de cliquer le lien \u00ab\u00a0Create Account\u00a0\u00bb en bas vers la [&#8230;]<\/p>\n","protected":false},"author":1,"featured_media":0,"parent":0,"menu_order":0,"comment_status":"closed","ping_status":"closed","template":"","meta":{"footnotes":""},"class_list":["post-743","page","type-page","status-publish","hentry"],"_links":{"self":[{"href":"https:\/\/colscitech.edilf.eu\/index.php\/wp-json\/wp\/v2\/pages\/743","targetHints":{"allow":["GET"]}}],"collection":[{"href":"https:\/\/colscitech.edilf.eu\/index.php\/wp-json\/wp\/v2\/pages"}],"about":[{"href":"https:\/\/colscitech.edilf.eu\/index.php\/wp-json\/wp\/v2\/types\/page"}],"author":[{"embeddable":true,"href":"https:\/\/colscitech.edilf.eu\/index.php\/wp-json\/wp\/v2\/users\/1"}],"replies":[{"embeddable":true,"href":"https:\/\/colscitech.edilf.eu\/index.php\/wp-json\/wp\/v2\/comments?post=743"}],"version-history":[{"count":5,"href":"https:\/\/colscitech.edilf.eu\/index.php\/wp-json\/wp\/v2\/pages\/743\/revisions"}],"predecessor-version":[{"id":1150,"href":"https:\/\/colscitech.edilf.eu\/index.php\/wp-json\/wp\/v2\/pages\/743\/revisions\/1150"}],"wp:attachment":[{"href":"https:\/\/colscitech.edilf.eu\/index.php\/wp-json\/wp\/v2\/media?parent=743"}],"curies":[{"name":"wp","href":"https:\/\/api.w.org\/{rel}","templated":true}]}}