{"id":765,"date":"2025-05-29T18:58:47","date_gmt":"2025-05-29T16:58:47","guid":{"rendered":"https:\/\/colscitech.edilf.eu\/?page_id=765"},"modified":"2025-05-29T19:00:06","modified_gmt":"2025-05-29T17:00:06","slug":"soumission-de-resume13-mai25","status":"publish","type":"page","link":"https:\/\/colscitech.edilf.eu\/index.php\/soumission-de-resume13-mai25\/","title":{"rendered":"soumission-de-resume13-mai25"},"content":{"rendered":"<p>Veuillez remplir ce formulaire pour soumettre votre r\u00e9sum\u00e9 de Communication Orale \u00e0 la 2\u00e8me Edition CISSER.<\/p>\n<p>[forminator_form id=\u00a0\u00bb708&Prime;]<\/p>\n","protected":false},"excerpt":{"rendered":"<p>Veuillez remplir ce formulaire pour soumettre votre r\u00e9sum\u00e9 de Communication Orale \u00e0 la 2\u00e8me Edition CISSER. [forminator_form id=\u00a0\u00bb708&Prime;]<\/p>\n","protected":false},"author":1,"featured_media":0,"parent":0,"menu_order":0,"comment_status":"closed","ping_status":"closed","template":"","meta":{"footnotes":""},"class_list":["post-765","page","type-page","status-publish","hentry"],"_links":{"self":[{"href":"https:\/\/colscitech.edilf.eu\/index.php\/wp-json\/wp\/v2\/pages\/765","targetHints":{"allow":["GET"]}}],"collection":[{"href":"https:\/\/colscitech.edilf.eu\/index.php\/wp-json\/wp\/v2\/pages"}],"about":[{"href":"https:\/\/colscitech.edilf.eu\/index.php\/wp-json\/wp\/v2\/types\/page"}],"author":[{"embeddable":true,"href":"https:\/\/colscitech.edilf.eu\/index.php\/wp-json\/wp\/v2\/users\/1"}],"replies":[{"embeddable":true,"href":"https:\/\/colscitech.edilf.eu\/index.php\/wp-json\/wp\/v2\/comments?post=765"}],"version-history":[{"count":3,"href":"https:\/\/colscitech.edilf.eu\/index.php\/wp-json\/wp\/v2\/pages\/765\/revisions"}],"predecessor-version":[{"id":768,"href":"https:\/\/colscitech.edilf.eu\/index.php\/wp-json\/wp\/v2\/pages\/765\/revisions\/768"}],"wp:attachment":[{"href":"https:\/\/colscitech.edilf.eu\/index.php\/wp-json\/wp\/v2\/media?parent=765"}],"curies":[{"name":"wp","href":"https:\/\/api.w.org\/{rel}","templated":true}]}}