{"id":771,"date":"2025-05-30T21:22:45","date_gmt":"2025-05-30T19:22:45","guid":{"rendered":"https:\/\/colscitech.edilf.eu\/?page_id=771"},"modified":"2025-05-30T21:26:13","modified_gmt":"2025-05-30T19:26:13","slug":"transfert-resume-soumis-edition2","status":"publish","type":"page","link":"https:\/\/colscitech.edilf.eu\/index.php\/transfert-resume-soumis-edition2\/","title":{"rendered":"Transfert des du r\u00e9sum\u00e9 Edition2"},"content":{"rendered":"<p>Ceci est un formulaire interne utili\u00e9 par l&rsquo;administration de CISSER pour transf\u00e9rer les r\u00e9sum\u00e9s de <strong>Communication Orale<\/strong> \u00e0 la <strong>2\u00e8me Edition CISSER<\/strong> qui posent des soucis techniques. Si vous tombez dessus en tant que communicateur, il faut cliquer fermer cette page et aller sur la page d&rsquo;accueil: https:\/\/colscitech.edilf.eu<\/p>\n<p>[forminator_form id=\u00a0\u00bb772&Prime;]<\/p>\n<p>&nbsp;<\/p>\n","protected":false},"excerpt":{"rendered":"<p>Ceci est un formulaire interne utili\u00e9 par l&rsquo;administration de CISSER pour transf\u00e9rer les r\u00e9sum\u00e9s de Communication Orale \u00e0 la 2\u00e8me Edition CISSER qui posent des soucis techniques. Si vous tombez dessus en tant que communicateur, il faut cliquer fermer cette [&#8230;]<\/p>\n","protected":false},"author":1,"featured_media":0,"parent":0,"menu_order":0,"comment_status":"closed","ping_status":"closed","template":"","meta":{"footnotes":""},"class_list":["post-771","page","type-page","status-publish","hentry"],"_links":{"self":[{"href":"https:\/\/colscitech.edilf.eu\/index.php\/wp-json\/wp\/v2\/pages\/771","targetHints":{"allow":["GET"]}}],"collection":[{"href":"https:\/\/colscitech.edilf.eu\/index.php\/wp-json\/wp\/v2\/pages"}],"about":[{"href":"https:\/\/colscitech.edilf.eu\/index.php\/wp-json\/wp\/v2\/types\/page"}],"author":[{"embeddable":true,"href":"https:\/\/colscitech.edilf.eu\/index.php\/wp-json\/wp\/v2\/users\/1"}],"replies":[{"embeddable":true,"href":"https:\/\/colscitech.edilf.eu\/index.php\/wp-json\/wp\/v2\/comments?post=771"}],"version-history":[{"count":3,"href":"https:\/\/colscitech.edilf.eu\/index.php\/wp-json\/wp\/v2\/pages\/771\/revisions"}],"predecessor-version":[{"id":775,"href":"https:\/\/colscitech.edilf.eu\/index.php\/wp-json\/wp\/v2\/pages\/771\/revisions\/775"}],"wp:attachment":[{"href":"https:\/\/colscitech.edilf.eu\/index.php\/wp-json\/wp\/v2\/media?parent=771"}],"curies":[{"name":"wp","href":"https:\/\/api.w.org\/{rel}","templated":true}]}}