{"id":806,"date":"2025-06-11T15:35:58","date_gmt":"2025-06-11T13:35:58","guid":{"rendered":"https:\/\/colscitech.edilf.eu\/?page_id=806"},"modified":"2025-12-22T17:52:08","modified_gmt":"2025-12-22T16:52:08","slug":"soumission-de-resume-en-ligne-1","status":"publish","type":"page","link":"https:\/\/colscitech.edilf.eu\/index.php\/soumission-de-resume-en-ligne-1\/","title":{"rendered":"Soumission de r\u00e9sum\u00e9 en ligne Edition 3"},"content":{"rendered":"<p><strong>Bienvenue!<\/strong><br \/>\nLa soumission de r\u00e9sum\u00e9 en ligne va maintenant se faire en <strong>deux \u00e9tapes<\/strong>. Contrairement \u00e0 l&rsquo;ancien formulaire, vous avez d&rsquo;abord cr\u00e9e votre compte \u00e0 la premi\u00e8re \u00e9tape.<br \/>\nVous \u00eates dans la seconde \u00e9tape. C&rsquo;est votre tableau de bord dans lequel vous pouvez:<br \/>\n1) Soumettre votre ou vos r\u00e9sum\u00e9s.<br \/>\n2) Cela vous permettra de suivre l\u2019\u00e9volution de vos soumissions en ligne.<br \/>\n3) Modifiez vos informations de profil si elles sont erron\u00e9es (voir: <strong><em>Mon Profil<\/em><\/strong> en haut).<br \/>\n<strong>En cas de difficult\u00e9<\/strong>, \u00e9criviez un mail \u00e0 : <strong>aisser2025@gmail.com<\/strong><br \/>\n<div class=\"wpabstracts container\">\n\t<div id=\"loginbox\" style=\"margin-top:50px;\" class=\"mainbox col-md-6 col-md-offset-3 col-sm-8 col-sm-offset-2\">\n\t\t<div style=\"padding: 10px 0;\">\n\t\t\tPlease sign in for your conference participation\t\t<\/div>\n\t\t<div class=\"wpabstracts panel panel-default\">\n\t\t\t<div class=\"wpabstracts panel-heading\">\n\t\t\t\t<div class=\"wpabstracts panel-title\">\n\t\t\t\t\tSign In\t\t\t\t<\/div>\n\t\t\t\t<div style=\"float:right; font-size: 80%; position: relative; top:-18px\">Forgot Password <a href=https:\/\/colscitech.edilf.eu\/index.php\/soumission-de-resume-en-ligne-1\/?task=lostpassword>Reset<\/a><\/div>\n\t\t\t<\/div>\n\n\t\t\t<div style=\"padding-top:30px\" class=\"wpabstracts panel-body\">\n\n\t\t\t\t<div style=\"display:none\" id=\"wpabstracts-alert\" class=\"wpabstracts alert alert-danger col-sm-12\"><\/div>\n\n\t\t\t\t<form id=\"loginform\" class=\"wpabstracts form-horizontal\" role=\"form\">\n\n\t\t\t\t\t<div style=\"margin-bottom: 25px\" class=\"wpabstracts input-group\">\n\t\t\t\t\t\t<span class=\"input-group-addon\"><i class=\"glyphicon glyphicon-user\"><\/i><\/span>\n\t\t\t\t\t\t<input id=\"wpabstracts-username\" type=\"text\" class=\"wpabstracts form-control\" name=\"username\" value=\"\" placeholder=\"username or email\">\n\t\t\t\t\t<\/div>\n\n\t\t\t\t\t<div style=\"margin-bottom: 25px\" class=\"wpabstracts input-group\">\n\t\t\t\t\t\t<span class=\"input-group-addon\"><i class=\"glyphicon glyphicon-lock\"><\/i><\/span>\n\t\t\t\t\t\t<input id=\"wpabstracts-password\" type=\"password\" class=\"wpabstracts form-control\" name=\"password\" placeholder=\"password\">\n\t\t\t\t\t\t<span class=\"input-group-addon password-toggle\" style=\"cursor: pointer;\">\n\t\t\t\t\t\t\t<i class=\"glyphicon glyphicon-eye-open\" id=\"password-icon\"><\/i>\n\t\t\t\t\t\t<\/span>\n\t\t\t\t\t<\/div>\n\n\t\t\t\t\t\t\t\t\t\t\t<div class=\"wpabstracts input-group\">\n\t\t\t\t\t\t\t\t\t\t<input type=\"hidden\" id=\"captcha_hash\" name=\"captcha_hash\" value=\"dd21212840d5ccf39db9ffa8ec1b2e67\" \/>\n\t\t\t<label for=\"captcha_input\" class=\"wpabstracts control-label\">Enter security code (required)<\/label>\n\t\t\t<div class=\"row\">\n\t\t\t\t<div class=\"col-xs-8\">\n\t\t\t\t\t<div class=\"wpabstracts input-group\">\n\t\t\t\t\t\t<span class=\"input-group-addon\"><i class=\"fas fa-shield-alt\"><\/i><\/span>\n\t\t\t\t\t\t<input class=\"wpabstracts form-control\" type=\"text\" id=\"captcha_input\" name=\"captcha_input\" required>\n\t\t\t\t\t<\/div>\n\t\t\t\t<\/div>\n\t\t\t\t<div class=\"col-xs-4\">\n\t\t\t\t\t<img decoding=\"async\" src=\"data:image\/png;base64,iVBORw0KGgoAAAANSUhEUgAAAFAAAAAeCAIAAAA0IQ7mAAAACXBIWXMAAA7EAAAOxAGVKw4bAAAE8klEQVRYhe2YXSi7bxjHr9+wseZljLG8bIQoraSVl7CMFEcsb0UOiFbKFCdOOFmJrCQHOPD+Vgtnw4E4UCONps2BmNgzNS9h7MXzzP\/gqeW\/18fz5\/fvp9\/n7Lm67uu+vl33dd13z6\/393f4c3A4HKurq6urqzqdbnZ2NjMz87MRAr8jre+DQqEUFBTY7XadTudwOMhE+PKcvhs2m41LZbPZJJYTrbDFYpmbmzs9PS0tLS0vLyex0xdyd3dHpVKjo6NJrCVU4dvb266urrS0NIPB0Nvbu7S05OLw+PioVCp7e3tXVlZIJPFZEARJSEggt9a\/YBRFJRJJTU1NUVFRa2srlUqNiIhw8Xl7e7u4uFAqlSaTiVweBLFYLCiKXl5eJiUlkYvg\/0ivr6+bTKaioiIAEAqFa2tr7s3DYrFqa2snJyepVCq5PPyi1WrHx8dVKlVoaOjz83NBQQG5OP4rrFQqc3JyKBQKAFAoFG+jAsMwAAgODiaXh28UCsX8\/LxMJlMqlenp6Xa7ncvlkgvlR7DNZjs+PiZy3VksFgCg0Wjk8gCA5+dnj\/adnZ2FhYW+vj46nR4eHt7c3AwAPB6P3C5+BJ+fn2MYlpiY6DeQ3W4HYhVGEEQul4tEopmZGQBAUVShUIjF4oqKCndnh8Mhk8kaGxuDgoJwi9FoBICvr7DNZpNKpW1tbQAwPDxcX1\/f0dHh467HBeM9vLu7293d3dPTo1ar3T3NZnN+fv7DwwPeBQCQm5vL4XA89v\/BwcHt7W1hYaHTcn19zWQy6XQ6UYn\/xqtgGo0mk8mqqqoAYGhoSCwWS6VSvJM9gh9pCoUil8sxDJNIJC8vL+3t7Vqt1sUzLS2NxWIBQExMDAAEBgZyOBwMwzxOh7OzMwaDERkZ6bRoNJrY2NjPqfyAryMdEhJyc3PDYrEyMjKqq6uTk5N9OOMVnp6ebmhoEAqFPB5vYGAgODh4YmLC3RlBEACIj493WgwGg8eb5vX11Wq1Oj\/VavXJyUlISIg\/XV7x08N6vZ7geMDTamlpcRaKwWCIRKKjoyN358vLSwBwjgaHw4EgiMeN4uLiUBTFjwmKont7e9nZ2WazmUhKHvEj+OrqiuB4sNls4Pa+5XK5T09PKIq6h2UwGEwmE\/\/c3t7GMMxjhYuLi8PCwuRy+fX19ejoaENDA4fD0ev1Kysr+\/v7RBJzwZdgo9FotVoJCsYr7DJ4mExmQECAuzOCIM6XsM1mW15eBoCoqCh3TwaDMTg4eH9\/39\/fX1NTw2Qyy8rKUlJSgoKCBAIBkcRc8PXS0uv1QPjG+zilnTw+PmZlZQUGuu5itVqdI3p0dLSqqurw8NBpcSEnJ0ehUDg\/+Xz+3NwckZQ84l9wamoqkUB4hV3GiUqlampqcndOTU09OjrS6XQbGxvZ2dn4w0alUr29vQkEAueV+x34OtJarZbH4328EnyAH92RkZGHhwfcsrm5GR8fjz\/CXWhubk5OTh4YGMjLyxMKhWw2u6SkBG\/sb1ULAL98\/OKprKwUiUSdnZ0EY+3s7ExNTZ2envL5\/OjoaD6fLxaLvyjPr+PdCxqNRiAQ3NzceHPwxt3dnclk+uyq34bXHl5cXKyrqyPxG4VgC\/xfeO7h\/f19BEE6Ojp+cza\/AQ+CzWbz1tbW2NiY+3XyA\/A1tH4kf95v2v\/IX8E\/nb+Cfzr\/ACvB1TnFzHADAAAAAElFTkSuQmCC\" alt=\"captcha\" \/>\n\t\t\t\t<\/div>\n\t\t\t<\/div>\n\t\t\t\t\t\t\t<\/div>\n\t\t\t\t\t\n\t\t\t\t\t<div style=\"margin-top:10px\" class=\"wpabstracts form-group\">\n\t\t\t\t\t\t<div class=\"col-sm-12 controls\">\n\t\t\t\t\t\t\t<button id=\"wpabstracts-login\" class=\"btn btn-info btn-block\">\n\t\t\t\t\t\t\t\tLogin\t\t\t\t\t\t\t\t<i class=\"fa fa-spinner fa-spin isloading\"><\/i>\n\t\t\t\t\t\t\t<\/button>\n\t\t\t\t\t\t<\/div>\n\t\t\t\t\t<\/div>\n\n\t\t\t\t\t<div class=\"wpabstracts form-group\">\n\t\t\t\t\t\t<div class=\"wpabstracts col-xs-12\">\n\t\t\t\t\t\t\t<input type=\"checkbox\" id=\"wpabstracts-remember\" value=\"forever\">\n\t\t\t\t\t\t\tRemember Me\t\t\t\t\t\t<\/div>\n\t\t\t\t\t<\/div>\n\n\t\t\t\t\t<div class=\"form-group\">\n\t\t\t\t\t\t<div class=\"col-md-12 control\">\n\t\t\t\t\t\t\t<div style=\"border-top: 1px solid #ccc; padding-top:15px; font-size:14px\">\n\t\t\t\t\t\t\t\t\t\t\t\t\t\t\t<\/div>\n\t\t\t\t\t\t<\/div>\n\t\t\t\t\t<\/div>\n\t\t\t\t\t<input type=\"hidden\" id=\"wpabstracts_login_nonce\" name=\"wpabstracts_login_nonce\" value=\"46d90af1f6\" \/><input type=\"hidden\" name=\"_wp_http_referer\" value=\"\/index.php\/wp-json\/wp\/v2\/pages\/806\" \/>\t\t\t\t<\/form>\n\t\t\t<\/div>\n\t\t<\/div>\n\t<\/div>\n<\/div>\n<script type=\"text\/javascript\">\n\tjQuery(document).ready(function() {\n\t\tvar rememberme = localStorage.getItem('wpa_remember');\n\t\tif (rememberme) {\n\t\t\tvar rem = JSON.parse(rememberme);\n\t\t\tjQuery('#wpabstracts-remember').attr('checked', rem.remember);\n\t\t\tif (rem.remember) {\n\t\t\t\tjQuery('#wpabstracts-username').val(rem.username);\n\t\t\t}\n\t\t}\n\n\t\tvar manageLoader = function(show) {\n\t\t\tif (show) {\n\t\t\t\tjQuery('#wpabstracts-login i').removeClass('isloading');\n\t\t\t} else {\n\t\t\t\tjQuery('#wpabstracts-login i').addClass('isloading');\n\t\t\t}\n\t\t};\n\n\t\tjQuery('#wpabstracts-login').on('click', function(e) {\n\t\t\te.preventDefault();\n\t\t\tvar username = jQuery('#wpabstracts-username').val();\n\t\t\tvar password = jQuery('#wpabstracts-password').val();\n\t\t\tvar captcha = jQuery('#captcha_input').val();\n\t\t\tvar hash = jQuery('#captcha_hash').val();\n\t\t\tvar nonce = jQuery('#wpabstracts_login_nonce').val();\n\t\t\tvar remember = jQuery('#wpabstracts-remember').is(':checked');\n\n\t\t\tif (!username || !password) {\n\t\t\t\tjQuery('#wpabstracts-alert').text(wpabstracts.sign_in_msg).show();\n\t\t\t\treturn;\n\t\t\t}\n\n\t\t\tif (hash && !captcha) {\n\t\t\t\tjQuery('#wpabstracts-alert').text(wpabstracts.captcha_required).show();\n\t\t\t\treturn;\n\t\t\t}\n\n\t\t\tvar rememberMe = {\n\t\t\t\t'remember': remember,\n\t\t\t\t'username': username\n\t\t\t};\n\t\t\tlocalStorage.setItem('wpa_remember', JSON.stringify(rememberMe));\n\n\t\t\tmanageLoader(true);\n\n\t\t\tvar ajax_data = {\n\t\t\t\taction: 'wpa_login',\n\t\t\t\tlog: username,\n\t\t\t\tpwd: password,\n\t\t\t\tcaptcha_input: captcha,\n\t\t\t\tcaptcha_hash: hash,\n\t\t\t\trememberme: remember,\n\t\t\t\tnonce\n\t\t\t};\n\n\t\t\tjQuery.ajax({\n\t\t\t\turl: wpabstracts.ajaxurl,\n\t\t\t\ttype: 'POST',\n\t\t\t\tdata: ajax_data,\n\t\t\t\tsuccess: function(data) {\n\t\t\t\t\tif (data.success) {\n\t\t\t\t\t\tjQuery('#wpabstracts-alert')\n\t\t\t\t\t\t\t.removeClass('alert-danger')\n\t\t\t\t\t\t\t.addClass('alert-info')\n\t\t\t\t\t\t\t.text(data.message)\n\t\t\t\t\t\t\t.show();\n\t\t\t\t\t\twindow.location.href = data.redirect;\n\t\t\t\t\t} else {\n\t\t\t\t\t\tjQuery('#wpabstracts-alert').text(data.message).show();\n\t\t\t\t\t\tmanageLoader(false);\n\t\t\t\t\t}\n\t\t\t\t},\n\t\t\t\terror: function(xhr, status) {\n\t\t\t\t\tmanageLoader(false);\n\t\t\t\t\tconsole.log('Login Ajax Error: ', xhr);\n\t\t\t\t}\n\t\t\t});\n\t\t});\n\n\t\t\/\/ Toggle password visibility\n\t\tconst passwordInput = document.getElementById('wpabstracts-password');\n\t\tconst passwordIcon = document.getElementById('password-icon');\n\t\tconst toggle = document.querySelector('.password-toggle');\n\n\t\ttoggle.addEventListener('click', function() {\n\t\t\t\/\/ Toggle password visibility\n\t\t\tif (passwordInput.type === 'password') {\n\t\t\t\tpasswordInput.type = 'text';\n\t\t\t\tpasswordIcon.classList.remove('glyphicon-eye-open');\n\t\t\t\tpasswordIcon.classList.add('glyphicon-eye-close');\n\t\t\t} else {\n\t\t\t\tpasswordInput.type = 'password';\n\t\t\t\tpasswordIcon.classList.remove('glyphicon-eye-close');\n\t\t\t\tpasswordIcon.classList.add('glyphicon-eye-open');\n\t\t\t}\n\t\t});\n\t});\n<\/script><\/p>\n","protected":false},"excerpt":{"rendered":"<p>Bienvenue! La soumission de r\u00e9sum\u00e9 en ligne va maintenant se faire en deux \u00e9tapes. Contrairement \u00e0 l&rsquo;ancien formulaire, vous avez d&rsquo;abord cr\u00e9e votre compte \u00e0 la premi\u00e8re \u00e9tape. Vous \u00eates dans la seconde \u00e9tape. C&rsquo;est votre tableau de bord dans [&#8230;]<\/p>\n","protected":false},"author":1,"featured_media":0,"parent":0,"menu_order":0,"comment_status":"closed","ping_status":"closed","template":"","meta":{"footnotes":""},"class_list":["post-806","page","type-page","status-publish","hentry"],"_links":{"self":[{"href":"https:\/\/colscitech.edilf.eu\/index.php\/wp-json\/wp\/v2\/pages\/806","targetHints":{"allow":["GET"]}}],"collection":[{"href":"https:\/\/colscitech.edilf.eu\/index.php\/wp-json\/wp\/v2\/pages"}],"about":[{"href":"https:\/\/colscitech.edilf.eu\/index.php\/wp-json\/wp\/v2\/types\/page"}],"author":[{"embeddable":true,"href":"https:\/\/colscitech.edilf.eu\/index.php\/wp-json\/wp\/v2\/users\/1"}],"replies":[{"embeddable":true,"href":"https:\/\/colscitech.edilf.eu\/index.php\/wp-json\/wp\/v2\/comments?post=806"}],"version-history":[{"count":3,"href":"https:\/\/colscitech.edilf.eu\/index.php\/wp-json\/wp\/v2\/pages\/806\/revisions"}],"predecessor-version":[{"id":1146,"href":"https:\/\/colscitech.edilf.eu\/index.php\/wp-json\/wp\/v2\/pages\/806\/revisions\/1146"}],"wp:attachment":[{"href":"https:\/\/colscitech.edilf.eu\/index.php\/wp-json\/wp\/v2\/media?parent=806"}],"curies":[{"name":"wp","href":"https:\/\/api.w.org\/{rel}","templated":true}]}}