{"id":813,"date":"2025-06-11T19:29:24","date_gmt":"2025-06-11T17:29:24","guid":{"rendered":"https:\/\/colscitech.edilf.eu\/?page_id=813"},"modified":"2025-06-11T19:56:45","modified_gmt":"2025-06-11T17:56:45","slug":"reviewsers","status":"publish","type":"page","link":"https:\/\/colscitech.edilf.eu\/index.php\/reviewsers\/","title":{"rendered":"Inscription Reviewers #2"},"content":{"rendered":"<p><strong>Bienvenue!<\/strong><br \/>\nL&rsquo;examen des r\u00e9sum\u00e9s se passera d\u00e9sormais enti\u00e8rement en ligne.<\/p>\n<p>Cela simplifiera \u00e9norm\u00e9ment le travail des organisateurs et des reviewers et vous permettra de:<\/p>\n<p>1) \u00c9valuer les r\u00e9sum\u00e9s soumis \u00e0 votre examen.<br \/>\n2) Soumettre et suivre en ligne vos propres r\u00e9sum\u00e9s.<br \/>\n3) Modifiez vos informations de profil si elles sont erron\u00e9es (voir: <strong><em>Mon Profil<\/em><\/strong> en haut).<br \/>\n<strong>En cas de difficult\u00e9<\/strong>, \u00e9criviez un mail \u00e0 : <strong>aisser2025@gmail.com<\/strong><br \/>\n<div class=\"wpabstracts container\">\n\t<div id=\"loginbox\" style=\"margin-top:50px;\" class=\"mainbox col-md-6 col-md-offset-3 col-sm-8 col-sm-offset-2\">\n\t\t<div style=\"padding: 10px 0;\">\n\t\t\tPlease sign in for your conference participation\t\t<\/div>\n\t\t<div class=\"wpabstracts panel panel-default\">\n\t\t\t<div class=\"wpabstracts panel-heading\">\n\t\t\t\t<div class=\"wpabstracts panel-title\">\n\t\t\t\t\tSign In\t\t\t\t<\/div>\n\t\t\t\t<div style=\"float:right; font-size: 80%; position: relative; top:-18px\">Forgot Password <a href=https:\/\/colscitech.edilf.eu\/index.php\/reviewsers\/?task=lostpassword>Reset<\/a><\/div>\n\t\t\t<\/div>\n\n\t\t\t<div style=\"padding-top:30px\" class=\"wpabstracts panel-body\">\n\n\t\t\t\t<div style=\"display:none\" id=\"wpabstracts-alert\" class=\"wpabstracts alert alert-danger col-sm-12\"><\/div>\n\n\t\t\t\t<form id=\"loginform\" class=\"wpabstracts form-horizontal\" role=\"form\">\n\n\t\t\t\t\t<div style=\"margin-bottom: 25px\" class=\"wpabstracts input-group\">\n\t\t\t\t\t\t<span class=\"input-group-addon\"><i class=\"glyphicon glyphicon-user\"><\/i><\/span>\n\t\t\t\t\t\t<input id=\"wpabstracts-username\" type=\"text\" class=\"wpabstracts form-control\" name=\"username\" value=\"\" placeholder=\"username or email\">\n\t\t\t\t\t<\/div>\n\n\t\t\t\t\t<div style=\"margin-bottom: 25px\" class=\"wpabstracts input-group\">\n\t\t\t\t\t\t<span class=\"input-group-addon\"><i class=\"glyphicon glyphicon-lock\"><\/i><\/span>\n\t\t\t\t\t\t<input id=\"wpabstracts-password\" type=\"password\" class=\"wpabstracts form-control\" name=\"password\" placeholder=\"password\">\n\t\t\t\t\t\t<span class=\"input-group-addon password-toggle\" style=\"cursor: pointer;\">\n\t\t\t\t\t\t\t<i class=\"glyphicon glyphicon-eye-open\" id=\"password-icon\"><\/i>\n\t\t\t\t\t\t<\/span>\n\t\t\t\t\t<\/div>\n\n\t\t\t\t\t\t\t\t\t\t\t<div class=\"wpabstracts input-group\">\n\t\t\t\t\t\t\t\t\t\t<input type=\"hidden\" id=\"captcha_hash\" name=\"captcha_hash\" value=\"75c94900c9da31f3e677da4b2e6ae2f5\" \/>\n\t\t\t<label for=\"captcha_input\" class=\"wpabstracts control-label\">Enter security code (required)<\/label>\n\t\t\t<div class=\"row\">\n\t\t\t\t<div class=\"col-xs-8\">\n\t\t\t\t\t<div class=\"wpabstracts input-group\">\n\t\t\t\t\t\t<span class=\"input-group-addon\"><i class=\"fas fa-shield-alt\"><\/i><\/span>\n\t\t\t\t\t\t<input class=\"wpabstracts form-control\" type=\"text\" id=\"captcha_input\" name=\"captcha_input\" required>\n\t\t\t\t\t<\/div>\n\t\t\t\t<\/div>\n\t\t\t\t<div class=\"col-xs-4\">\n\t\t\t\t\t<img decoding=\"async\" src=\"data:image\/png;base64,iVBORw0KGgoAAAANSUhEUgAAAFAAAAAeCAIAAAA0IQ7mAAAACXBIWXMAAA7EAAAOxAGVKw4bAAAEEElEQVRYhe1Yz0s6WxQ\/+vzRgNkPkgyKJLSswEUhQavAdhG0qKiIdBFlv\/4FiX5sIiQILHJhi1pkhRupdm1cqBQ4UguNEcEg0\/wRRs6Mv95ioBfqmPUdHjxfn9XlzLnnns985txz77ByuRz8n8BmJIrX6zWbzUtLS6+vr9+dm0qlUBQ9Pz83Go2MJFMazBAOBAJms9lut6dSqe\/OJQjC4\/Ho9fqrq6vCp7FY7Pj4WKPRrK+vM5EpQ4RVKtXg4CAA8Pn8784VCATj4+MymayqqqrwaSgUUiqVPp8vGAwykCgAh5EoAEBpWzTpMsHj8QqNHR0dAJDNZsVi8Y8jfwYzCgMAjuMsFovL5f54Ot3LisViyWSypaXlD7L7B4wRJknyx2wBAMdxunIIBAIA0NbW9uPgn1Hqk35+fjaZTDc3NxwOZ2JiYmRkpITzZ4mcTqfVas3lclNTU52dnUX9o9HoycnJ3d1dJpNRKpWJRIJOYZ\/PB8wRplU4HA5rNBqpVKrX68Vi8e7u7uPjY4lABEHweLxUKrWzsxMIBGZmZuLxuFarfXt7K3R2u92Li4symUyn0y0sLNhstng8XrSGAQDDMARBmpubv8utOHI0MBgMQ0ND1JgkyUgkQudJYWVlZXh4eHt72+\/3U5aLi4uenh6Xy5XnGYlEVCoViqIflkQioVQqNzc3i0bWarVqtbr06uWDVmEEQZ6enoxGYzqd5nK59fX1pV8cSZLBYHBgYKC1tZWy0H2iJpOpsbFRoVB8WAQCQSaToathDMNkMtkXupUNWsKTk5MqlWp\/f390dNTpdH4ZCMdxuVze29v7YSEIAorRvr6+pprNl54AEIvFIpHIv0GYz+dvbW0ZDAYWi7W8vIyiaOlABEHkZYzjOBTrrqFQqExPAHh4eADmdiz4si319fUdHh5WV1dbrdbSnoV9hSRJKKZbbW1t3v5H5wlMb9FAR9hms93e3lLjmpoaiURSTg3nSUTpVliZ\/f39Dofj5eXlw0KNi9YwhmECgeDL1ctHccJra2s6nc7j8QCAzWZ7f3+fnp4uHahQYbrKnJ2dBYCNjY10Og0AbrfbYrEAQCKRKLxs+f1+ps5YFP5aXV0ttLa3t6MoenBwYDabEQTR6XRCoZAuBHXXub+\/p1qXQqFgsViXl5cWiyUajTY1NUkkks+HMKFQ2NXVdXZ2dnp6arfb2Wz2\/Pz80dGRy+Xicrmftz0A2Nvb43A43d3d0Wi0oaHhzwmzcvQ\/ALLZLJtd1tkzmUziOE6SJI7jVFtyOBwEQVBGuVwulUrzpqTT6XA4LBKJOBwOAHi9XpFIVFdXl+c2NzeHYdjY2JharUYQ5HvkiqEU4YoEY5eH\/wp+CVc6fglXOn4JVzp+CVc6fglXOv4GQLp414ibEeIAAAAASUVORK5CYII=\" alt=\"captcha\" \/>\n\t\t\t\t<\/div>\n\t\t\t<\/div>\n\t\t\t\t\t\t\t<\/div>\n\t\t\t\t\t\n\t\t\t\t\t<div style=\"margin-top:10px\" class=\"wpabstracts form-group\">\n\t\t\t\t\t\t<div class=\"col-sm-12 controls\">\n\t\t\t\t\t\t\t<button id=\"wpabstracts-login\" class=\"btn btn-info btn-block\">\n\t\t\t\t\t\t\t\tLogin\t\t\t\t\t\t\t\t<i class=\"fa fa-spinner fa-spin isloading\"><\/i>\n\t\t\t\t\t\t\t<\/button>\n\t\t\t\t\t\t<\/div>\n\t\t\t\t\t<\/div>\n\n\t\t\t\t\t<div class=\"wpabstracts form-group\">\n\t\t\t\t\t\t<div class=\"wpabstracts col-xs-12\">\n\t\t\t\t\t\t\t<input type=\"checkbox\" id=\"wpabstracts-remember\" value=\"forever\">\n\t\t\t\t\t\t\tRemember Me\t\t\t\t\t\t<\/div>\n\t\t\t\t\t<\/div>\n\n\t\t\t\t\t<div class=\"form-group\">\n\t\t\t\t\t\t<div class=\"col-md-12 control\">\n\t\t\t\t\t\t\t<div style=\"border-top: 1px solid #ccc; padding-top:15px; font-size:14px\">\n\t\t\t\t\t\t\t\t\t\t\t\t\t\t\t<\/div>\n\t\t\t\t\t\t<\/div>\n\t\t\t\t\t<\/div>\n\t\t\t\t\t<input type=\"hidden\" id=\"wpabstracts_login_nonce\" name=\"wpabstracts_login_nonce\" value=\"6165df5ce0\" \/><input type=\"hidden\" name=\"_wp_http_referer\" value=\"\/index.php\/wp-json\/wp\/v2\/pages\/813\" \/>\t\t\t\t<\/form>\n\t\t\t<\/div>\n\t\t<\/div>\n\t<\/div>\n<\/div>\n<script type=\"text\/javascript\">\n\tjQuery(document).ready(function() {\n\t\tvar rememberme = localStorage.getItem('wpa_remember');\n\t\tif (rememberme) {\n\t\t\tvar rem = JSON.parse(rememberme);\n\t\t\tjQuery('#wpabstracts-remember').attr('checked', rem.remember);\n\t\t\tif (rem.remember) {\n\t\t\t\tjQuery('#wpabstracts-username').val(rem.username);\n\t\t\t}\n\t\t}\n\n\t\tvar manageLoader = function(show) {\n\t\t\tif (show) {\n\t\t\t\tjQuery('#wpabstracts-login i').removeClass('isloading');\n\t\t\t} else {\n\t\t\t\tjQuery('#wpabstracts-login i').addClass('isloading');\n\t\t\t}\n\t\t};\n\n\t\tjQuery('#wpabstracts-login').on('click', function(e) {\n\t\t\te.preventDefault();\n\t\t\tvar username = jQuery('#wpabstracts-username').val();\n\t\t\tvar password = jQuery('#wpabstracts-password').val();\n\t\t\tvar captcha = jQuery('#captcha_input').val();\n\t\t\tvar hash = jQuery('#captcha_hash').val();\n\t\t\tvar nonce = jQuery('#wpabstracts_login_nonce').val();\n\t\t\tvar remember = jQuery('#wpabstracts-remember').is(':checked');\n\n\t\t\tif (!username || !password) {\n\t\t\t\tjQuery('#wpabstracts-alert').text(wpabstracts.sign_in_msg).show();\n\t\t\t\treturn;\n\t\t\t}\n\n\t\t\tif (hash && !captcha) {\n\t\t\t\tjQuery('#wpabstracts-alert').text(wpabstracts.captcha_required).show();\n\t\t\t\treturn;\n\t\t\t}\n\n\t\t\tvar rememberMe = {\n\t\t\t\t'remember': remember,\n\t\t\t\t'username': username\n\t\t\t};\n\t\t\tlocalStorage.setItem('wpa_remember', JSON.stringify(rememberMe));\n\n\t\t\tmanageLoader(true);\n\n\t\t\tvar ajax_data = {\n\t\t\t\taction: 'wpa_login',\n\t\t\t\tlog: username,\n\t\t\t\tpwd: password,\n\t\t\t\tcaptcha_input: captcha,\n\t\t\t\tcaptcha_hash: hash,\n\t\t\t\trememberme: remember,\n\t\t\t\tnonce\n\t\t\t};\n\n\t\t\tjQuery.ajax({\n\t\t\t\turl: wpabstracts.ajaxurl,\n\t\t\t\ttype: 'POST',\n\t\t\t\tdata: ajax_data,\n\t\t\t\tsuccess: function(data) {\n\t\t\t\t\tif (data.success) {\n\t\t\t\t\t\tjQuery('#wpabstracts-alert')\n\t\t\t\t\t\t\t.removeClass('alert-danger')\n\t\t\t\t\t\t\t.addClass('alert-info')\n\t\t\t\t\t\t\t.text(data.message)\n\t\t\t\t\t\t\t.show();\n\t\t\t\t\t\twindow.location.href = data.redirect;\n\t\t\t\t\t} else {\n\t\t\t\t\t\tjQuery('#wpabstracts-alert').text(data.message).show();\n\t\t\t\t\t\tmanageLoader(false);\n\t\t\t\t\t}\n\t\t\t\t},\n\t\t\t\terror: function(xhr, status) {\n\t\t\t\t\tmanageLoader(false);\n\t\t\t\t\tconsole.log('Login Ajax Error: ', xhr);\n\t\t\t\t}\n\t\t\t});\n\t\t});\n\n\t\t\/\/ Toggle password visibility\n\t\tconst passwordInput = document.getElementById('wpabstracts-password');\n\t\tconst passwordIcon = document.getElementById('password-icon');\n\t\tconst toggle = document.querySelector('.password-toggle');\n\n\t\ttoggle.addEventListener('click', function() {\n\t\t\t\/\/ Toggle password visibility\n\t\t\tif (passwordInput.type === 'password') {\n\t\t\t\tpasswordInput.type = 'text';\n\t\t\t\tpasswordIcon.classList.remove('glyphicon-eye-open');\n\t\t\t\tpasswordIcon.classList.add('glyphicon-eye-close');\n\t\t\t} else {\n\t\t\t\tpasswordInput.type = 'password';\n\t\t\t\tpasswordIcon.classList.remove('glyphicon-eye-close');\n\t\t\t\tpasswordIcon.classList.add('glyphicon-eye-open');\n\t\t\t}\n\t\t});\n\t});\n<\/script><\/p>\n","protected":false},"excerpt":{"rendered":"<p>Bienvenue! L&rsquo;examen des r\u00e9sum\u00e9s se passera d\u00e9sormais enti\u00e8rement en ligne. Cela simplifiera \u00e9norm\u00e9ment le travail des organisateurs et des reviewers et vous permettra de: 1) \u00c9valuer les r\u00e9sum\u00e9s soumis \u00e0 votre examen. 2) Soumettre et suivre en ligne vos propres [&#8230;]<\/p>\n","protected":false},"author":1,"featured_media":0,"parent":0,"menu_order":0,"comment_status":"closed","ping_status":"closed","template":"","meta":{"footnotes":""},"class_list":["post-813","page","type-page","status-publish","hentry"],"_links":{"self":[{"href":"https:\/\/colscitech.edilf.eu\/index.php\/wp-json\/wp\/v2\/pages\/813","targetHints":{"allow":["GET"]}}],"collection":[{"href":"https:\/\/colscitech.edilf.eu\/index.php\/wp-json\/wp\/v2\/pages"}],"about":[{"href":"https:\/\/colscitech.edilf.eu\/index.php\/wp-json\/wp\/v2\/types\/page"}],"author":[{"embeddable":true,"href":"https:\/\/colscitech.edilf.eu\/index.php\/wp-json\/wp\/v2\/users\/1"}],"replies":[{"embeddable":true,"href":"https:\/\/colscitech.edilf.eu\/index.php\/wp-json\/wp\/v2\/comments?post=813"}],"version-history":[{"count":1,"href":"https:\/\/colscitech.edilf.eu\/index.php\/wp-json\/wp\/v2\/pages\/813\/revisions"}],"predecessor-version":[{"id":814,"href":"https:\/\/colscitech.edilf.eu\/index.php\/wp-json\/wp\/v2\/pages\/813\/revisions\/814"}],"wp:attachment":[{"href":"https:\/\/colscitech.edilf.eu\/index.php\/wp-json\/wp\/v2\/media?parent=813"}],"curies":[{"name":"wp","href":"https:\/\/api.w.org\/{rel}","templated":true}]}}