{"id":826,"date":"2025-06-15T05:03:09","date_gmt":"2025-06-15T03:03:09","guid":{"rendered":"https:\/\/colscitech.edilf.eu\/?page_id=826"},"modified":"2025-06-15T05:03:25","modified_gmt":"2025-06-15T03:03:25","slug":"soumission-de-resume-2","status":"publish","type":"page","link":"https:\/\/colscitech.edilf.eu\/index.php\/soumission-de-resume-2\/","title":{"rendered":"Soumission de resume #2 Copie 15 juin 2025"},"content":{"rendered":"<p>Veuillez remplir ce formulaire pour soumettre votre r\u00e9sum\u00e9 de <strong>Communication Orale<\/strong> \u00e0 la <strong>2\u00e8me Edition CISSER<\/strong>.<\/p>\n<p>[forminator_form id=\u00a0\u00bb708&Prime;]<\/p>\n","protected":false},"excerpt":{"rendered":"<p>Veuillez remplir ce formulaire pour soumettre votre r\u00e9sum\u00e9 de Communication Orale \u00e0 la 2\u00e8me Edition CISSER. [forminator_form id=\u00a0\u00bb708&Prime;]<\/p>\n","protected":false},"author":1,"featured_media":0,"parent":0,"menu_order":0,"comment_status":"closed","ping_status":"closed","template":"","meta":{"footnotes":""},"class_list":["post-826","page","type-page","status-publish","hentry"],"_links":{"self":[{"href":"https:\/\/colscitech.edilf.eu\/index.php\/wp-json\/wp\/v2\/pages\/826","targetHints":{"allow":["GET"]}}],"collection":[{"href":"https:\/\/colscitech.edilf.eu\/index.php\/wp-json\/wp\/v2\/pages"}],"about":[{"href":"https:\/\/colscitech.edilf.eu\/index.php\/wp-json\/wp\/v2\/types\/page"}],"author":[{"embeddable":true,"href":"https:\/\/colscitech.edilf.eu\/index.php\/wp-json\/wp\/v2\/users\/1"}],"replies":[{"embeddable":true,"href":"https:\/\/colscitech.edilf.eu\/index.php\/wp-json\/wp\/v2\/comments?post=826"}],"version-history":[{"count":1,"href":"https:\/\/colscitech.edilf.eu\/index.php\/wp-json\/wp\/v2\/pages\/826\/revisions"}],"predecessor-version":[{"id":827,"href":"https:\/\/colscitech.edilf.eu\/index.php\/wp-json\/wp\/v2\/pages\/826\/revisions\/827"}],"wp:attachment":[{"href":"https:\/\/colscitech.edilf.eu\/index.php\/wp-json\/wp\/v2\/media?parent=826"}],"curies":[{"name":"wp","href":"https:\/\/api.w.org\/{rel}","templated":true}]}}