{"id":90,"date":"2024-12-28T21:55:55","date_gmt":"2024-12-28T20:55:55","guid":{"rendered":"https:\/\/colscitech.edilf.eu\/?page_id=90"},"modified":"2025-05-04T18:26:31","modified_gmt":"2025-05-04T16:26:31","slug":"paiement-2","status":"publish","type":"page","link":"https:\/\/colscitech.edilf.eu\/index.php\/paiement-2\/","title":{"rendered":"Paiement"},"content":{"rendered":"<p>Les frais de participation aux ateliers sont destin\u00e9es aux frais de gestion et d&rsquo;infrastructure (assurer les retranscription en direct) et sont fix\u00e9s comme suit:<\/p>\n<ul>\n<li>Doctorants:\n<ul>\n<li><strong>5.000F CFA<\/strong> en ligne par vid\u00e9oconf\u00e9rence.<\/li>\n<li><strong>7.500F CFA<\/strong> en pr\u00e9sentiel \u00e0 Koudougou.<\/li>\n<li><\/li>\n<\/ul>\n<\/li>\n<li>Enseignants, chercheurs et ing\u00e9nieurs:\n<ul>\n<li><strong>10.000 FCFA<\/strong> pour les <strong>pr\u00e9sentations orales en ligne<\/strong>.<\/li>\n<li><strong>15.000 FCFA<\/strong> pour les <strong>pr\u00e9sentations physiques \u00e0 Koudougou<br \/>\n<\/strong><\/li>\n<\/ul>\n<\/li>\n<\/ul>\n<p>Au plus tard trois (03) jours avant le d\u00e9but des ateliers, les auteurs dont les r\u00e9sum\u00e9s ont \u00e9t\u00e9 accept\u00e9s en seront inform\u00e9s par mail\u00a0 et ils pourront proc\u00e9der aux r\u00e8glement de leurs frais par <strong>Monnaie \u00c9lectronique<\/strong> (Orange Money ou Moov Money), par <strong>carte bancaire VISA<\/strong> ou en <strong>esp\u00e8ces sur place<\/strong>.<\/p>\n","protected":false},"excerpt":{"rendered":"<p>Les frais de participation aux ateliers sont destin\u00e9es aux frais de gestion et d&rsquo;infrastructure (assurer les retranscription en direct) et sont fix\u00e9s comme suit: Doctorants: 5.000F CFA en ligne par vid\u00e9oconf\u00e9rence. 7.500F CFA en pr\u00e9sentiel \u00e0 Koudougou. Enseignants, chercheurs et [&#8230;]<\/p>\n","protected":false},"author":1,"featured_media":0,"parent":0,"menu_order":0,"comment_status":"closed","ping_status":"closed","template":"","meta":{"footnotes":""},"class_list":["post-90","page","type-page","status-publish","hentry"],"_links":{"self":[{"href":"https:\/\/colscitech.edilf.eu\/index.php\/wp-json\/wp\/v2\/pages\/90","targetHints":{"allow":["GET"]}}],"collection":[{"href":"https:\/\/colscitech.edilf.eu\/index.php\/wp-json\/wp\/v2\/pages"}],"about":[{"href":"https:\/\/colscitech.edilf.eu\/index.php\/wp-json\/wp\/v2\/types\/page"}],"author":[{"embeddable":true,"href":"https:\/\/colscitech.edilf.eu\/index.php\/wp-json\/wp\/v2\/users\/1"}],"replies":[{"embeddable":true,"href":"https:\/\/colscitech.edilf.eu\/index.php\/wp-json\/wp\/v2\/comments?post=90"}],"version-history":[{"count":14,"href":"https:\/\/colscitech.edilf.eu\/index.php\/wp-json\/wp\/v2\/pages\/90\/revisions"}],"predecessor-version":[{"id":599,"href":"https:\/\/colscitech.edilf.eu\/index.php\/wp-json\/wp\/v2\/pages\/90\/revisions\/599"}],"wp:attachment":[{"href":"https:\/\/colscitech.edilf.eu\/index.php\/wp-json\/wp\/v2\/media?parent=90"}],"curies":[{"name":"wp","href":"https:\/\/api.w.org\/{rel}","templated":true}]}}