{"id":928,"date":"2025-07-01T19:00:29","date_gmt":"2025-07-01T17:00:29","guid":{"rendered":"https:\/\/colscitech.edilf.eu\/?page_id=928"},"modified":"2025-07-01T19:00:29","modified_gmt":"2025-07-01T17:00:29","slug":"plateforme-cisser-en-ligne","status":"publish","type":"page","link":"https:\/\/colscitech.edilf.eu\/index.php\/plateforme-cisser-en-ligne\/","title":{"rendered":"Plateforme CISSER en ligne"},"content":{"rendered":"<p><strong>Bienvenue!<\/strong><br \/>\nLa soumission de r\u00e9sum\u00e9 en ligne va maintenant se faire en\u00a0<strong>deux \u00e9tapes<\/strong>.<\/p>\n<p>1) Dans cette premi\u00e8re \u00e9tape, vous allez <strong>d&rsquo;abord cr\u00e9er votre compte en ligne<\/strong>.<\/p>\n<p>Il suffit vous suffira de cliquer le lien <strong>\u00ab\u00a0Create Account\u00a0\u00bb<\/strong> en bas vers la fin de cette page pour cr\u00e9er votre compte:<\/p>\n<p>2)Une fois votre compte cr\u00e9\u00e9, il faut se connecter avec votre <strong>identifiant<\/strong> (adresse mail fournie) et <strong>votre mot de passe <\/strong>sur cette plateforme.\u00a0 Ensuite il faut clique le bouton<strong> \u00ab\u00a0NEW Abstract\u00a0\u00bb (Nouveau r\u00e9sum\u00e9)<\/strong> comme illustr\u00e9 ci-dessous avec un cercle rouge.<\/p>\n<p><img decoding=\"async\" class=\"alignnone wp-image-822\" src=\"https:\/\/colscitech.edilf.eu\/wp-content\/uploads\/2025\/06\/Creation-compte-1-300x44.png\" alt=\"\" width=\"471\" height=\"69\" srcset=\"https:\/\/colscitech.edilf.eu\/wp-content\/uploads\/2025\/06\/Creation-compte-1-300x44.png 300w, https:\/\/colscitech.edilf.eu\/wp-content\/uploads\/2025\/06\/Creation-compte-1-1024x150.png 1024w, https:\/\/colscitech.edilf.eu\/wp-content\/uploads\/2025\/06\/Creation-compte-1-768x112.png 768w, https:\/\/colscitech.edilf.eu\/wp-content\/uploads\/2025\/06\/Creation-compte-1-840x123.png 840w, https:\/\/colscitech.edilf.eu\/wp-content\/uploads\/2025\/06\/Creation-compte-1-600x88.png 600w, https:\/\/colscitech.edilf.eu\/wp-content\/uploads\/2025\/06\/Creation-compte-1.png 1106w\" sizes=\"(max-width: 471px) 100vw, 471px\" \/><\/p>\n<p>En cas de difficult\u00e9, \u00e9crivez un mail \u00e0 <strong>aisser2025@gmail.com<\/strong>, ou envoyez un message WhatsApp au <strong>+22676651886<\/strong><\/p>\n<div class=\"wpabstracts container\">\n\t<div id=\"loginbox\" style=\"margin-top:50px;\" class=\"mainbox col-md-6 col-md-offset-3 col-sm-8 col-sm-offset-2\">\n\t\t<div style=\"padding: 10px 0;\">\n\t\t\tPlease sign in for your conference participation\t\t<\/div>\n\t\t<div class=\"wpabstracts panel panel-default\">\n\t\t\t<div class=\"wpabstracts panel-heading\">\n\t\t\t\t<div class=\"wpabstracts panel-title\">\n\t\t\t\t\tSign In\t\t\t\t<\/div>\n\t\t\t\t<div style=\"float:right; font-size: 80%; position: relative; top:-18px\">Forgot Password <a href=https:\/\/colscitech.edilf.eu\/index.php\/plateforme-cisser-en-ligne\/?task=lostpassword>Reset<\/a><\/div>\n\t\t\t<\/div>\n\n\t\t\t<div style=\"padding-top:30px\" class=\"wpabstracts panel-body\">\n\n\t\t\t\t<div style=\"display:none\" id=\"wpabstracts-alert\" class=\"wpabstracts alert alert-danger col-sm-12\"><\/div>\n\n\t\t\t\t<form id=\"loginform\" class=\"wpabstracts form-horizontal\" role=\"form\">\n\n\t\t\t\t\t<div style=\"margin-bottom: 25px\" class=\"wpabstracts input-group\">\n\t\t\t\t\t\t<span class=\"input-group-addon\"><i class=\"glyphicon glyphicon-user\"><\/i><\/span>\n\t\t\t\t\t\t<input id=\"wpabstracts-username\" type=\"text\" class=\"wpabstracts form-control\" name=\"username\" value=\"\" placeholder=\"username or email\">\n\t\t\t\t\t<\/div>\n\n\t\t\t\t\t<div style=\"margin-bottom: 25px\" class=\"wpabstracts input-group\">\n\t\t\t\t\t\t<span class=\"input-group-addon\"><i class=\"glyphicon glyphicon-lock\"><\/i><\/span>\n\t\t\t\t\t\t<input id=\"wpabstracts-password\" type=\"password\" class=\"wpabstracts form-control\" name=\"password\" placeholder=\"password\">\n\t\t\t\t\t\t<span class=\"input-group-addon password-toggle\" style=\"cursor: pointer;\">\n\t\t\t\t\t\t\t<i class=\"glyphicon glyphicon-eye-open\" id=\"password-icon\"><\/i>\n\t\t\t\t\t\t<\/span>\n\t\t\t\t\t<\/div>\n\n\t\t\t\t\t\t\t\t\t\t\t<div class=\"wpabstracts input-group\">\n\t\t\t\t\t\t\t\t\t\t<input type=\"hidden\" id=\"captcha_hash\" name=\"captcha_hash\" value=\"4fe08733bc2a8ea27504dcdd87ebbf39\" \/>\n\t\t\t<label for=\"captcha_input\" class=\"wpabstracts control-label\">Enter security code (required)<\/label>\n\t\t\t<div class=\"row\">\n\t\t\t\t<div class=\"col-xs-8\">\n\t\t\t\t\t<div class=\"wpabstracts input-group\">\n\t\t\t\t\t\t<span class=\"input-group-addon\"><i class=\"fas fa-shield-alt\"><\/i><\/span>\n\t\t\t\t\t\t<input class=\"wpabstracts form-control\" type=\"text\" id=\"captcha_input\" name=\"captcha_input\" required>\n\t\t\t\t\t<\/div>\n\t\t\t\t<\/div>\n\t\t\t\t<div class=\"col-xs-4\">\n\t\t\t\t\t<img decoding=\"async\" src=\"data:image\/png;base64,iVBORw0KGgoAAAANSUhEUgAAAFAAAAAeCAIAAAA0IQ7mAAAACXBIWXMAAA7EAAAOxAGVKw4bAAAFB0lEQVRYhe2YX2hSURzHf8vCVULKJmZhq4dpkEx2RQXLBG2zB0cjGIMx5mLR6kG2tzCoEezPy3oJSwg26qWIvWwMFqIZhcEC2f\/J9IrpypumXnHTorTdHg7ImH92K3FQfZ48x9\/vnN\/3\/P2dW0VRFPxL7NvrAGBzc7OS3e2l4Fgs1t\/fr9Vq9Xq9x+OpUK\/UHkGSZHd3N0EQ09PTGIa1tLRkMpkK9Lu\/QuOax+DgoEKh4PP5er3+zZs3165d27+\/IsFUYFDz+fDhg1QqXVxcrHzXe7OH3717BwAikajyXZdTsMvl6u7uPnv27PXr16PRaAlLj8dTU1PDZDLL2DtNyibY6XTeu3dvZGTEYrG43e7h4eFiltlsNhQKcTicZDJJkuTXr1\/LFQMtyrIxSJLUaDQejwcVR0dHZTIZSZL5lk6nU6vVSqVSuVyuVCqlUumLFy\/KEgNNCguOx+Pj4+Pt7e1OpzNXabVac8EtLy9bLJaFhQVUfPjwocFgyFna7XYMw1wuV7FeNRrN7du3KYry+\/0lgstkMg6Hw2QyXb16laKojY0Ns9lsNBodDgdNefkUXtKxWEwmk0Wj0bdv36IakiRNJpPNZgOAb9+++Xw+m81mtVrRv5OTkwqFIufOZrMBIJFIFGw8m80mk0kejwcAp06dKrH6otEom832er2RSIQgiDt37ojF4ng8fvPmzdJnRAkKCxYKhWKxGMOw9+\/fo5q5uTkGg4HjOAAwmczW1lY2m33mzBkA8Pl8sVjs9OnT2yUBAIPBKCaDoigul7trcHw+v7Gxsbq6msvlms3moaEhtVp948aNHz9+oHP+Nyh1aB07duzz58\/ot9VqvXDhAkEQmUwGAL58+YLjuFqtBgCUFR4\/fjznSJIkAKA5zAdNDh3BiPX1dRzH+\/r6Dh06BAAnT54EgFQqRdN9B6UE19TUxGIxAEgkEisrK52dnRRFEQQBAHa7vampicViAQAaFA6Hk3MkCILBYKDI8onH40Bb8KdPn9LpdGdnZ2740GVWW1tLxz2fUoLZbHYqlcpms8+fP9fr9SdOnAAAJPjZs2ddXV3IDC3gqqqqnCOO4xKJBE1IPr80w2trawBw6dKlXE0ymQQAtJt+g1KCjxw5AgChUGhqaqqjo4PFYh0+fDgcDtvtdpFIVFdXh8zQ3G5sbKDi1taWy+W6fPlysWaj0SjalnTic7vdBw8e3L47\/H5\/Q0MDn8+n457PLjMMAGazWafTIVVHjx79+PHjo0ePent7c2b19fUAsLS0hIqvXr3icrk6na5Ys4FAQCgU7ttHK+dxu90A8PLly1zN7OxsT08PHd+C7C7Y5XJduXIF1XC53ImJCZVKtX2AJRKJQCB48uQJQRA+n89isQwPD5fQg+O4XC6nGZ\/b7TYYDE+fPp2fnwcAr9fLYDDOnTtH070AJe7odDp9\/vz57ZnQwMBAc3NzOp3eYbm2ttbW1qZSqYxGYyAQKNFmMBiUSqWhUIhOkhAMBjEMm52dDQQCFy9ebGlpuXv37h8+m3dJLXe0Hg6H89X+Evfv30c5Fh1mZmYwDEMp6vfv3wvmqr\/KLm\/uHY\/yYlcrTSKRyOvXrx8\/fkzTfmVlhcPhoOPjwIED22++36ai7+GxsbEHDx6g25sOq6urAoGgvDFUVPCtW7for5FsNuvxeP5wTeWz959pixEOh3k8nlKpLG+zVdT\/D\/F\/N\/8F\/+38c4J\/AgoyuXnW81mkAAAAAElFTkSuQmCC\" alt=\"captcha\" \/>\n\t\t\t\t<\/div>\n\t\t\t<\/div>\n\t\t\t\t\t\t\t<\/div>\n\t\t\t\t\t\n\t\t\t\t\t<div style=\"margin-top:10px\" class=\"wpabstracts form-group\">\n\t\t\t\t\t\t<div class=\"col-sm-12 controls\">\n\t\t\t\t\t\t\t<button id=\"wpabstracts-login\" class=\"btn btn-info btn-block\">\n\t\t\t\t\t\t\t\tLogin\t\t\t\t\t\t\t\t<i class=\"fa fa-spinner fa-spin isloading\"><\/i>\n\t\t\t\t\t\t\t<\/button>\n\t\t\t\t\t\t<\/div>\n\t\t\t\t\t<\/div>\n\n\t\t\t\t\t<div class=\"wpabstracts form-group\">\n\t\t\t\t\t\t<div class=\"wpabstracts col-xs-12\">\n\t\t\t\t\t\t\t<input type=\"checkbox\" id=\"wpabstracts-remember\" value=\"forever\">\n\t\t\t\t\t\t\tRemember Me\t\t\t\t\t\t<\/div>\n\t\t\t\t\t<\/div>\n\n\t\t\t\t\t<div class=\"form-group\">\n\t\t\t\t\t\t<div class=\"col-md-12 control\">\n\t\t\t\t\t\t\t<div style=\"border-top: 1px solid #ccc; padding-top:15px; font-size:14px\">\n\t\t\t\t\t\t\t\t\t\t\t\t\t\t\t<\/div>\n\t\t\t\t\t\t<\/div>\n\t\t\t\t\t<\/div>\n\t\t\t\t\t<input type=\"hidden\" id=\"wpabstracts_login_nonce\" name=\"wpabstracts_login_nonce\" value=\"58a8ca0c10\" \/><input type=\"hidden\" name=\"_wp_http_referer\" value=\"\/index.php\/wp-json\/wp\/v2\/pages\/928\" \/>\t\t\t\t<\/form>\n\t\t\t<\/div>\n\t\t<\/div>\n\t<\/div>\n<\/div>\n<script type=\"text\/javascript\">\n\tjQuery(document).ready(function() {\n\t\tvar rememberme = localStorage.getItem('wpa_remember');\n\t\tif (rememberme) {\n\t\t\tvar rem = JSON.parse(rememberme);\n\t\t\tjQuery('#wpabstracts-remember').attr('checked', rem.remember);\n\t\t\tif (rem.remember) {\n\t\t\t\tjQuery('#wpabstracts-username').val(rem.username);\n\t\t\t}\n\t\t}\n\n\t\tvar manageLoader = function(show) {\n\t\t\tif (show) {\n\t\t\t\tjQuery('#wpabstracts-login i').removeClass('isloading');\n\t\t\t} else {\n\t\t\t\tjQuery('#wpabstracts-login i').addClass('isloading');\n\t\t\t}\n\t\t};\n\n\t\tjQuery('#wpabstracts-login').on('click', function(e) {\n\t\t\te.preventDefault();\n\t\t\tvar username = jQuery('#wpabstracts-username').val();\n\t\t\tvar password = jQuery('#wpabstracts-password').val();\n\t\t\tvar captcha = jQuery('#captcha_input').val();\n\t\t\tvar hash = jQuery('#captcha_hash').val();\n\t\t\tvar nonce = jQuery('#wpabstracts_login_nonce').val();\n\t\t\tvar remember = jQuery('#wpabstracts-remember').is(':checked');\n\n\t\t\tif (!username || !password) {\n\t\t\t\tjQuery('#wpabstracts-alert').text(wpabstracts.sign_in_msg).show();\n\t\t\t\treturn;\n\t\t\t}\n\n\t\t\tif (hash && !captcha) {\n\t\t\t\tjQuery('#wpabstracts-alert').text(wpabstracts.captcha_required).show();\n\t\t\t\treturn;\n\t\t\t}\n\n\t\t\tvar rememberMe = {\n\t\t\t\t'remember': remember,\n\t\t\t\t'username': username\n\t\t\t};\n\t\t\tlocalStorage.setItem('wpa_remember', JSON.stringify(rememberMe));\n\n\t\t\tmanageLoader(true);\n\n\t\t\tvar ajax_data = {\n\t\t\t\taction: 'wpa_login',\n\t\t\t\tlog: username,\n\t\t\t\tpwd: password,\n\t\t\t\tcaptcha_input: captcha,\n\t\t\t\tcaptcha_hash: hash,\n\t\t\t\trememberme: remember,\n\t\t\t\tnonce\n\t\t\t};\n\n\t\t\tjQuery.ajax({\n\t\t\t\turl: wpabstracts.ajaxurl,\n\t\t\t\ttype: 'POST',\n\t\t\t\tdata: ajax_data,\n\t\t\t\tsuccess: function(data) {\n\t\t\t\t\tif (data.success) {\n\t\t\t\t\t\tjQuery('#wpabstracts-alert')\n\t\t\t\t\t\t\t.removeClass('alert-danger')\n\t\t\t\t\t\t\t.addClass('alert-info')\n\t\t\t\t\t\t\t.text(data.message)\n\t\t\t\t\t\t\t.show();\n\t\t\t\t\t\twindow.location.href = data.redirect;\n\t\t\t\t\t} else {\n\t\t\t\t\t\tjQuery('#wpabstracts-alert').text(data.message).show();\n\t\t\t\t\t\tmanageLoader(false);\n\t\t\t\t\t}\n\t\t\t\t},\n\t\t\t\terror: function(xhr, status) {\n\t\t\t\t\tmanageLoader(false);\n\t\t\t\t\tconsole.log('Login Ajax Error: ', xhr);\n\t\t\t\t}\n\t\t\t});\n\t\t});\n\n\t\t\/\/ Toggle password visibility\n\t\tconst passwordInput = document.getElementById('wpabstracts-password');\n\t\tconst passwordIcon = document.getElementById('password-icon');\n\t\tconst toggle = document.querySelector('.password-toggle');\n\n\t\ttoggle.addEventListener('click', function() {\n\t\t\t\/\/ Toggle password visibility\n\t\t\tif (passwordInput.type === 'password') {\n\t\t\t\tpasswordInput.type = 'text';\n\t\t\t\tpasswordIcon.classList.remove('glyphicon-eye-open');\n\t\t\t\tpasswordIcon.classList.add('glyphicon-eye-close');\n\t\t\t} else {\n\t\t\t\tpasswordInput.type = 'password';\n\t\t\t\tpasswordIcon.classList.remove('glyphicon-eye-close');\n\t\t\t\tpasswordIcon.classList.add('glyphicon-eye-open');\n\t\t\t}\n\t\t});\n\t});\n<\/script>\n","protected":false},"excerpt":{"rendered":"<p>Bienvenue! La soumission de r\u00e9sum\u00e9 en ligne va maintenant se faire en\u00a0deux \u00e9tapes. 1) Dans cette premi\u00e8re \u00e9tape, vous allez d&rsquo;abord cr\u00e9er votre compte en ligne. Il suffit vous suffira de cliquer le lien \u00ab\u00a0Create Account\u00a0\u00bb en bas vers la [&#8230;]<\/p>\n","protected":false},"author":1,"featured_media":0,"parent":0,"menu_order":0,"comment_status":"closed","ping_status":"closed","template":"","meta":{"footnotes":""},"class_list":["post-928","page","type-page","status-publish","hentry"],"_links":{"self":[{"href":"https:\/\/colscitech.edilf.eu\/index.php\/wp-json\/wp\/v2\/pages\/928","targetHints":{"allow":["GET"]}}],"collection":[{"href":"https:\/\/colscitech.edilf.eu\/index.php\/wp-json\/wp\/v2\/pages"}],"about":[{"href":"https:\/\/colscitech.edilf.eu\/index.php\/wp-json\/wp\/v2\/types\/page"}],"author":[{"embeddable":true,"href":"https:\/\/colscitech.edilf.eu\/index.php\/wp-json\/wp\/v2\/users\/1"}],"replies":[{"embeddable":true,"href":"https:\/\/colscitech.edilf.eu\/index.php\/wp-json\/wp\/v2\/comments?post=928"}],"version-history":[{"count":1,"href":"https:\/\/colscitech.edilf.eu\/index.php\/wp-json\/wp\/v2\/pages\/928\/revisions"}],"predecessor-version":[{"id":929,"href":"https:\/\/colscitech.edilf.eu\/index.php\/wp-json\/wp\/v2\/pages\/928\/revisions\/929"}],"wp:attachment":[{"href":"https:\/\/colscitech.edilf.eu\/index.php\/wp-json\/wp\/v2\/media?parent=928"}],"curies":[{"name":"wp","href":"https:\/\/api.w.org\/{rel}","templated":true}]}}