{"id":980,"date":"2025-08-06T01:40:02","date_gmt":"2025-08-05T23:40:02","guid":{"rendered":"https:\/\/colscitech.edilf.eu\/?page_id=980"},"modified":"2025-08-06T01:57:33","modified_gmt":"2025-08-05T23:57:33","slug":"soumission-de-resume-edition2-en-ligne","status":"publish","type":"page","link":"https:\/\/colscitech.edilf.eu\/index.php\/soumission-de-resume-edition2-en-ligne\/","title":{"rendered":"Soumission de r\u00e9sum\u00e9 Edition 2 en ligne"},"content":{"rendered":"<p><strong>Bienvenue!<\/strong><br \/>\nLa soumission de r\u00e9sum\u00e9 en ligne va maintenant se faire en <strong>deux \u00e9tapes<\/strong>.<br \/>\nVous devez d&rsquo;abord cr\u00e9er votre compte \u00e0 la premi\u00e8re \u00e9tape (<strong>ignorez cela si c&rsquo;est d\u00e9j\u00e0 fait<\/strong>).<br \/>\nDans la <strong>seconde \u00e9tape<\/strong>, vous acc\u00e9derez \u00e0 votre <strong>tableau de bord<\/strong> dans lequel vous pouvez:<br \/>\n1) Soumettre votre ou vos r\u00e9sum\u00e9s.<br \/>\n2) Suivre l\u2019\u00e9volution de vos soumissions en ligne.<br \/>\n3) Modifier vos informations de profil si elles sont erron\u00e9es (voir: <strong><em>Mon Profil<\/em><\/strong> en haut).<br \/>\n<strong>En cas de difficult\u00e9<\/strong>, \u00e9criviez un mail \u00e0 : <strong>aisser2025@gmail.com<\/strong><br \/>\n<div class=\"wpabstracts container\">\n\t<div id=\"loginbox\" style=\"margin-top:50px;\" class=\"mainbox col-md-6 col-md-offset-3 col-sm-8 col-sm-offset-2\">\n\t\t<div style=\"padding: 10px 0;\">\n\t\t\tPlease sign in for your conference participation\t\t<\/div>\n\t\t<div class=\"wpabstracts panel panel-default\">\n\t\t\t<div class=\"wpabstracts panel-heading\">\n\t\t\t\t<div class=\"wpabstracts panel-title\">\n\t\t\t\t\tSign In\t\t\t\t<\/div>\n\t\t\t\t<div style=\"float:right; font-size: 80%; position: relative; top:-18px\">Forgot Password <a href=https:\/\/colscitech.edilf.eu\/index.php\/soumission-de-resume-edition2-en-ligne\/?task=lostpassword>Reset<\/a><\/div>\n\t\t\t<\/div>\n\n\t\t\t<div style=\"padding-top:30px\" class=\"wpabstracts panel-body\">\n\n\t\t\t\t<div style=\"display:none\" id=\"wpabstracts-alert\" class=\"wpabstracts alert alert-danger col-sm-12\"><\/div>\n\n\t\t\t\t<form id=\"loginform\" class=\"wpabstracts form-horizontal\" role=\"form\">\n\n\t\t\t\t\t<div style=\"margin-bottom: 25px\" class=\"wpabstracts input-group\">\n\t\t\t\t\t\t<span class=\"input-group-addon\"><i class=\"glyphicon glyphicon-user\"><\/i><\/span>\n\t\t\t\t\t\t<input id=\"wpabstracts-username\" type=\"text\" class=\"wpabstracts form-control\" name=\"username\" value=\"\" placeholder=\"username or email\">\n\t\t\t\t\t<\/div>\n\n\t\t\t\t\t<div style=\"margin-bottom: 25px\" class=\"wpabstracts input-group\">\n\t\t\t\t\t\t<span class=\"input-group-addon\"><i class=\"glyphicon glyphicon-lock\"><\/i><\/span>\n\t\t\t\t\t\t<input id=\"wpabstracts-password\" type=\"password\" class=\"wpabstracts form-control\" name=\"password\" placeholder=\"password\">\n\t\t\t\t\t\t<span class=\"input-group-addon password-toggle\" style=\"cursor: pointer;\">\n\t\t\t\t\t\t\t<i class=\"glyphicon glyphicon-eye-open\" id=\"password-icon\"><\/i>\n\t\t\t\t\t\t<\/span>\n\t\t\t\t\t<\/div>\n\n\t\t\t\t\t\t\t\t\t\t\t<div class=\"wpabstracts input-group\">\n\t\t\t\t\t\t\t\t\t\t<input type=\"hidden\" id=\"captcha_hash\" name=\"captcha_hash\" value=\"06d28e2a37b83690c381859c65ae695a\" \/>\n\t\t\t<label for=\"captcha_input\" class=\"wpabstracts control-label\">Enter security code (required)<\/label>\n\t\t\t<div class=\"row\">\n\t\t\t\t<div class=\"col-xs-8\">\n\t\t\t\t\t<div class=\"wpabstracts input-group\">\n\t\t\t\t\t\t<span class=\"input-group-addon\"><i class=\"fas fa-shield-alt\"><\/i><\/span>\n\t\t\t\t\t\t<input class=\"wpabstracts form-control\" type=\"text\" id=\"captcha_input\" name=\"captcha_input\" required>\n\t\t\t\t\t<\/div>\n\t\t\t\t<\/div>\n\t\t\t\t<div class=\"col-xs-4\">\n\t\t\t\t\t<img decoding=\"async\" src=\"data:image\/png;base64,iVBORw0KGgoAAAANSUhEUgAAAFAAAAAeCAIAAAA0IQ7mAAAACXBIWXMAAA7EAAAOxAGVKw4bAAAEFUlEQVRYhe2YTUhqWxTHV8938iOitCwFA4PCskSiBkHkoJSDgZZhgZmzQHGcw6APclKQk3AgVBRBg6gMgz4gCoIGkVLSIDOOWQShQppYhtgdHBBf+XHs3WvQ7TfybNde+\/9n7bXPYRe8vb3B38Q\/Xy0g3\/wY\/i+xWCw\/OvJGWsNnZ2cmkwlFUbfbnU9Bf5q0hhEEub29fXx8DAaD+RT0p\/k33R98Pl+hUBwcHLy+vmbN4nA4JicnA4EAj8fTaDRtbW0AsLm5ub+\/jyAIiqJisfh3qv4fZOphKpUKAC8vL1mzNDU1jYyMhEKh9vZ23C0AyOXyaDRaV1f3zq3f77dYLEql0mQyAYDNZuvp6RGLxYeHh+nyYxhmMBhEIpFYLB4fH49EIkS8pSS74Wg0SiSRUChks9l7e3uJEZ\/P53Q6lUrlu0ifz9fS0oJhGAAsLi4Gg0GLxUImk41GYzwe\/5j59PRUo9HIZLLt7W2dTme1Wqenp4lISkkmw4WFhUCswjgoijqdzvv7e\/xxfX29o6OjpKTkXVh9fX1tbS0AeDweBEHUajWTyZTJZH6\/PzE3mampKYFAIBKJaDSaUqkUCAQZ9kJWMhmmUCgAQKSHcaRSKQDs7u4CQDwet1qt\/f39KSNxY5FIRKVS4SNcLhcf+RhssVjMZnPikUqlMplMgpI+kskwmUyGXCpcU1NTXV29s7MDAEdHR6WlpY2NjSkjvV4vAGi12sQIjUYDgJROiouLE7\/Pz88vLi4MBgNBSR\/JXmGCPYwjlUpdLheGYWtra319fenCMAwrKipqbm5OjDw9PVVVVdHp9HRT7u7uZmZm9Hr98PBw8sRc+Z09DAAoigLA0tKS0+nEd3hKPB5PRUVF8ojX65VIJBkyh0IhFoslFArHxsYmJiaIS3pHli1dUFBAvIcBgMPhNDQ0WK3Wrq4uvCNScnV1FQgEks8eu92e6OeU8Pl8lUo1Ozvb3d29sbFxfHxMXFUyWb6lEQTJqcIAIJVKy8vLBwYG0gXEYrGbmxutVru8vLy1tRWJRFZWVmQyGYPBIJIff8+dnJzkpCpBFsMUCiWnHgaA3t5em83GZrPTBXi93lgsxuPxjEbj6uqqQqEgk8lyuZxg\/rKyMgAgkUg5qUqQ9tMSh0Kh5FrhDDsZx+VyAQCXy6XT6fPz8zklBwC73Q4Ara2tuU7EyVJhMpn8\/Pz8udTpuL6+plKpGQ7kZB4eHnQ63eXlJf7ocDhMJpNEIvn0QZ22wi6Xa25uLhwOYxg2Ojo6NDTE4XA+t8Y73G43i8UiGFxZWanX681ms8fjCYfDpaWlarV6cHDw06sX5P9OSy6XMxiMhYWFPK+Lk+8rnng8TiKROjs787xugi+o8Nfyc4n33fkx\/N35Mfzd+esM\/wKygIEYWNs4zQAAAABJRU5ErkJggg==\" alt=\"captcha\" \/>\n\t\t\t\t<\/div>\n\t\t\t<\/div>\n\t\t\t\t\t\t\t<\/div>\n\t\t\t\t\t\n\t\t\t\t\t<div style=\"margin-top:10px\" class=\"wpabstracts form-group\">\n\t\t\t\t\t\t<div class=\"col-sm-12 controls\">\n\t\t\t\t\t\t\t<button id=\"wpabstracts-login\" class=\"btn btn-info btn-block\">\n\t\t\t\t\t\t\t\tLogin\t\t\t\t\t\t\t\t<i class=\"fa fa-spinner fa-spin isloading\"><\/i>\n\t\t\t\t\t\t\t<\/button>\n\t\t\t\t\t\t<\/div>\n\t\t\t\t\t<\/div>\n\n\t\t\t\t\t<div class=\"wpabstracts form-group\">\n\t\t\t\t\t\t<div class=\"wpabstracts col-xs-12\">\n\t\t\t\t\t\t\t<input type=\"checkbox\" id=\"wpabstracts-remember\" value=\"forever\">\n\t\t\t\t\t\t\tRemember Me\t\t\t\t\t\t<\/div>\n\t\t\t\t\t<\/div>\n\n\t\t\t\t\t<div class=\"form-group\">\n\t\t\t\t\t\t<div class=\"col-md-12 control\">\n\t\t\t\t\t\t\t<div style=\"border-top: 1px solid #ccc; padding-top:15px; font-size:14px\">\n\t\t\t\t\t\t\t\t\t\t\t\t\t\t\t<\/div>\n\t\t\t\t\t\t<\/div>\n\t\t\t\t\t<\/div>\n\t\t\t\t\t<input type=\"hidden\" id=\"wpabstracts_login_nonce\" name=\"wpabstracts_login_nonce\" value=\"74272dd78c\" \/><input type=\"hidden\" name=\"_wp_http_referer\" value=\"\/index.php\/wp-json\/wp\/v2\/pages\/980\" \/>\t\t\t\t<\/form>\n\t\t\t<\/div>\n\t\t<\/div>\n\t<\/div>\n<\/div>\n<script type=\"text\/javascript\">\n\tjQuery(document).ready(function() {\n\t\tvar rememberme = localStorage.getItem('wpa_remember');\n\t\tif (rememberme) {\n\t\t\tvar rem = JSON.parse(rememberme);\n\t\t\tjQuery('#wpabstracts-remember').attr('checked', rem.remember);\n\t\t\tif (rem.remember) {\n\t\t\t\tjQuery('#wpabstracts-username').val(rem.username);\n\t\t\t}\n\t\t}\n\n\t\tvar manageLoader = function(show) {\n\t\t\tif (show) {\n\t\t\t\tjQuery('#wpabstracts-login i').removeClass('isloading');\n\t\t\t} else {\n\t\t\t\tjQuery('#wpabstracts-login i').addClass('isloading');\n\t\t\t}\n\t\t};\n\n\t\tjQuery('#wpabstracts-login').on('click', function(e) {\n\t\t\te.preventDefault();\n\t\t\tvar username = jQuery('#wpabstracts-username').val();\n\t\t\tvar password = jQuery('#wpabstracts-password').val();\n\t\t\tvar captcha = jQuery('#captcha_input').val();\n\t\t\tvar hash = jQuery('#captcha_hash').val();\n\t\t\tvar nonce = jQuery('#wpabstracts_login_nonce').val();\n\t\t\tvar remember = jQuery('#wpabstracts-remember').is(':checked');\n\n\t\t\tif (!username || !password) {\n\t\t\t\tjQuery('#wpabstracts-alert').text(wpabstracts.sign_in_msg).show();\n\t\t\t\treturn;\n\t\t\t}\n\n\t\t\tif (hash && !captcha) {\n\t\t\t\tjQuery('#wpabstracts-alert').text(wpabstracts.captcha_required).show();\n\t\t\t\treturn;\n\t\t\t}\n\n\t\t\tvar rememberMe = {\n\t\t\t\t'remember': remember,\n\t\t\t\t'username': username\n\t\t\t};\n\t\t\tlocalStorage.setItem('wpa_remember', JSON.stringify(rememberMe));\n\n\t\t\tmanageLoader(true);\n\n\t\t\tvar ajax_data = {\n\t\t\t\taction: 'wpa_login',\n\t\t\t\tlog: username,\n\t\t\t\tpwd: password,\n\t\t\t\tcaptcha_input: captcha,\n\t\t\t\tcaptcha_hash: hash,\n\t\t\t\trememberme: remember,\n\t\t\t\tnonce\n\t\t\t};\n\n\t\t\tjQuery.ajax({\n\t\t\t\turl: wpabstracts.ajaxurl,\n\t\t\t\ttype: 'POST',\n\t\t\t\tdata: ajax_data,\n\t\t\t\tsuccess: function(data) {\n\t\t\t\t\tif (data.success) {\n\t\t\t\t\t\tjQuery('#wpabstracts-alert')\n\t\t\t\t\t\t\t.removeClass('alert-danger')\n\t\t\t\t\t\t\t.addClass('alert-info')\n\t\t\t\t\t\t\t.text(data.message)\n\t\t\t\t\t\t\t.show();\n\t\t\t\t\t\twindow.location.href = data.redirect;\n\t\t\t\t\t} else {\n\t\t\t\t\t\tjQuery('#wpabstracts-alert').text(data.message).show();\n\t\t\t\t\t\tmanageLoader(false);\n\t\t\t\t\t}\n\t\t\t\t},\n\t\t\t\terror: function(xhr, status) {\n\t\t\t\t\tmanageLoader(false);\n\t\t\t\t\tconsole.log('Login Ajax Error: ', xhr);\n\t\t\t\t}\n\t\t\t});\n\t\t});\n\n\t\t\/\/ Toggle password visibility\n\t\tconst passwordInput = document.getElementById('wpabstracts-password');\n\t\tconst passwordIcon = document.getElementById('password-icon');\n\t\tconst toggle = document.querySelector('.password-toggle');\n\n\t\ttoggle.addEventListener('click', function() {\n\t\t\t\/\/ Toggle password visibility\n\t\t\tif (passwordInput.type === 'password') {\n\t\t\t\tpasswordInput.type = 'text';\n\t\t\t\tpasswordIcon.classList.remove('glyphicon-eye-open');\n\t\t\t\tpasswordIcon.classList.add('glyphicon-eye-close');\n\t\t\t} else {\n\t\t\t\tpasswordInput.type = 'password';\n\t\t\t\tpasswordIcon.classList.remove('glyphicon-eye-close');\n\t\t\t\tpasswordIcon.classList.add('glyphicon-eye-open');\n\t\t\t}\n\t\t});\n\t});\n<\/script><\/p>\n","protected":false},"excerpt":{"rendered":"<p>Bienvenue! La soumission de r\u00e9sum\u00e9 en ligne va maintenant se faire en deux \u00e9tapes. Vous devez d&rsquo;abord cr\u00e9er votre compte \u00e0 la premi\u00e8re \u00e9tape (ignorez cela si c&rsquo;est d\u00e9j\u00e0 fait). Dans la seconde \u00e9tape, vous acc\u00e9derez \u00e0 votre tableau de [&#8230;]<\/p>\n","protected":false},"author":1,"featured_media":0,"parent":0,"menu_order":0,"comment_status":"closed","ping_status":"closed","template":"","meta":{"footnotes":""},"class_list":["post-980","page","type-page","status-publish","hentry"],"_links":{"self":[{"href":"https:\/\/colscitech.edilf.eu\/index.php\/wp-json\/wp\/v2\/pages\/980","targetHints":{"allow":["GET"]}}],"collection":[{"href":"https:\/\/colscitech.edilf.eu\/index.php\/wp-json\/wp\/v2\/pages"}],"about":[{"href":"https:\/\/colscitech.edilf.eu\/index.php\/wp-json\/wp\/v2\/types\/page"}],"author":[{"embeddable":true,"href":"https:\/\/colscitech.edilf.eu\/index.php\/wp-json\/wp\/v2\/users\/1"}],"replies":[{"embeddable":true,"href":"https:\/\/colscitech.edilf.eu\/index.php\/wp-json\/wp\/v2\/comments?post=980"}],"version-history":[{"count":5,"href":"https:\/\/colscitech.edilf.eu\/index.php\/wp-json\/wp\/v2\/pages\/980\/revisions"}],"predecessor-version":[{"id":986,"href":"https:\/\/colscitech.edilf.eu\/index.php\/wp-json\/wp\/v2\/pages\/980\/revisions\/986"}],"wp:attachment":[{"href":"https:\/\/colscitech.edilf.eu\/index.php\/wp-json\/wp\/v2\/media?parent=980"}],"curies":[{"name":"wp","href":"https:\/\/api.w.org\/{rel}","templated":true}]}}